{"id":2486,"date":"2021-06-11T11:42:07","date_gmt":"2021-06-11T09:42:07","guid":{"rendered":"https:\/\/www.pekarnasrnin.cz\/pribeh\/"},"modified":"2022-05-11T16:14:09","modified_gmt":"2022-05-11T14:14:09","slug":"geschichte","status":"publish","type":"page","link":"https:\/\/www.pekarnasrnin.cz\/de\/geschichte\/","title":{"rendered":"Geschichte"},"content":{"rendered":"<div class=\"wpb-content-wrapper\"><p>[vc_row full_width=&#8221;stretch_row&#8221; el_id=&#8221;pribeh-bg&#8221;][vc_column][vc_column_text css=&#8221;.vc_custom_1652185601066{padding-top: 35px !important;}&#8221;]<a href=\"https:\/\/www.pekarnasrnin.cz\/de\/geschichte\/\"><span style=\"color: #daba84;\">\u00dcBER UNS<\/span>\u00a0<\/a> \u00a0 <span style=\"color: #daba84;\">&gt;<\/span>\u00a0 \u00a0<span style=\"color: #6b3c0a;\">GESCHICHTE<\/span>[\/vc_column_text][vc_column_text]<\/p>\n<h2 style=\"text-align: center; font-size: 48px; font-family: 'Microbrew'!important; color: #6b3c0a;\">UNSERE GESCHICHTE<\/h2>\n<p style=\"text-align: center; color: #6b3c0a;\">Wir f\u00fchren die besten Traditionen des ehrlichen B\u00e4ckerhandwerks fort. Jeden Tag<br \/>\nbereiten wir f\u00fcr Sie eine breite Palette von Back- und Konditoreiprodukten zu.<\/p>\n<p>[\/vc_column_text][vc_column_text]<img loading=\"lazy\" decoding=\"async\" class=\"aligncenter size-full wp-image-636\" src=\"http:\/\/www.pekarnasrnin.cz\/wp-content\/uploads\/2021\/06\/oddelovac-nas-pribeh.png\" alt=\"\" width=\"566\" height=\"19\" srcset=\"https:\/\/www.pekarnasrnin.cz\/wp-content\/uploads\/2021\/06\/oddelovac-nas-pribeh.png 566w, https:\/\/www.pekarnasrnin.cz\/wp-content\/uploads\/2021\/06\/oddelovac-nas-pribeh-300x10.png 300w\" sizes=\"auto, (max-width: 566px) 100vw, 566px\" \/>[\/vc_column_text][vc_row_inner content_placement=&#8221;middle&#8221;][vc_column_inner width=&#8221;1\/2&#8243;][vc_column_text]<img loading=\"lazy\" decoding=\"async\" src=\"https:\/\/www.pekarnasrnin.cz\/wp-content\/uploads\/2022\/05\/backerei-kopie.png\" alt=\"\" width=\"128\" height=\"72\" \/><\/p>\n<p style=\"color: #6b3c0a; padding-left: 30px;\">In den malerischen Ausl\u00e4ufern des B\u00f6hmerwaldes, in der N\u00e4he des Berges Klet&#8217; und nicht weit entfernt von \u010cesk\u00fd Krumlov, einem prestigetr\u00e4chtigen UNESCO-Weltkulturerbe, liegt das Dorf Srn\u00edn. Hier wurde 1956 mit dem Bau der B\u00e4ckerei begonnen, die im Herbst 1960 offiziell ihren Betrieb aufnahm.<\/p>\n<p style=\"color: #6b3c0a; padding-left: 30px;\">Damals gab es einen dreistufigen, mit Holz und Kohle beheizten Dampfbackofen, eine Walzmaschine, einen automatischen Teigteiler und eine H\u00f6rnchenwickelmaschine der Marke Maxim. Holz und Kohle wurden mit der Eisenbahn angeliefert. Die hier handgepressten Produkte erfreuten sich bei den Kunden schnell gro\u00dfer Beliebtheit, so dass die Kapazit\u00e4t des Werks bald nicht mehr ausreichte, um die Nachfrage zu decken.<\/p>\n<p>[\/vc_column_text][\/vc_column_inner][vc_column_inner width=&#8221;1\/2&#8243;][vc_column_text css=&#8221;.vc_custom_1623411901072{padding-top: 30px !important;}&#8221;]<img loading=\"lazy\" decoding=\"async\" class=\"size-full wp-image-639 aligncenter\" src=\"http:\/\/www.pekarnasrnin.cz\/wp-content\/uploads\/2021\/06\/pekarna-srnin-historie.jpg\" alt=\"\" width=\"667\" height=\"440\" srcset=\"https:\/\/www.pekarnasrnin.cz\/wp-content\/uploads\/2021\/06\/pekarna-srnin-historie.jpg 667w, https:\/\/www.pekarnasrnin.cz\/wp-content\/uploads\/2021\/06\/pekarna-srnin-historie-300x198.jpg 300w\" sizes=\"auto, (max-width: 667px) 100vw, 667px\" \/>[\/vc_column_text][\/vc_column_inner][\/vc_row_inner][vc_column_text css=&#8221;.vc_custom_1623412120947{padding-top: 20px !important;padding-bottom: 20px !important;}&#8221;]<img loading=\"lazy\" decoding=\"async\" class=\"aligncenter size-full wp-image-636\" src=\"http:\/\/www.pekarnasrnin.cz\/wp-content\/uploads\/2021\/06\/oddelovac-nas-pribeh.png\" alt=\"\" width=\"566\" height=\"19\" srcset=\"https:\/\/www.pekarnasrnin.cz\/wp-content\/uploads\/2021\/06\/oddelovac-nas-pribeh.png 566w, https:\/\/www.pekarnasrnin.cz\/wp-content\/uploads\/2021\/06\/oddelovac-nas-pribeh-300x10.png 300w\" sizes=\"auto, (max-width: 566px) 100vw, 566px\" \/>[\/vc_column_text][vc_row_inner content_placement=&#8221;middle&#8221; css=&#8221;.vc_custom_1652185527456{padding-bottom: 40px !important;}&#8221;][vc_column_inner width=&#8221;1\/2&#8243;][vc_column_text css=&#8221;.vc_custom_1623412433530{padding-top: 50px !important;}&#8221;]<img loading=\"lazy\" decoding=\"async\" class=\"size-full wp-image-649\" src=\"http:\/\/www.pekarnasrnin.cz\/wp-content\/uploads\/2021\/06\/rozsireni-provozu-scaled.jpg\" alt=\"\" width=\"2560\" height=\"1707\" srcset=\"https:\/\/www.pekarnasrnin.cz\/wp-content\/uploads\/2021\/06\/rozsireni-provozu-scaled.jpg 2560w, https:\/\/www.pekarnasrnin.cz\/wp-content\/uploads\/2021\/06\/rozsireni-provozu-scaled-300x200.jpg 300w, https:\/\/www.pekarnasrnin.cz\/wp-content\/uploads\/2021\/06\/rozsireni-provozu-scaled-1024x683.jpg 1024w\" sizes=\"auto, (max-width: 2560px) 100vw, 2560px\" \/>[\/vc_column_text][\/vc_column_inner][vc_column_inner width=&#8221;1\/2&#8243;][vc_column_text]<img loading=\"lazy\" decoding=\"async\" src=\"https:\/\/www.pekarnasrnin.cz\/wp-content\/uploads\/2022\/05\/vyplatilo-se-srnin.png\" alt=\"\" width=\"424\" height=\"112\" \/><\/p>\n<p style=\"color: #6b3c0a; padding-left: 35px;\">W\u00e4hrend die B\u00e4ckereien in den umliegenden D\u00f6rfern geschlossen wurden, beschloss Srn\u00edn bald, ihren Betrieb zu erweitern und ein neues Geb\u00e4ude zu bauen. Und es hat sich ausgezahlt. So produzierte die B\u00e4ckerei, die damals 85 Mitarbeiter besch\u00e4ftigte, im Jahr 1965 3 198 Tonnen Brot, 910 Tonnen herk\u00f6mmliches und 390 Tonnen Feingeb\u00e4ck. Im Jahr 1987 produzierte sie 5 000 Tonnen Brot aller Art, 55 Tonnen dunkle Br\u00f6tchen und 47 Tonnen Konditorwaren, darunter 3 Tonnen Bl\u00e4tterteigr\u00f6hrchen.<\/p>\n<p style=\"color: #6b3c0a; padding-left: 35px;\">Nach dem Wandel der gesellschaftlichen Verh\u00e4ltnisse warteten neue Herausforderungen auf die B\u00e4ckerei Srn\u00edn. Zu Beginn der 1990er Jahre wurde sie privatisiert. Eine der Hauptaufgaben damals war es, die Kunst und den Ruf der s\u00fcdb\u00f6hmischen B\u00e4cker und Konditoren mit den aktuellen Bedingungen und Anforderungen der Zeit in Einklang zu bringen. Das ist auch heute noch so.<\/p>\n<p>[\/vc_column_text][\/vc_column_inner][\/vc_row_inner][\/vc_column][\/vc_row]<\/p>\n<\/div>","protected":false},"excerpt":{"rendered":"<p>[vc_row full_width=&#8221;stretch_row&#8221; el_id=&#8221;pribeh-bg&#8221;][vc_column][vc_column_text css=&#8221;.vc_custom_1652185601066{padding-top: 35px !important;}&#8221;]\u00dcBER UNS\u00a0 \u00a0 &gt;\u00a0 \u00a0GESCHICHTE[\/vc_column_text][vc_column_text] UNSERE GESCHICHTE Wir f\u00fchren die besten Traditionen des ehrlichen B\u00e4ckerhandwerks fort. Jeden Tag bereiten wir f\u00fcr Sie eine breite Palette von Back- und Konditoreiprodukten zu. [\/vc_column_text][vc_column_text][\/vc_column_text][vc_row_inner content_placement=&#8221;middle&#8221;][vc_column_inner width=&#8221;1\/2&#8243;][vc_column_text] In den malerischen Ausl\u00e4ufern des B\u00f6hmerwaldes, in&nbsp;<a href=\"https:\/\/www.pekarnasrnin.cz\/de\/geschichte\/\">&hellip;<\/a><\/p>\n","protected":false},"author":1,"featured_media":0,"parent":0,"menu_order":0,"comment_status":"closed","ping_status":"closed","template":"template-fullwidth.php","meta":{"_monsterinsights_skip_tracking":false,"_monsterinsights_sitenote_active":false,"_monsterinsights_sitenote_note":"","_monsterinsights_sitenote_category":0,"footnotes":""},"class_list":["post-2486","page","type-page","status-publish","hentry","odd"],"yoast_head":"<!-- This site is optimized with the Yoast SEO plugin v17.7.1 - https:\/\/yoast.com\/wordpress\/plugins\/seo\/ -->\n<title>Unsere geschichte | Pek\u00e1rna Srn\u00edn<\/title>\n<meta name=\"description\" content=\"Wir f\u00fchren die besten Traditionen des ehrlichen B\u00e4ckerhandwerks fort. Jeden Tag Bereiten wir f\u00fcr Sie eine breite Palette von produkten zu.\" \/>\n<meta name=\"robots\" content=\"index, follow, max-snippet:-1, max-image-preview:large, max-video-preview:-1\" \/>\n<link rel=\"canonical\" href=\"https:\/\/www.pekarnasrnin.cz\/de\/geschichte\/\" \/>\n<meta property=\"og:locale\" content=\"de_DE\" \/>\n<meta property=\"og:type\" content=\"article\" \/>\n<meta property=\"og:title\" content=\"Unsere geschichte | Pek\u00e1rna Srn\u00edn\" \/>\n<meta property=\"og:description\" content=\"Wir f\u00fchren die besten Traditionen des ehrlichen B\u00e4ckerhandwerks fort. Jeden Tag Bereiten wir f\u00fcr Sie eine breite Palette von produkten zu.\" \/>\n<meta property=\"og:url\" content=\"https:\/\/www.pekarnasrnin.cz\/de\/geschichte\/\" \/>\n<meta property=\"og:site_name\" content=\"Pek\u00e1rna Srn\u00edn\" \/>\n<meta property=\"article:publisher\" content=\"https:\/\/www.facebook.com\/pekarnasrnin\/\" \/>\n<meta property=\"article:modified_time\" content=\"2022-05-11T14:14:09+00:00\" \/>\n<meta property=\"og:image\" content=\"https:\/\/www.pekarnasrnin.cz\/wp-content\/uploads\/2021\/06\/pekarna-srnin-img.jpg\" \/>\n\t<meta property=\"og:image:width\" content=\"1920\" \/>\n\t<meta property=\"og:image:height\" content=\"645\" \/>\n<meta name=\"twitter:card\" content=\"summary_large_image\" \/>\n<meta name=\"twitter:label1\" content=\"Gesch\u00e4tzte Lesezeit\" \/>\n\t<meta name=\"twitter:data1\" content=\"3\u00a0Minuten\" \/>\n<script type=\"application\/ld+json\" class=\"yoast-schema-graph\">{\"@context\":\"https:\/\/schema.org\",\"@graph\":[{\"@type\":\"Organization\",\"@id\":\"https:\/\/www.pekarnasrnin.cz\/#organization\",\"name\":\"Pek\\u00e1rna Srn\\u00edn\",\"url\":\"https:\/\/www.pekarnasrnin.cz\/\",\"sameAs\":[\"https:\/\/www.facebook.com\/pekarnasrnin\/\"],\"logo\":{\"@type\":\"ImageObject\",\"@id\":\"https:\/\/www.pekarnasrnin.cz\/#logo\",\"inLanguage\":\"de\",\"url\":\"http:\/\/www.pekarnasrnin.cz\/wp-content\/uploads\/2021\/06\/pekarna-srnin-logo.png\",\"contentUrl\":\"http:\/\/www.pekarnasrnin.cz\/wp-content\/uploads\/2021\/06\/pekarna-srnin-logo.png\",\"width\":172,\"height\":182,\"caption\":\"Pek\\u00e1rna Srn\\u00edn\"},\"image\":{\"@id\":\"https:\/\/www.pekarnasrnin.cz\/#logo\"}},{\"@type\":\"WebSite\",\"@id\":\"https:\/\/www.pekarnasrnin.cz\/#website\",\"url\":\"https:\/\/www.pekarnasrnin.cz\/\",\"name\":\"Pek\\u00e1rna Srn\\u00edn\",\"description\":\"navazujeme na poctiv\\u00e9 peka\\u0159sk\\u00e9 \\u0159emeslo\",\"publisher\":{\"@id\":\"https:\/\/www.pekarnasrnin.cz\/#organization\"},\"potentialAction\":[{\"@type\":\"SearchAction\",\"target\":{\"@type\":\"EntryPoint\",\"urlTemplate\":\"https:\/\/www.pekarnasrnin.cz\/?s={search_term_string}\"},\"query-input\":\"required name=search_term_string\"}],\"inLanguage\":\"de\"},{\"@type\":\"ImageObject\",\"@id\":\"https:\/\/www.pekarnasrnin.cz\/de\/geschichte\/#primaryimage\",\"inLanguage\":\"de\",\"url\":\"https:\/\/www.pekarnasrnin.cz\/wp-content\/uploads\/2021\/06\/pekarna-srnin-img.jpg\",\"contentUrl\":\"https:\/\/www.pekarnasrnin.cz\/wp-content\/uploads\/2021\/06\/pekarna-srnin-img.jpg\",\"width\":1920,\"height\":645},{\"@type\":\"WebPage\",\"@id\":\"https:\/\/www.pekarnasrnin.cz\/de\/geschichte\/#webpage\",\"url\":\"https:\/\/www.pekarnasrnin.cz\/de\/geschichte\/\",\"name\":\"Unsere geschichte | Pek\\u00e1rna Srn\\u00edn\",\"isPartOf\":{\"@id\":\"https:\/\/www.pekarnasrnin.cz\/#website\"},\"primaryImageOfPage\":{\"@id\":\"https:\/\/www.pekarnasrnin.cz\/de\/geschichte\/#primaryimage\"},\"datePublished\":\"2021-06-11T09:42:07+00:00\",\"dateModified\":\"2022-05-11T14:14:09+00:00\",\"description\":\"Wir f\\u00fchren die besten Traditionen des ehrlichen B\\u00e4ckerhandwerks fort. Jeden Tag Bereiten wir f\\u00fcr Sie eine breite Palette von produkten zu.\",\"breadcrumb\":{\"@id\":\"https:\/\/www.pekarnasrnin.cz\/de\/geschichte\/#breadcrumb\"},\"inLanguage\":\"de\",\"potentialAction\":[{\"@type\":\"ReadAction\",\"target\":[\"https:\/\/www.pekarnasrnin.cz\/de\/geschichte\/\"]}]},{\"@type\":\"BreadcrumbList\",\"@id\":\"https:\/\/www.pekarnasrnin.cz\/de\/geschichte\/#breadcrumb\",\"itemListElement\":[{\"@type\":\"ListItem\",\"position\":1,\"name\":\"Dom\\u016f\",\"item\":\"https:\/\/www.pekarnasrnin.cz\/de\/\"},{\"@type\":\"ListItem\",\"position\":2,\"name\":\"Geschichte\"}]}]}<\/script>\n<!-- \/ Yoast SEO plugin. -->","yoast_head_json":{"title":"Unsere geschichte | Pek\u00e1rna Srn\u00edn","description":"Wir f\u00fchren die besten Traditionen des ehrlichen B\u00e4ckerhandwerks fort. Jeden Tag Bereiten wir f\u00fcr Sie eine breite Palette von produkten zu.","robots":{"index":"index","follow":"follow","max-snippet":"max-snippet:-1","max-image-preview":"max-image-preview:large","max-video-preview":"max-video-preview:-1"},"canonical":"https:\/\/www.pekarnasrnin.cz\/de\/geschichte\/","og_locale":"de_DE","og_type":"article","og_title":"Unsere geschichte | Pek\u00e1rna Srn\u00edn","og_description":"Wir f\u00fchren die besten Traditionen des ehrlichen B\u00e4ckerhandwerks fort. Jeden Tag Bereiten wir f\u00fcr Sie eine breite Palette von produkten zu.","og_url":"https:\/\/www.pekarnasrnin.cz\/de\/geschichte\/","og_site_name":"Pek\u00e1rna Srn\u00edn","article_publisher":"https:\/\/www.facebook.com\/pekarnasrnin\/","article_modified_time":"2022-05-11T14:14:09+00:00","og_image":[{"width":1920,"height":645,"url":"https:\/\/www.pekarnasrnin.cz\/wp-content\/uploads\/2021\/06\/pekarna-srnin-img.jpg","type":"image\/jpeg"}],"twitter_card":"summary_large_image","twitter_misc":{"Gesch\u00e4tzte Lesezeit":"3\u00a0Minuten"},"schema":{"@context":"https:\/\/schema.org","@graph":[{"@type":"Organization","@id":"https:\/\/www.pekarnasrnin.cz\/#organization","name":"Pek\u00e1rna Srn\u00edn","url":"https:\/\/www.pekarnasrnin.cz\/","sameAs":["https:\/\/www.facebook.com\/pekarnasrnin\/"],"logo":{"@type":"ImageObject","@id":"https:\/\/www.pekarnasrnin.cz\/#logo","inLanguage":"de","url":"http:\/\/www.pekarnasrnin.cz\/wp-content\/uploads\/2021\/06\/pekarna-srnin-logo.png","contentUrl":"http:\/\/www.pekarnasrnin.cz\/wp-content\/uploads\/2021\/06\/pekarna-srnin-logo.png","width":172,"height":182,"caption":"Pek\u00e1rna Srn\u00edn"},"image":{"@id":"https:\/\/www.pekarnasrnin.cz\/#logo"}},{"@type":"WebSite","@id":"https:\/\/www.pekarnasrnin.cz\/#website","url":"https:\/\/www.pekarnasrnin.cz\/","name":"Pek\u00e1rna Srn\u00edn","description":"navazujeme na poctiv\u00e9 peka\u0159sk\u00e9 \u0159emeslo","publisher":{"@id":"https:\/\/www.pekarnasrnin.cz\/#organization"},"potentialAction":[{"@type":"SearchAction","target":{"@type":"EntryPoint","urlTemplate":"https:\/\/www.pekarnasrnin.cz\/?s={search_term_string}"},"query-input":"required name=search_term_string"}],"inLanguage":"de"},{"@type":"ImageObject","@id":"https:\/\/www.pekarnasrnin.cz\/de\/geschichte\/#primaryimage","inLanguage":"de","url":"https:\/\/www.pekarnasrnin.cz\/wp-content\/uploads\/2021\/06\/pekarna-srnin-img.jpg","contentUrl":"https:\/\/www.pekarnasrnin.cz\/wp-content\/uploads\/2021\/06\/pekarna-srnin-img.jpg","width":1920,"height":645},{"@type":"WebPage","@id":"https:\/\/www.pekarnasrnin.cz\/de\/geschichte\/#webpage","url":"https:\/\/www.pekarnasrnin.cz\/de\/geschichte\/","name":"Unsere geschichte | Pek\u00e1rna Srn\u00edn","isPartOf":{"@id":"https:\/\/www.pekarnasrnin.cz\/#website"},"primaryImageOfPage":{"@id":"https:\/\/www.pekarnasrnin.cz\/de\/geschichte\/#primaryimage"},"datePublished":"2021-06-11T09:42:07+00:00","dateModified":"2022-05-11T14:14:09+00:00","description":"Wir f\u00fchren die besten Traditionen des ehrlichen B\u00e4ckerhandwerks fort. Jeden Tag Bereiten wir f\u00fcr Sie eine breite Palette von produkten zu.","breadcrumb":{"@id":"https:\/\/www.pekarnasrnin.cz\/de\/geschichte\/#breadcrumb"},"inLanguage":"de","potentialAction":[{"@type":"ReadAction","target":["https:\/\/www.pekarnasrnin.cz\/de\/geschichte\/"]}]},{"@type":"BreadcrumbList","@id":"https:\/\/www.pekarnasrnin.cz\/de\/geschichte\/#breadcrumb","itemListElement":[{"@type":"ListItem","position":1,"name":"Dom\u016f","item":"https:\/\/www.pekarnasrnin.cz\/de\/"},{"@type":"ListItem","position":2,"name":"Geschichte"}]}]}},"_links":{"self":[{"href":"https:\/\/www.pekarnasrnin.cz\/de\/wp-json\/wp\/v2\/pages\/2486","targetHints":{"allow":["GET"]}}],"collection":[{"href":"https:\/\/www.pekarnasrnin.cz\/de\/wp-json\/wp\/v2\/pages"}],"about":[{"href":"https:\/\/www.pekarnasrnin.cz\/de\/wp-json\/wp\/v2\/types\/page"}],"author":[{"embeddable":true,"href":"https:\/\/www.pekarnasrnin.cz\/de\/wp-json\/wp\/v2\/users\/1"}],"replies":[{"embeddable":true,"href":"https:\/\/www.pekarnasrnin.cz\/de\/wp-json\/wp\/v2\/comments?post=2486"}],"version-history":[{"count":7,"href":"https:\/\/www.pekarnasrnin.cz\/de\/wp-json\/wp\/v2\/pages\/2486\/revisions"}],"predecessor-version":[{"id":2726,"href":"https:\/\/www.pekarnasrnin.cz\/de\/wp-json\/wp\/v2\/pages\/2486\/revisions\/2726"}],"wp:attachment":[{"href":"https:\/\/www.pekarnasrnin.cz\/de\/wp-json\/wp\/v2\/media?parent=2486"}],"curies":[{"name":"wp","href":"https:\/\/api.w.org\/{rel}","templated":true}]}}