{"id":2517,"date":"2021-11-04T13:42:42","date_gmt":"2021-11-04T12:42:42","guid":{"rendered":"https:\/\/www.pekarnasrnin.cz\/kariera\/"},"modified":"2022-05-11T16:15:48","modified_gmt":"2022-05-11T14:15:48","slug":"karriere","status":"publish","type":"page","link":"https:\/\/www.pekarnasrnin.cz\/de\/karriere\/","title":{"rendered":"Karriere"},"content":{"rendered":"<div class=\"wpb-content-wrapper\"><p>[vc_row full_width=&#8221;stretch_row&#8221; el_id=&#8221;pribeh-bg&#8221;][vc_column][vc_column_text css=&#8221;.vc_custom_1652186965476{padding-top: 35px !important;}&#8221;]<a href=\"https:\/\/www.pekarnasrnin.cz\/de\/geschichte\/\"><span style=\"color: #daba84;\">\u00dcBER UNS<\/span>\u00a0<\/a> \u00a0 <span style=\"color: #daba84;\">&gt;<\/span>\u00a0 \u00a0<span style=\"color: #6b3c0a;\">KARRIERE<\/span>[\/vc_column_text][vc_column_text]<\/p>\n<h2 style=\"text-align: center; font-size: 48px; font-family: 'Microbrew'!important; color: #6b3c0a;\">KARRIERE<\/h2>\n<p style=\"text-align: center; color: #6b3c0a;\">Wir suchen neue Kolleginnen und Kollegen f\u00fcr die Arbeit in der s\u00fcdb\u00f6hmischen B\u00e4ckerei Srn\u00edn.<br \/>\nWerfen Sie einen Blick auf unsere Anzeigen und z\u00f6gern Sie nicht, die Personalabteilung zu kontaktieren:<br \/>\nIng. Ivana Tenklov\u00e1, Tel. <span style=\"font-weight: 600;\">380 701 018<\/span>, E-Mail: <span style=\"font-weight: 600;\">personalni@pekarnasrnin.cz<\/span><\/p>\n<p>[\/vc_column_text][vc_column_text]<img loading=\"lazy\" decoding=\"async\" class=\"aligncenter size-full wp-image-636\" src=\"http:\/\/www.pekarnasrnin.cz\/wp-content\/uploads\/2021\/06\/oddelovac-nas-pribeh.png\" alt=\"\" width=\"566\" height=\"19\" srcset=\"https:\/\/www.pekarnasrnin.cz\/wp-content\/uploads\/2021\/06\/oddelovac-nas-pribeh.png 566w, https:\/\/www.pekarnasrnin.cz\/wp-content\/uploads\/2021\/06\/oddelovac-nas-pribeh-300x10.png 300w\" sizes=\"auto, (max-width: 566px) 100vw, 566px\" \/>[\/vc_column_text][vc_row_inner css=&#8221;.vc_custom_1636116077899{padding-bottom: 50px !important;}&#8221;][vc_column_inner][vc_single_image image=&#8221;1458&#8243; img_size=&#8221;full&#8221; alignment=&#8221;center&#8221;][vc_single_image image=&#8221;1457&#8243; img_size=&#8221;full&#8221; alignment=&#8221;center&#8221;][\/vc_column_inner][\/vc_row_inner][\/vc_column][\/vc_row]<\/p>\n<\/div>","protected":false},"excerpt":{"rendered":"<p>[vc_row full_width=&#8221;stretch_row&#8221; el_id=&#8221;pribeh-bg&#8221;][vc_column][vc_column_text css=&#8221;.vc_custom_1652186965476{padding-top: 35px !important;}&#8221;]\u00dcBER UNS\u00a0 \u00a0 &gt;\u00a0 \u00a0KARRIERE[\/vc_column_text][vc_column_text] KARRIERE Wir suchen neue Kolleginnen und Kollegen f\u00fcr die Arbeit in der s\u00fcdb\u00f6hmischen B\u00e4ckerei Srn\u00edn. Werfen Sie einen Blick auf unsere Anzeigen und z\u00f6gern Sie nicht, die Personalabteilung zu kontaktieren: Ing. Ivana Tenklov\u00e1, Tel. 380&nbsp;<a href=\"https:\/\/www.pekarnasrnin.cz\/de\/karriere\/\">&hellip;<\/a><\/p>\n","protected":false},"author":1,"featured_media":0,"parent":0,"menu_order":0,"comment_status":"closed","ping_status":"closed","template":"template-fullwidth.php","meta":{"_monsterinsights_skip_tracking":false,"_monsterinsights_sitenote_active":false,"_monsterinsights_sitenote_note":"","_monsterinsights_sitenote_category":0,"footnotes":""},"class_list":["post-2517","page","type-page","status-publish","hentry","odd"],"yoast_head":"<!-- This site is optimized with the Yoast SEO plugin v17.7.1 - https:\/\/yoast.com\/wordpress\/plugins\/seo\/ -->\n<title>Karriere | Pek\u00e1rna Srn\u00edn<\/title>\n<meta name=\"description\" content=\"Wir suchen neue Kolleginnen und Kollegen f\u00fcr die Arbeit in der s\u00fcdb\u00f6hmischen B\u00e4ckerei Srn\u00edn. E-Mail: personalni@pekarnasrnin.cz\" \/>\n<meta name=\"robots\" content=\"index, follow, max-snippet:-1, max-image-preview:large, max-video-preview:-1\" \/>\n<link rel=\"canonical\" href=\"https:\/\/www.pekarnasrnin.cz\/de\/karriere\/\" \/>\n<meta property=\"og:locale\" content=\"de_DE\" \/>\n<meta property=\"og:type\" content=\"article\" \/>\n<meta property=\"og:title\" content=\"Karriere | Pek\u00e1rna Srn\u00edn\" \/>\n<meta property=\"og:description\" content=\"Wir suchen neue Kolleginnen und Kollegen f\u00fcr die Arbeit in der s\u00fcdb\u00f6hmischen B\u00e4ckerei Srn\u00edn. E-Mail: personalni@pekarnasrnin.cz\" \/>\n<meta property=\"og:url\" content=\"https:\/\/www.pekarnasrnin.cz\/de\/karriere\/\" \/>\n<meta property=\"og:site_name\" content=\"Pek\u00e1rna Srn\u00edn\" \/>\n<meta property=\"article:publisher\" content=\"https:\/\/www.facebook.com\/pekarnasrnin\/\" \/>\n<meta property=\"article:modified_time\" content=\"2022-05-11T14:15:48+00:00\" \/>\n<meta property=\"og:image\" content=\"https:\/\/www.pekarnasrnin.cz\/wp-content\/uploads\/2021\/06\/pekarna-srnin-img.jpg\" \/>\n\t<meta property=\"og:image:width\" content=\"1920\" \/>\n\t<meta property=\"og:image:height\" content=\"645\" \/>\n<meta name=\"twitter:card\" content=\"summary_large_image\" \/>\n<meta name=\"twitter:label1\" content=\"Gesch\u00e4tzte Lesezeit\" \/>\n\t<meta name=\"twitter:data1\" content=\"1\u00a0Minute\" \/>\n<script type=\"application\/ld+json\" class=\"yoast-schema-graph\">{\"@context\":\"https:\/\/schema.org\",\"@graph\":[{\"@type\":\"Organization\",\"@id\":\"https:\/\/www.pekarnasrnin.cz\/#organization\",\"name\":\"Pek\\u00e1rna Srn\\u00edn\",\"url\":\"https:\/\/www.pekarnasrnin.cz\/\",\"sameAs\":[\"https:\/\/www.facebook.com\/pekarnasrnin\/\"],\"logo\":{\"@type\":\"ImageObject\",\"@id\":\"https:\/\/www.pekarnasrnin.cz\/#logo\",\"inLanguage\":\"de\",\"url\":\"http:\/\/www.pekarnasrnin.cz\/wp-content\/uploads\/2021\/06\/pekarna-srnin-logo.png\",\"contentUrl\":\"http:\/\/www.pekarnasrnin.cz\/wp-content\/uploads\/2021\/06\/pekarna-srnin-logo.png\",\"width\":172,\"height\":182,\"caption\":\"Pek\\u00e1rna Srn\\u00edn\"},\"image\":{\"@id\":\"https:\/\/www.pekarnasrnin.cz\/#logo\"}},{\"@type\":\"WebSite\",\"@id\":\"https:\/\/www.pekarnasrnin.cz\/#website\",\"url\":\"https:\/\/www.pekarnasrnin.cz\/\",\"name\":\"Pek\\u00e1rna Srn\\u00edn\",\"description\":\"navazujeme na poctiv\\u00e9 peka\\u0159sk\\u00e9 \\u0159emeslo\",\"publisher\":{\"@id\":\"https:\/\/www.pekarnasrnin.cz\/#organization\"},\"potentialAction\":[{\"@type\":\"SearchAction\",\"target\":{\"@type\":\"EntryPoint\",\"urlTemplate\":\"https:\/\/www.pekarnasrnin.cz\/?s={search_term_string}\"},\"query-input\":\"required name=search_term_string\"}],\"inLanguage\":\"de\"},{\"@type\":\"ImageObject\",\"@id\":\"https:\/\/www.pekarnasrnin.cz\/de\/karriere\/#primaryimage\",\"inLanguage\":\"de\",\"url\":\"https:\/\/www.pekarnasrnin.cz\/wp-content\/uploads\/2021\/06\/pekarna-srnin-img.jpg\",\"contentUrl\":\"https:\/\/www.pekarnasrnin.cz\/wp-content\/uploads\/2021\/06\/pekarna-srnin-img.jpg\",\"width\":1920,\"height\":645},{\"@type\":\"WebPage\",\"@id\":\"https:\/\/www.pekarnasrnin.cz\/de\/karriere\/#webpage\",\"url\":\"https:\/\/www.pekarnasrnin.cz\/de\/karriere\/\",\"name\":\"Karriere | Pek\\u00e1rna Srn\\u00edn\",\"isPartOf\":{\"@id\":\"https:\/\/www.pekarnasrnin.cz\/#website\"},\"primaryImageOfPage\":{\"@id\":\"https:\/\/www.pekarnasrnin.cz\/de\/karriere\/#primaryimage\"},\"datePublished\":\"2021-11-04T12:42:42+00:00\",\"dateModified\":\"2022-05-11T14:15:48+00:00\",\"description\":\"Wir suchen neue Kolleginnen und Kollegen f\\u00fcr die Arbeit in der s\\u00fcdb\\u00f6hmischen B\\u00e4ckerei Srn\\u00edn. E-Mail: personalni@pekarnasrnin.cz\",\"breadcrumb\":{\"@id\":\"https:\/\/www.pekarnasrnin.cz\/de\/karriere\/#breadcrumb\"},\"inLanguage\":\"de\",\"potentialAction\":[{\"@type\":\"ReadAction\",\"target\":[\"https:\/\/www.pekarnasrnin.cz\/de\/karriere\/\"]}]},{\"@type\":\"BreadcrumbList\",\"@id\":\"https:\/\/www.pekarnasrnin.cz\/de\/karriere\/#breadcrumb\",\"itemListElement\":[{\"@type\":\"ListItem\",\"position\":1,\"name\":\"Dom\\u016f\",\"item\":\"https:\/\/www.pekarnasrnin.cz\/de\/\"},{\"@type\":\"ListItem\",\"position\":2,\"name\":\"Karriere\"}]}]}<\/script>\n<!-- \/ Yoast SEO plugin. -->","yoast_head_json":{"title":"Karriere | Pek\u00e1rna Srn\u00edn","description":"Wir suchen neue Kolleginnen und Kollegen f\u00fcr die Arbeit in der s\u00fcdb\u00f6hmischen B\u00e4ckerei Srn\u00edn. E-Mail: personalni@pekarnasrnin.cz","robots":{"index":"index","follow":"follow","max-snippet":"max-snippet:-1","max-image-preview":"max-image-preview:large","max-video-preview":"max-video-preview:-1"},"canonical":"https:\/\/www.pekarnasrnin.cz\/de\/karriere\/","og_locale":"de_DE","og_type":"article","og_title":"Karriere | Pek\u00e1rna Srn\u00edn","og_description":"Wir suchen neue Kolleginnen und Kollegen f\u00fcr die Arbeit in der s\u00fcdb\u00f6hmischen B\u00e4ckerei Srn\u00edn. E-Mail: personalni@pekarnasrnin.cz","og_url":"https:\/\/www.pekarnasrnin.cz\/de\/karriere\/","og_site_name":"Pek\u00e1rna Srn\u00edn","article_publisher":"https:\/\/www.facebook.com\/pekarnasrnin\/","article_modified_time":"2022-05-11T14:15:48+00:00","og_image":[{"width":1920,"height":645,"url":"https:\/\/www.pekarnasrnin.cz\/wp-content\/uploads\/2021\/06\/pekarna-srnin-img.jpg","type":"image\/jpeg"}],"twitter_card":"summary_large_image","twitter_misc":{"Gesch\u00e4tzte Lesezeit":"1\u00a0Minute"},"schema":{"@context":"https:\/\/schema.org","@graph":[{"@type":"Organization","@id":"https:\/\/www.pekarnasrnin.cz\/#organization","name":"Pek\u00e1rna Srn\u00edn","url":"https:\/\/www.pekarnasrnin.cz\/","sameAs":["https:\/\/www.facebook.com\/pekarnasrnin\/"],"logo":{"@type":"ImageObject","@id":"https:\/\/www.pekarnasrnin.cz\/#logo","inLanguage":"de","url":"http:\/\/www.pekarnasrnin.cz\/wp-content\/uploads\/2021\/06\/pekarna-srnin-logo.png","contentUrl":"http:\/\/www.pekarnasrnin.cz\/wp-content\/uploads\/2021\/06\/pekarna-srnin-logo.png","width":172,"height":182,"caption":"Pek\u00e1rna Srn\u00edn"},"image":{"@id":"https:\/\/www.pekarnasrnin.cz\/#logo"}},{"@type":"WebSite","@id":"https:\/\/www.pekarnasrnin.cz\/#website","url":"https:\/\/www.pekarnasrnin.cz\/","name":"Pek\u00e1rna Srn\u00edn","description":"navazujeme na poctiv\u00e9 peka\u0159sk\u00e9 \u0159emeslo","publisher":{"@id":"https:\/\/www.pekarnasrnin.cz\/#organization"},"potentialAction":[{"@type":"SearchAction","target":{"@type":"EntryPoint","urlTemplate":"https:\/\/www.pekarnasrnin.cz\/?s={search_term_string}"},"query-input":"required name=search_term_string"}],"inLanguage":"de"},{"@type":"ImageObject","@id":"https:\/\/www.pekarnasrnin.cz\/de\/karriere\/#primaryimage","inLanguage":"de","url":"https:\/\/www.pekarnasrnin.cz\/wp-content\/uploads\/2021\/06\/pekarna-srnin-img.jpg","contentUrl":"https:\/\/www.pekarnasrnin.cz\/wp-content\/uploads\/2021\/06\/pekarna-srnin-img.jpg","width":1920,"height":645},{"@type":"WebPage","@id":"https:\/\/www.pekarnasrnin.cz\/de\/karriere\/#webpage","url":"https:\/\/www.pekarnasrnin.cz\/de\/karriere\/","name":"Karriere | Pek\u00e1rna Srn\u00edn","isPartOf":{"@id":"https:\/\/www.pekarnasrnin.cz\/#website"},"primaryImageOfPage":{"@id":"https:\/\/www.pekarnasrnin.cz\/de\/karriere\/#primaryimage"},"datePublished":"2021-11-04T12:42:42+00:00","dateModified":"2022-05-11T14:15:48+00:00","description":"Wir suchen neue Kolleginnen und Kollegen f\u00fcr die Arbeit in der s\u00fcdb\u00f6hmischen B\u00e4ckerei Srn\u00edn. E-Mail: personalni@pekarnasrnin.cz","breadcrumb":{"@id":"https:\/\/www.pekarnasrnin.cz\/de\/karriere\/#breadcrumb"},"inLanguage":"de","potentialAction":[{"@type":"ReadAction","target":["https:\/\/www.pekarnasrnin.cz\/de\/karriere\/"]}]},{"@type":"BreadcrumbList","@id":"https:\/\/www.pekarnasrnin.cz\/de\/karriere\/#breadcrumb","itemListElement":[{"@type":"ListItem","position":1,"name":"Dom\u016f","item":"https:\/\/www.pekarnasrnin.cz\/de\/"},{"@type":"ListItem","position":2,"name":"Karriere"}]}]}},"_links":{"self":[{"href":"https:\/\/www.pekarnasrnin.cz\/de\/wp-json\/wp\/v2\/pages\/2517","targetHints":{"allow":["GET"]}}],"collection":[{"href":"https:\/\/www.pekarnasrnin.cz\/de\/wp-json\/wp\/v2\/pages"}],"about":[{"href":"https:\/\/www.pekarnasrnin.cz\/de\/wp-json\/wp\/v2\/types\/page"}],"author":[{"embeddable":true,"href":"https:\/\/www.pekarnasrnin.cz\/de\/wp-json\/wp\/v2\/users\/1"}],"replies":[{"embeddable":true,"href":"https:\/\/www.pekarnasrnin.cz\/de\/wp-json\/wp\/v2\/comments?post=2517"}],"version-history":[{"count":2,"href":"https:\/\/www.pekarnasrnin.cz\/de\/wp-json\/wp\/v2\/pages\/2517\/revisions"}],"predecessor-version":[{"id":2519,"href":"https:\/\/www.pekarnasrnin.cz\/de\/wp-json\/wp\/v2\/pages\/2517\/revisions\/2519"}],"wp:attachment":[{"href":"https:\/\/www.pekarnasrnin.cz\/de\/wp-json\/wp\/v2\/media?parent=2517"}],"curies":[{"name":"wp","href":"https:\/\/api.w.org\/{rel}","templated":true}]}}