{"id":2523,"date":"2021-11-04T13:39:26","date_gmt":"2021-11-04T12:39:26","guid":{"rendered":"https:\/\/www.pekarnasrnin.cz\/ke-stazeni\/"},"modified":"2022-05-11T16:16:54","modified_gmt":"2022-05-11T14:16:54","slug":"herunterladen","status":"publish","type":"page","link":"https:\/\/www.pekarnasrnin.cz\/de\/herunterladen\/","title":{"rendered":"Herunterladen"},"content":{"rendered":"<div class=\"wpb-content-wrapper\"><p>[vc_row full_width=&#8221;stretch_row&#8221; el_id=&#8221;produkty&#8221;][vc_column][vc_column_text css=&#8221;.vc_custom_1652187482482{padding-top: 35px !important;}&#8221;]<a href=\"https:\/\/www.pekarnasrnin.cz\/de\/geschichte\/\"><span style=\"color: #daba84;\">\u00dcBER UNS<\/span>\u00a0<\/a> \u00a0 <span style=\"color: #daba84;\">&gt;<\/span>\u00a0 \u00a0<span style=\"color: #6b3c0a;\">HERUNTERLADEN<\/span>[\/vc_column_text][vc_column_text]<\/p>\n<h2 style=\"text-align: center; font-size: 48px; font-family: 'Microbrew'!important; color: #6b3c0a;\">HERUNTERLADEN<\/h2>\n<p>[\/vc_column_text][vc_column_text]<img loading=\"lazy\" decoding=\"async\" class=\"aligncenter size-full wp-image-636\" src=\"http:\/\/www.pekarnasrnin.cz\/wp-content\/uploads\/2021\/06\/oddelovac-nas-pribeh.png\" alt=\"\" width=\"566\" height=\"19\" srcset=\"https:\/\/www.pekarnasrnin.cz\/wp-content\/uploads\/2021\/06\/oddelovac-nas-pribeh.png 566w, https:\/\/www.pekarnasrnin.cz\/wp-content\/uploads\/2021\/06\/oddelovac-nas-pribeh-300x10.png 300w\" sizes=\"auto, (max-width: 566px) 100vw, 566px\" \/>[\/vc_column_text][vc_row_inner css=&#8221;.vc_custom_1636116936347{padding-bottom: 70px !important;}&#8221;][vc_column_inner width=&#8221;1\/3&#8243;][vc_separator color=&#8221;custom&#8221; border_width=&#8221;4&#8243; accent_color=&#8221;#6b3c0a&#8221; css=&#8221;.vc_custom_1636028388282{margin-bottom: 0px !important;}&#8221;]\t\t<div class=\"wh-content-box vc_custom_1637844122382  scp_content_box-04f9495088dc8d594c88732bf879abac\">\r\n\t\t\t\t\t\t\t\t\t\t\t\t[vc_column_text]<\/p>\n<h2>B\u00c4CKEREI SRN\u00cdN &#8211; LOGO<\/h2>\n<p>[\/vc_column_text]<a href=\"http:\/\/www.pekarnasrnin.cz\/wp-content\/uploads\/2021\/11\/SRNIN_LOGO_VERTIKALNI_RGB_BARVA.pdf\" class=\"wh-alt-button-2  scp_theme_button-70fd9f7c807d4d63e5b68b93f93fd868\" target=\"_blank\">WEITERLESEN<\/a>\t\t<\/div>\r\n\t\t[\/vc_column_inner][vc_column_inner width=&#8221;1\/3&#8243;][vc_separator color=&#8221;custom&#8221; border_width=&#8221;4&#8243; accent_color=&#8221;#6b3c0a&#8221; css=&#8221;.vc_custom_1636028388282{margin-bottom: 0px !important;}&#8221;]\t\t<div class=\"wh-content-box vc_custom_1637844224599  scp_content_box-d18fa4d5ab76c34ae6896bfded4ffdf6\">\r\n\t\t\t\t\t\t\t\t\t\t\t\t[vc_column_text]<\/p>\n<h2>ALLERGENE UND INHALTSSTOFFE<\/h2>\n<p>[\/vc_column_text]<a href=\"https:\/\/www.pekarnasrnin.cz\/alergeny-a-slozeni\/\" class=\"wh-alt-button-2  scp_theme_button-668f6574cdce51b94c9f90a9ba801d80\">WEITERLESEN<\/a>\t\t<\/div>\r\n\t\t[\/vc_column_inner][vc_column_inner width=&#8221;1\/3&#8243;][vc_separator color=&#8221;custom&#8221; border_width=&#8221;4&#8243; accent_color=&#8221;#6b3c0a&#8221; css=&#8221;.vc_custom_1636028388282{margin-bottom: 0px !important;}&#8221;]\t\t<div class=\"wh-content-box vc_custom_1637844232366  scp_content_box-a8db4af19828b61cbc7b198fcd6f9110\">\r\n\t\t\t\t\t\t\t\t\t\t\t\t[vc_column_text]<\/p>\n<h2>ALLGEMEINE BEDINGUNGEN<\/h2>\n<p>[\/vc_column_text]<a href=\"https:\/\/www.pekarnasrnin.cz\/wp-content\/uploads\/2021\/11\/Vseobecne-obchodni-podminky-Pekarna-Srnin.pdf\" class=\"wh-alt-button-2  scp_theme_button-99df25952e1856740771165584b7db85\" target=\"_blank\">WEITERLESEN<\/a>\t\t<\/div>\r\n\t\t[\/vc_column_inner][\/vc_row_inner][\/vc_column][\/vc_row]<\/p>\n<\/div>","protected":false},"excerpt":{"rendered":"<p>[vc_row full_width=&#8221;stretch_row&#8221; el_id=&#8221;produkty&#8221;][vc_column][vc_column_text css=&#8221;.vc_custom_1652187482482{padding-top: 35px !important;}&#8221;]\u00dcBER UNS\u00a0 \u00a0 &gt;\u00a0 \u00a0HERUNTERLADEN[\/vc_column_text][vc_column_text] HERUNTERLADEN [\/vc_column_text][vc_column_text][\/vc_column_text][vc_row_inner css=&#8221;.vc_custom_1636116936347{padding-bottom: 70px !important;}&#8221;][vc_column_inner width=&#8221;1\/3&#8243;][vc_separator color=&#8221;custom&#8221; border_width=&#8221;4&#8243; accent_color=&#8221;#6b3c0a&#8221; css=&#8221;.vc_custom_1636028388282{margin-bottom: 0px !important;}&#8221;][\/vc_column_inner][vc_column_inner width=&#8221;1\/3&#8243;][vc_separator color=&#8221;custom&#8221; border_width=&#8221;4&#8243; accent_color=&#8221;#6b3c0a&#8221; css=&#8221;.vc_custom_1636028388282{margin-bottom: 0px !important;}&#8221;][\/vc_column_inner][vc_column_inner width=&#8221;1\/3&#8243;][vc_separator color=&#8221;custom&#8221; border_width=&#8221;4&#8243; accent_color=&#8221;#6b3c0a&#8221; css=&#8221;.vc_custom_1636028388282{margin-bottom: 0px !important;}&#8221;][\/vc_column_inner][\/vc_row_inner][\/vc_column][\/vc_row]<\/p>\n","protected":false},"author":1,"featured_media":0,"parent":0,"menu_order":0,"comment_status":"closed","ping_status":"closed","template":"template-fullwidth.php","meta":{"_monsterinsights_skip_tracking":false,"_monsterinsights_sitenote_active":false,"_monsterinsights_sitenote_note":"","_monsterinsights_sitenote_category":0,"footnotes":""},"class_list":["post-2523","page","type-page","status-publish","hentry","odd"],"yoast_head":"<!-- This site is optimized with the Yoast SEO plugin v17.7.1 - https:\/\/yoast.com\/wordpress\/plugins\/seo\/ -->\n<title>Herunterladen | Pek\u00e1rna Srn\u00edn<\/title>\n<meta name=\"description\" content=\"Wir f\u00fchren die besten Traditionen des ehrlichen B\u00e4ckerhandwerks fort. Jeden Tag Bereiten wir f\u00fcr Sie eine breite Palette von produkten zu.\" \/>\n<meta name=\"robots\" content=\"index, follow, max-snippet:-1, max-image-preview:large, max-video-preview:-1\" \/>\n<link rel=\"canonical\" href=\"https:\/\/www.pekarnasrnin.cz\/de\/herunterladen\/\" \/>\n<meta property=\"og:locale\" content=\"de_DE\" \/>\n<meta property=\"og:type\" content=\"article\" \/>\n<meta property=\"og:title\" content=\"Herunterladen | Pek\u00e1rna Srn\u00edn\" \/>\n<meta property=\"og:description\" content=\"Wir f\u00fchren die besten Traditionen des ehrlichen B\u00e4ckerhandwerks fort. Jeden Tag Bereiten wir f\u00fcr Sie eine breite Palette von produkten zu.\" \/>\n<meta property=\"og:url\" content=\"https:\/\/www.pekarnasrnin.cz\/de\/herunterladen\/\" \/>\n<meta property=\"og:site_name\" content=\"Pek\u00e1rna Srn\u00edn\" \/>\n<meta property=\"article:publisher\" content=\"https:\/\/www.facebook.com\/pekarnasrnin\/\" \/>\n<meta property=\"article:modified_time\" content=\"2022-05-11T14:16:54+00:00\" \/>\n<meta property=\"og:image\" content=\"https:\/\/www.pekarnasrnin.cz\/wp-content\/uploads\/2021\/06\/pekarna-srnin-img.jpg\" \/>\n\t<meta property=\"og:image:width\" content=\"1920\" \/>\n\t<meta property=\"og:image:height\" content=\"645\" \/>\n<meta name=\"twitter:card\" content=\"summary_large_image\" \/>\n<meta name=\"twitter:label1\" content=\"Gesch\u00e4tzte Lesezeit\" \/>\n\t<meta name=\"twitter:data1\" content=\"2\u00a0Minuten\" \/>\n<script type=\"application\/ld+json\" class=\"yoast-schema-graph\">{\"@context\":\"https:\/\/schema.org\",\"@graph\":[{\"@type\":\"Organization\",\"@id\":\"https:\/\/www.pekarnasrnin.cz\/#organization\",\"name\":\"Pek\\u00e1rna Srn\\u00edn\",\"url\":\"https:\/\/www.pekarnasrnin.cz\/\",\"sameAs\":[\"https:\/\/www.facebook.com\/pekarnasrnin\/\"],\"logo\":{\"@type\":\"ImageObject\",\"@id\":\"https:\/\/www.pekarnasrnin.cz\/#logo\",\"inLanguage\":\"de\",\"url\":\"http:\/\/www.pekarnasrnin.cz\/wp-content\/uploads\/2021\/06\/pekarna-srnin-logo.png\",\"contentUrl\":\"http:\/\/www.pekarnasrnin.cz\/wp-content\/uploads\/2021\/06\/pekarna-srnin-logo.png\",\"width\":172,\"height\":182,\"caption\":\"Pek\\u00e1rna Srn\\u00edn\"},\"image\":{\"@id\":\"https:\/\/www.pekarnasrnin.cz\/#logo\"}},{\"@type\":\"WebSite\",\"@id\":\"https:\/\/www.pekarnasrnin.cz\/#website\",\"url\":\"https:\/\/www.pekarnasrnin.cz\/\",\"name\":\"Pek\\u00e1rna Srn\\u00edn\",\"description\":\"navazujeme na poctiv\\u00e9 peka\\u0159sk\\u00e9 \\u0159emeslo\",\"publisher\":{\"@id\":\"https:\/\/www.pekarnasrnin.cz\/#organization\"},\"potentialAction\":[{\"@type\":\"SearchAction\",\"target\":{\"@type\":\"EntryPoint\",\"urlTemplate\":\"https:\/\/www.pekarnasrnin.cz\/?s={search_term_string}\"},\"query-input\":\"required name=search_term_string\"}],\"inLanguage\":\"de\"},{\"@type\":\"ImageObject\",\"@id\":\"https:\/\/www.pekarnasrnin.cz\/de\/herunterladen\/#primaryimage\",\"inLanguage\":\"de\",\"url\":\"https:\/\/www.pekarnasrnin.cz\/wp-content\/uploads\/2021\/06\/pekarna-srnin-img.jpg\",\"contentUrl\":\"https:\/\/www.pekarnasrnin.cz\/wp-content\/uploads\/2021\/06\/pekarna-srnin-img.jpg\",\"width\":1920,\"height\":645},{\"@type\":\"WebPage\",\"@id\":\"https:\/\/www.pekarnasrnin.cz\/de\/herunterladen\/#webpage\",\"url\":\"https:\/\/www.pekarnasrnin.cz\/de\/herunterladen\/\",\"name\":\"Herunterladen | Pek\\u00e1rna Srn\\u00edn\",\"isPartOf\":{\"@id\":\"https:\/\/www.pekarnasrnin.cz\/#website\"},\"primaryImageOfPage\":{\"@id\":\"https:\/\/www.pekarnasrnin.cz\/de\/herunterladen\/#primaryimage\"},\"datePublished\":\"2021-11-04T12:39:26+00:00\",\"dateModified\":\"2022-05-11T14:16:54+00:00\",\"description\":\"Wir f\\u00fchren die besten Traditionen des ehrlichen B\\u00e4ckerhandwerks fort. Jeden Tag Bereiten wir f\\u00fcr Sie eine breite Palette von produkten zu.\",\"breadcrumb\":{\"@id\":\"https:\/\/www.pekarnasrnin.cz\/de\/herunterladen\/#breadcrumb\"},\"inLanguage\":\"de\",\"potentialAction\":[{\"@type\":\"ReadAction\",\"target\":[\"https:\/\/www.pekarnasrnin.cz\/de\/herunterladen\/\"]}]},{\"@type\":\"BreadcrumbList\",\"@id\":\"https:\/\/www.pekarnasrnin.cz\/de\/herunterladen\/#breadcrumb\",\"itemListElement\":[{\"@type\":\"ListItem\",\"position\":1,\"name\":\"Dom\\u016f\",\"item\":\"https:\/\/www.pekarnasrnin.cz\/de\/\"},{\"@type\":\"ListItem\",\"position\":2,\"name\":\"Herunterladen\"}]}]}<\/script>\n<!-- \/ Yoast SEO plugin. -->","yoast_head_json":{"title":"Herunterladen | Pek\u00e1rna Srn\u00edn","description":"Wir f\u00fchren die besten Traditionen des ehrlichen B\u00e4ckerhandwerks fort. Jeden Tag Bereiten wir f\u00fcr Sie eine breite Palette von produkten zu.","robots":{"index":"index","follow":"follow","max-snippet":"max-snippet:-1","max-image-preview":"max-image-preview:large","max-video-preview":"max-video-preview:-1"},"canonical":"https:\/\/www.pekarnasrnin.cz\/de\/herunterladen\/","og_locale":"de_DE","og_type":"article","og_title":"Herunterladen | Pek\u00e1rna Srn\u00edn","og_description":"Wir f\u00fchren die besten Traditionen des ehrlichen B\u00e4ckerhandwerks fort. Jeden Tag Bereiten wir f\u00fcr Sie eine breite Palette von produkten zu.","og_url":"https:\/\/www.pekarnasrnin.cz\/de\/herunterladen\/","og_site_name":"Pek\u00e1rna Srn\u00edn","article_publisher":"https:\/\/www.facebook.com\/pekarnasrnin\/","article_modified_time":"2022-05-11T14:16:54+00:00","og_image":[{"width":1920,"height":645,"url":"https:\/\/www.pekarnasrnin.cz\/wp-content\/uploads\/2021\/06\/pekarna-srnin-img.jpg","type":"image\/jpeg"}],"twitter_card":"summary_large_image","twitter_misc":{"Gesch\u00e4tzte Lesezeit":"2\u00a0Minuten"},"schema":{"@context":"https:\/\/schema.org","@graph":[{"@type":"Organization","@id":"https:\/\/www.pekarnasrnin.cz\/#organization","name":"Pek\u00e1rna Srn\u00edn","url":"https:\/\/www.pekarnasrnin.cz\/","sameAs":["https:\/\/www.facebook.com\/pekarnasrnin\/"],"logo":{"@type":"ImageObject","@id":"https:\/\/www.pekarnasrnin.cz\/#logo","inLanguage":"de","url":"http:\/\/www.pekarnasrnin.cz\/wp-content\/uploads\/2021\/06\/pekarna-srnin-logo.png","contentUrl":"http:\/\/www.pekarnasrnin.cz\/wp-content\/uploads\/2021\/06\/pekarna-srnin-logo.png","width":172,"height":182,"caption":"Pek\u00e1rna Srn\u00edn"},"image":{"@id":"https:\/\/www.pekarnasrnin.cz\/#logo"}},{"@type":"WebSite","@id":"https:\/\/www.pekarnasrnin.cz\/#website","url":"https:\/\/www.pekarnasrnin.cz\/","name":"Pek\u00e1rna Srn\u00edn","description":"navazujeme na poctiv\u00e9 peka\u0159sk\u00e9 \u0159emeslo","publisher":{"@id":"https:\/\/www.pekarnasrnin.cz\/#organization"},"potentialAction":[{"@type":"SearchAction","target":{"@type":"EntryPoint","urlTemplate":"https:\/\/www.pekarnasrnin.cz\/?s={search_term_string}"},"query-input":"required name=search_term_string"}],"inLanguage":"de"},{"@type":"ImageObject","@id":"https:\/\/www.pekarnasrnin.cz\/de\/herunterladen\/#primaryimage","inLanguage":"de","url":"https:\/\/www.pekarnasrnin.cz\/wp-content\/uploads\/2021\/06\/pekarna-srnin-img.jpg","contentUrl":"https:\/\/www.pekarnasrnin.cz\/wp-content\/uploads\/2021\/06\/pekarna-srnin-img.jpg","width":1920,"height":645},{"@type":"WebPage","@id":"https:\/\/www.pekarnasrnin.cz\/de\/herunterladen\/#webpage","url":"https:\/\/www.pekarnasrnin.cz\/de\/herunterladen\/","name":"Herunterladen | Pek\u00e1rna Srn\u00edn","isPartOf":{"@id":"https:\/\/www.pekarnasrnin.cz\/#website"},"primaryImageOfPage":{"@id":"https:\/\/www.pekarnasrnin.cz\/de\/herunterladen\/#primaryimage"},"datePublished":"2021-11-04T12:39:26+00:00","dateModified":"2022-05-11T14:16:54+00:00","description":"Wir f\u00fchren die besten Traditionen des ehrlichen B\u00e4ckerhandwerks fort. Jeden Tag Bereiten wir f\u00fcr Sie eine breite Palette von produkten zu.","breadcrumb":{"@id":"https:\/\/www.pekarnasrnin.cz\/de\/herunterladen\/#breadcrumb"},"inLanguage":"de","potentialAction":[{"@type":"ReadAction","target":["https:\/\/www.pekarnasrnin.cz\/de\/herunterladen\/"]}]},{"@type":"BreadcrumbList","@id":"https:\/\/www.pekarnasrnin.cz\/de\/herunterladen\/#breadcrumb","itemListElement":[{"@type":"ListItem","position":1,"name":"Dom\u016f","item":"https:\/\/www.pekarnasrnin.cz\/de\/"},{"@type":"ListItem","position":2,"name":"Herunterladen"}]}]}},"_links":{"self":[{"href":"https:\/\/www.pekarnasrnin.cz\/de\/wp-json\/wp\/v2\/pages\/2523","targetHints":{"allow":["GET"]}}],"collection":[{"href":"https:\/\/www.pekarnasrnin.cz\/de\/wp-json\/wp\/v2\/pages"}],"about":[{"href":"https:\/\/www.pekarnasrnin.cz\/de\/wp-json\/wp\/v2\/types\/page"}],"author":[{"embeddable":true,"href":"https:\/\/www.pekarnasrnin.cz\/de\/wp-json\/wp\/v2\/users\/1"}],"replies":[{"embeddable":true,"href":"https:\/\/www.pekarnasrnin.cz\/de\/wp-json\/wp\/v2\/comments?post=2523"}],"version-history":[{"count":2,"href":"https:\/\/www.pekarnasrnin.cz\/de\/wp-json\/wp\/v2\/pages\/2523\/revisions"}],"predecessor-version":[{"id":2525,"href":"https:\/\/www.pekarnasrnin.cz\/de\/wp-json\/wp\/v2\/pages\/2523\/revisions\/2525"}],"wp:attachment":[{"href":"https:\/\/www.pekarnasrnin.cz\/de\/wp-json\/wp\/v2\/media?parent=2523"}],"curies":[{"name":"wp","href":"https:\/\/api.w.org\/{rel}","templated":true}]}}