{"id":2532,"date":"2021-06-22T10:42:23","date_gmt":"2021-06-22T08:42:23","guid":{"rendered":"https:\/\/www.pekarnasrnin.cz\/prodejny\/"},"modified":"2022-05-11T16:17:56","modified_gmt":"2022-05-11T14:17:56","slug":"geschaefte","status":"publish","type":"page","link":"https:\/\/www.pekarnasrnin.cz\/de\/geschaefte\/","title":{"rendered":"Gesch\u00e4fte"},"content":{"rendered":"<div class=\"wpb-content-wrapper\"><p>[vc_row full_width=&#8221;stretch_row&#8221; css=&#8221;.vc_custom_1626280950092{background-image: url(http:\/\/www.pekarnasrnin.cz\/wp-content\/uploads\/2021\/06\/pozadi-vyrobky.jpg?id=801) !important;}&#8221;][vc_column][vc_column_text css=&#8221;.vc_custom_1652188129980{padding-top: 35px !important;padding-bottom: 35px !important;}&#8221;]<\/p>\n<h2 style=\"text-align: center; color: #6b3c0a; font-size: 48px;\">UNSERE GESCH\u00c4FTE<\/h2>\n<p style=\"text-align: center; color: #6b3c0a;\">Wir f\u00fchren die besten Traditionen des ehrlichen B\u00e4ckerhandwerks fort. Jeden Tag<br \/>\nbereiten wir f\u00fcr Sie eine breite Palette von Back- und Konditoreiprodukten zu.<\/p>\n<p>[\/vc_column_text][\/vc_column][\/vc_row][vc_row full_width=&#8221;stretch_row_content_no_spaces&#8221; full_height=&#8221;yes&#8221; content_placement=&#8221;middle&#8221; css=&#8221;.vc_custom_1628945062668{margin-top: 0px !important;}&#8221;][vc_column el_class=&#8221;map-holder-contact&#8221;][vc_wp_text]\r\n            \r\n            \r\n            \r\n            <a name='map1'><\/a>\r\n            \r\n            \r\n            <div class=\"wpgmza-store-locator wpgmza_sl_main_div\" data-id=\"1\">\r\n\t<div class=\"wpgmza-address-container wpgmza-form-field wpgmza_sl_query_div\">\r\n\t\t<label class=\"wpgmza-address wpgmza-form-field__label wpgmza-form-field__label--float\" data-name=\"addressLabel\" for=\"addressInput_1\">PLZ \/ Adresse:<\/label>\r\n\t\t<input class=\"wpgmza-address addressInput\" type=\"text\" placeholder=\"Einen Ort eingeben\" autocomplete=\"off\" data-name=\"defaultAddress\" value=\"\" id=\"addressInput_1\" size=\"20\">\r\n\t<\/div>\r\n\t\r\n\t<div class=\"wpgmza-radius-container wpgmza-form-field wpgmza_sl_radius_div wpgmza-clearfix\">\r\n\t\t<label class=\"wpgmza-radius wpgmza-form-field__label wpgmza-form-field__label--float\" for=\"radiusSelect_1\">\r\n\t\t\tRadius:\t\t<\/label>\r\n\t\t<select class=\"wpgmza-radius wpgmza-form-field__input wpgmza_sl_radius_select\" id=\"radiusSelect_1\"><option class=\"wpgmza-radius wpgmza_sl_select_option\" value=\"1\">1km<\/option><option class=\"wpgmza-radius wpgmza_sl_select_option\" value=\"5\">5km<\/option><option class=\"wpgmza-radius wpgmza_sl_select_option\" value=\"10\" selected>10km<\/option><option class=\"wpgmza-radius wpgmza_sl_select_option\" value=\"25\">25km<\/option><option class=\"wpgmza-radius wpgmza_sl_select_option\" value=\"50\">50km<\/option><option class=\"wpgmza-radius wpgmza_sl_select_option\" value=\"75\">75km<\/option><option class=\"wpgmza-radius wpgmza_sl_select_option\" value=\"100\">100km<\/option><option class=\"wpgmza-radius wpgmza_sl_select_option\" value=\"150\">150km<\/option><option class=\"wpgmza-radius wpgmza_sl_select_option\" value=\"200\">200km<\/option><option class=\"wpgmza-radius wpgmza_sl_select_option\" value=\"300\">300km<\/option><\/select>\r\n\t<\/div>\r\n\t\r\n\t<div class=\"wpgmza-search wpgmza_sl_search_button_div\"><input class=\"wpgmza-search wpgmza_sl_search_button_1\" value=\"Suche\" type=\"button\" onclick=\"searchLocations(1)\" mid=\"1\"><\/div>\r\n\t\r\n\t<div class=\"wpgmza-reset wpgmza_sl_reset_button_div\">\r\n\t<input class=\"wpgmza-reset wpgmza_sl_reset_button_1\" type=\"button\" value=\"Reset\" mid=\"1\" onclick=\"resetLocations(1)\">\r\n<\/div><div class=\"wpgmza-no-results wpgmza-not-found-msg js-not-found-msg\" style=\"display: none;\">\r\n\t\t<p data-name=\"notFoundMessage\">Keine Ergebnisse in dieser Position gefunden. Bitte versuche es erneut.<\/p>\r\n\t<\/div>\r\n<\/div>\r\n            <div data-wpgmza-table data-wpgmza-php-class=\"WPGMZA\\MarkerListing\\BasicTable\" data-wpgmza-rest-api-route=\"\/marker-listing\/\" data-wpgmza-marker-listing=\"true\" class=\"wpgmza_marker_list_class\" style=\"width:100%;\" data-wpgmza-ajax-parameters='{\"map_id\":\"1\"}' id=\"wpgmza_marker_list_1\"><\/div>\r\n            <div class=\"wpgmza_map \"  id=\"wpgmza_map_1\" style=\"display:block; overflow:auto; width:100%; height:600px; float:right;\" data-settings='{\"id\":\"1\",\"map_title\":\"New Map\",\"map_width\":\"100\",\"map_height\":\"600\",\"map_start_lat\":\"48.86191283062816\",\"map_start_lng\":\"14.499207348556066\",\"map_start_location\":\"45.950464398418106,-109.81550500000003\",\"map_start_zoom\":\"10\",\"default_marker\":\"\",\"type\":\"1\",\"alignment\":\"4\",\"directions_enabled\":\"0\",\"styling_enabled\":\"0\",\"styling_json\":\"\",\"active\":\"0\",\"kml\":\"\",\"bicycle\":\"0\",\"traffic\":\"0\",\"dbox\":\"1\",\"dbox_width\":\"\",\"listmarkers\":\"0\",\"listmarkers_advanced\":\"0\",\"filterbycat\":\"0\",\"ugm_enabled\":\"0\",\"ugm_category_enabled\":\"0\",\"fusion\":\"\",\"map_width_type\":\"%\",\"map_height_type\":\"px\",\"mass_marker_support\":\"0\",\"ugm_access\":\"0\",\"order_markers_by\":\"1\",\"order_markers_choice\":\"1\",\"show_user_location\":\"0\",\"default_to\":\"\",\"other_settings\":{\"map_type\":1,\"sl_stroke_color\":\"#000000\",\"sl_fill_color\":\"#000000\",\"sl_stroke_opacity\":\"\",\"sl_fill_opacity\":\"\",\"transport_layer\":false,\"action\":\"wpgmza_save_map\",\"redirect_to\":\"\\\/wp-admin\\\/admin-post.php\",\"map_id\":\"1\",\"http_referer\":\"\\\/wp-admin\\\/admin.php?page=wp-google-maps-menu&amp;amp;action=edit&amp;amp;map_id=1\",\"wpgmza_id\":\"1\",\"wpgmza_start_location\":\"48.86191283062816,14.499207348556066\",\"wpgmza_start_zoom\":\"10\",\"wpgmza_theme_data\":\"[\\r\\n  {\\r\\n    \\\"featureType\\\": \\\"administrative\\\",\\r\\n    \\\"elementType\\\": \\\"geometry\\\",\\r\\n    \\\"stylers\\\": [\\r\\n      {\\r\\n        \\\"color\\\": \\\"#eee6dd\\\"\\r\\n      }\\r\\n    ]\\r\\n  },\\r\\n  {\\r\\n    \\\"featureType\\\": \\\"administrative.country\\\",\\r\\n    \\\"elementType\\\": \\\"geometry\\\",\\r\\n    \\\"stylers\\\": [\\r\\n      {\\r\\n        \\\"color\\\": \\\"#e65d2f\\\"\\r\\n      },\\r\\n      {\\r\\n        \\\"weight\\\": 2\\r\\n      }\\r\\n    ]\\r\\n  },\\r\\n  {\\r\\n    \\\"featureType\\\": \\\"administrative.locality\\\",\\r\\n    \\\"elementType\\\": \\\"labels.text.fill\\\",\\r\\n    \\\"stylers\\\": [\\r\\n      {\\r\\n        \\\"color\\\": \\\"#815839\\\"\\r\\n      }\\r\\n    ]\\r\\n  },\\r\\n  {\\r\\n    \\\"featureType\\\": \\\"administrative.locality\\\",\\r\\n    \\\"elementType\\\": \\\"labels.text.stroke\\\",\\r\\n    \\\"stylers\\\": [\\r\\n      {\\r\\n        \\\"color\\\": \\\"#ffffff\\\"\\r\\n      }\\r\\n    ]\\r\\n  },\\r\\n  {\\r\\n    \\\"featureType\\\": \\\"administrative.neighborhood\\\",\\r\\n    \\\"elementType\\\": \\\"labels.text.fill\\\",\\r\\n    \\\"stylers\\\": [\\r\\n      {\\r\\n        \\\"color\\\": \\\"#a39676\\\"\\r\\n      }\\r\\n    ]\\r\\n  },\\r\\n  {\\r\\n    \\\"featureType\\\": \\\"administrative.province\\\",\\r\\n    \\\"elementType\\\": \\\"geometry\\\",\\r\\n    \\\"stylers\\\": [\\r\\n      {\\r\\n        \\\"color\\\": \\\"#000000\\\"\\r\\n      }\\r\\n    ]\\r\\n  },\\r\\n  {\\r\\n    \\\"featureType\\\": \\\"landscape\\\",\\r\\n    \\\"elementType\\\": \\\"geometry\\\",\\r\\n    \\\"stylers\\\": [\\r\\n      {\\r\\n        \\\"color\\\": \\\"#ffeee6\\\"\\r\\n      }\\r\\n    ]\\r\\n  },\\r\\n  {\\r\\n    \\\"featureType\\\": \\\"landscape.natural\\\",\\r\\n    \\\"elementType\\\": \\\"geometry\\\",\\r\\n    \\\"stylers\\\": [\\r\\n      {\\r\\n        \\\"color\\\": \\\"#f3e8b6\\\"\\r\\n      }\\r\\n    ]\\r\\n  },\\r\\n  {\\r\\n    \\\"featureType\\\": \\\"landscape.natural\\\",\\r\\n    \\\"elementType\\\": \\\"labels.text.fill\\\",\\r\\n    \\\"stylers\\\": [\\r\\n      {\\r\\n        \\\"color\\\": \\\"#c58d64\\\"\\r\\n      }\\r\\n    ]\\r\\n  },\\r\\n  {\\r\\n    \\\"featureType\\\": \\\"landscape.natural\\\",\\r\\n    \\\"elementType\\\": \\\"labels.text.stroke\\\",\\r\\n    \\\"stylers\\\": [\\r\\n      {\\r\\n        \\\"color\\\": \\\"#ffffff\\\"\\r\\n      }\\r\\n    ]\\r\\n  },\\r\\n  {\\r\\n    \\\"featureType\\\": \\\"landscape.natural.terrain\\\",\\r\\n    \\\"elementType\\\": \\\"geometry\\\",\\r\\n    \\\"stylers\\\": [\\r\\n      {\\r\\n        \\\"color\\\": \\\"#a6cc92\\\"\\r\\n      }\\r\\n    ]\\r\\n  },\\r\\n  {\\r\\n    \\\"featureType\\\": \\\"poi.attraction\\\",\\r\\n    \\\"elementType\\\": \\\"labels.text.fill\\\",\\r\\n    \\\"stylers\\\": [\\r\\n      {\\r\\n        \\\"color\\\": \\\"#666666\\\"\\r\\n      }\\r\\n    ]\\r\\n  },\\r\\n  {\\r\\n    \\\"featureType\\\": \\\"road.arterial\\\",\\r\\n    \\\"elementType\\\": \\\"geometry.fill\\\",\\r\\n    \\\"stylers\\\": [\\r\\n      {\\r\\n        \\\"color\\\": \\\"#fffeff\\\"\\r\\n      }\\r\\n    ]\\r\\n  },\\r\\n  {\\r\\n    \\\"featureType\\\": \\\"road.arterial\\\",\\r\\n    \\\"elementType\\\": \\\"labels.icon\\\",\\r\\n    \\\"stylers\\\": [\\r\\n      {\\r\\n        \\\"visibility\\\": \\\"off\\\"\\r\\n      }\\r\\n    ]\\r\\n  },\\r\\n  {\\r\\n    \\\"featureType\\\": \\\"road.arterial\\\",\\r\\n    \\\"elementType\\\": \\\"labels.text\\\",\\r\\n    \\\"stylers\\\": [\\r\\n      {\\r\\n        \\\"visibility\\\": \\\"off\\\"\\r\\n      }\\r\\n    ]\\r\\n  },\\r\\n  {\\r\\n    \\\"featureType\\\": \\\"road.highway\\\",\\r\\n    \\\"elementType\\\": \\\"geometry.fill\\\",\\r\\n    \\\"stylers\\\": [\\r\\n      {\\r\\n        \\\"color\\\": \\\"#ffe1a7\\\"\\r\\n      }\\r\\n    ]\\r\\n  },\\r\\n  {\\r\\n    \\\"featureType\\\": \\\"road.highway\\\",\\r\\n    \\\"elementType\\\": \\\"geometry.stroke\\\",\\r\\n    \\\"stylers\\\": [\\r\\n      {\\r\\n        \\\"color\\\": \\\"#ffbd17\\\"\\r\\n      }\\r\\n    ]\\r\\n  },\\r\\n  {\\r\\n    \\\"featureType\\\": \\\"road.highway.controlled_access\\\",\\r\\n    \\\"elementType\\\": \\\"geometry.fill\\\",\\r\\n    \\\"stylers\\\": [\\r\\n      {\\r\\n        \\\"color\\\": \\\"#f0c027\\\"\\r\\n      }\\r\\n    ]\\r\\n  },\\r\\n  {\\r\\n    \\\"featureType\\\": \\\"road.highway.controlled_access\\\",\\r\\n    \\\"elementType\\\": \\\"geometry.stroke\\\",\\r\\n    \\\"stylers\\\": [\\r\\n      {\\r\\n        \\\"color\\\": \\\"#c68f2f\\\"\\r\\n      }\\r\\n    ]\\r\\n  },\\r\\n  {\\r\\n    \\\"featureType\\\": \\\"transit.line\\\",\\r\\n    \\\"elementType\\\": \\\"geometry\\\",\\r\\n    \\\"stylers\\\": [\\r\\n      {\\r\\n        \\\"color\\\": \\\"#c3cfda\\\"\\r\\n      }\\r\\n    ]\\r\\n  }\\r\\n]\",\"store_locator_enabled\":true,\"store_locator_search_area\":\"radial\",\"wpgmza_store_locator_radius_style\":\"legacy\",\"wpgmza_store_locator_default_radius\":\"10\",\"store_locator_auto_area_max_zoom\":\"\",\"store_locator_distance\":false,\"wpgmza_store_locator_position\":false,\"store_locator_show_distance\":false,\"store_locator_category\":false,\"wpgmza_store_locator_use_their_location\":false,\"wpgmza_store_locator_bounce\":false,\"wpgmza_sl_animation\":\"0\",\"wpgmza_store_locator_hide_before_search\":false,\"store_locator_query_string\":\"\",\"store_locator_default_address\":\"\",\"store_locator_name_search\":false,\"store_locator_name_string\":\"\",\"store_locator_not_found_message\":\"\",\"wpgmza_map_align\":\"3\",\"jump_to_nearest_marker_on_initialization\":false,\"automatically_pan_to_users_location\":false,\"override_users_location_zoom_level\":false,\"override_users_location_zoom_levels\":\"\",\"show_distance_from_location\":false,\"map_max_zoom\":\"21\",\"map_min_zoom\":\"0\",\"click_open_link\":false,\"fit_maps_bounds_to_markers\":false,\"fit_maps_bounds_to_markers_after_filtering\":false,\"hide_point_of_interest\":true,\"wpgmza_zoom_on_marker_click\":false,\"wpgmza_zoom_on_marker_click_slider\":\"\",\"close_infowindow_on_map_click\":true,\"disable_lightbox_images\":false,\"use_Raw_Jpeg_Coordinates\":false,\"polygon_labels\":false,\"disable_polygon_info_windows\":false,\"enable_marker_ratings\":false,\"only_load_markers_within_viewport\":false,\"iw_primary_color\":\"\",\"iw_accent_color\":\"\",\"iw_text_color\":\"\",\"wpgmza_listmarkers_by\":\"1\",\"wpgmza_marker_listing_position\":true,\"wpgmza_push_in_map\":false,\"wpgmza_push_in_map_placement\":\"1\",\"wpgmza_push_in_map_width\":\"200px\",\"wpgmza_push_in_map_height\":\"\",\"datatable_no_result_message\":\"\",\"remove_search_box_datables\":false,\"dataTable_pagination_style\":\"default\",\"datatable_search_string\":\"\",\"datatable_result_start\":\"\",\"datatable_result_of\":\"\",\"datatable_result_to\":\"\",\"datatable_result_total\":\"\",\"datatable_result_show\":\"\",\"datatable_result_entries\":\"\",\"wpgmza_savemap\":\"Save Map \\u00bb\",\"shortcodeAttributes\":{\"id\":\"1\"},\"wpgmza_dbox_width_type\":\"%\",\"default_from\":\"\",\"directions_behaviour\":\"default\",\"force_google_directions_app\":false,\"directions_route_origin_icon\":\"http:\\\/\\\/www.pekarnasrnin.cz\\\/wp-content\\\/plugins\\\/wp-google-maps\\\/images\\\/spotlight-poi2.png\",\"directions_origin_retina\":false,\"directions_route_destination_icon\":\"http:\\\/\\\/www.pekarnasrnin.cz\\\/wp-content\\\/plugins\\\/wp-google-maps\\\/images\\\/spotlight-poi2.png\",\"directions_destination_retina\":false,\"directions_route_stroke_color\":\"#4f8df5\",\"directions_route_stroke_weight\":\"4\",\"directions_route_stroke_opacity\":\"0.8\",\"directions_fit_bounds_to_route\":false,\"wpgmza_store_locator_restrict\":\"\",\"upload_default_sl_marker\":\"\",\"upload_default_sl_marker_retina\":false,\"retina\":false,\"upload_default_ul_marker\":\"\",\"upload_default_ul_marker_retina\":false,\"enable_advanced_custom_fields_integration\":false,\"enable_toolset_woocommerce_integration\":false,\"zoom_level_on_marker_listing_override\":false,\"zoom_level_on_marker_listing_click\":\"\"}}' data-map-id='1' data-shortcode-attributes='{\"id\":\"1\"}'> <\/div>\r\n            \r\n               \r\n        [\/vc_wp_text][\/vc_column][\/vc_row]<\/p>\n<\/div>","protected":false},"excerpt":{"rendered":"<p>[vc_row full_width=&#8221;stretch_row&#8221; css=&#8221;.vc_custom_1626280950092{background-image: url(http:\/\/www.pekarnasrnin.cz\/wp-content\/uploads\/2021\/06\/pozadi-vyrobky.jpg?id=801) !important;}&#8221;][vc_column][vc_column_text css=&#8221;.vc_custom_1652188129980{padding-top: 35px !important;padding-bottom: 35px !important;}&#8221;] UNSERE GESCH\u00c4FTE Wir f\u00fchren die besten Traditionen des ehrlichen B\u00e4ckerhandwerks fort. Jeden Tag bereiten wir f\u00fcr Sie eine breite Palette von Back- und Konditoreiprodukten zu. [\/vc_column_text][\/vc_column][\/vc_row][vc_row full_width=&#8221;stretch_row_content_no_spaces&#8221; full_height=&#8221;yes&#8221; content_placement=&#8221;middle&#8221; css=&#8221;.vc_custom_1628945062668{margin-top: 0px !important;}&#8221;][vc_column el_class=&#8221;map-holder-contact&#8221;][vc_wp_text][\/vc_wp_text][\/vc_column][\/vc_row]<\/p>\n","protected":false},"author":1,"featured_media":0,"parent":0,"menu_order":0,"comment_status":"closed","ping_status":"closed","template":"","meta":{"_monsterinsights_skip_tracking":false,"_monsterinsights_sitenote_active":false,"_monsterinsights_sitenote_note":"","_monsterinsights_sitenote_category":0,"footnotes":""},"class_list":["post-2532","page","type-page","status-publish","hentry","odd"],"yoast_head":"<!-- This site is optimized with the Yoast SEO plugin v17.7.1 - https:\/\/yoast.com\/wordpress\/plugins\/seo\/ -->\n<title>Gesch\u00e4fte | Pek\u00e1rna Srn\u00edn<\/title>\n<meta name=\"description\" content=\"Wir f\u00fchren die besten Traditionen des ehrlichen B\u00e4ckerhandwerks fort. Jeden Tag Bereiten wir f\u00fcr Sie eine breite Palette von produkten zu.\" \/>\n<meta name=\"robots\" content=\"index, follow, max-snippet:-1, max-image-preview:large, max-video-preview:-1\" \/>\n<link rel=\"canonical\" href=\"https:\/\/www.pekarnasrnin.cz\/de\/geschaefte\/\" \/>\n<meta property=\"og:locale\" content=\"de_DE\" \/>\n<meta property=\"og:type\" content=\"article\" \/>\n<meta property=\"og:title\" content=\"Gesch\u00e4fte | Pek\u00e1rna Srn\u00edn\" \/>\n<meta property=\"og:description\" content=\"Wir f\u00fchren die besten Traditionen des ehrlichen B\u00e4ckerhandwerks fort. Jeden Tag Bereiten wir f\u00fcr Sie eine breite Palette von produkten zu.\" \/>\n<meta property=\"og:url\" content=\"https:\/\/www.pekarnasrnin.cz\/de\/geschaefte\/\" \/>\n<meta property=\"og:site_name\" content=\"Pek\u00e1rna Srn\u00edn\" \/>\n<meta property=\"article:publisher\" content=\"https:\/\/www.facebook.com\/pekarnasrnin\/\" \/>\n<meta property=\"article:modified_time\" content=\"2022-05-11T14:17:56+00:00\" \/>\n<meta property=\"og:image\" content=\"https:\/\/www.pekarnasrnin.cz\/wp-content\/uploads\/2021\/06\/pekarna-srnin-img.jpg\" \/>\n\t<meta property=\"og:image:width\" content=\"1920\" \/>\n\t<meta property=\"og:image:height\" content=\"645\" \/>\n<meta name=\"twitter:card\" content=\"summary_large_image\" \/>\n<meta name=\"twitter:label1\" content=\"Gesch\u00e4tzte Lesezeit\" \/>\n\t<meta name=\"twitter:data1\" content=\"1\u00a0Minute\" \/>\n<script type=\"application\/ld+json\" class=\"yoast-schema-graph\">{\"@context\":\"https:\/\/schema.org\",\"@graph\":[{\"@type\":\"Organization\",\"@id\":\"https:\/\/www.pekarnasrnin.cz\/#organization\",\"name\":\"Pek\\u00e1rna Srn\\u00edn\",\"url\":\"https:\/\/www.pekarnasrnin.cz\/\",\"sameAs\":[\"https:\/\/www.facebook.com\/pekarnasrnin\/\"],\"logo\":{\"@type\":\"ImageObject\",\"@id\":\"https:\/\/www.pekarnasrnin.cz\/#logo\",\"inLanguage\":\"de\",\"url\":\"http:\/\/www.pekarnasrnin.cz\/wp-content\/uploads\/2021\/06\/pekarna-srnin-logo.png\",\"contentUrl\":\"http:\/\/www.pekarnasrnin.cz\/wp-content\/uploads\/2021\/06\/pekarna-srnin-logo.png\",\"width\":172,\"height\":182,\"caption\":\"Pek\\u00e1rna Srn\\u00edn\"},\"image\":{\"@id\":\"https:\/\/www.pekarnasrnin.cz\/#logo\"}},{\"@type\":\"WebSite\",\"@id\":\"https:\/\/www.pekarnasrnin.cz\/#website\",\"url\":\"https:\/\/www.pekarnasrnin.cz\/\",\"name\":\"Pek\\u00e1rna Srn\\u00edn\",\"description\":\"navazujeme na poctiv\\u00e9 peka\\u0159sk\\u00e9 \\u0159emeslo\",\"publisher\":{\"@id\":\"https:\/\/www.pekarnasrnin.cz\/#organization\"},\"potentialAction\":[{\"@type\":\"SearchAction\",\"target\":{\"@type\":\"EntryPoint\",\"urlTemplate\":\"https:\/\/www.pekarnasrnin.cz\/?s={search_term_string}\"},\"query-input\":\"required name=search_term_string\"}],\"inLanguage\":\"de\"},{\"@type\":\"ImageObject\",\"@id\":\"https:\/\/www.pekarnasrnin.cz\/de\/geschaefte\/#primaryimage\",\"inLanguage\":\"de\",\"url\":\"https:\/\/www.pekarnasrnin.cz\/wp-content\/uploads\/2021\/06\/pekarna-srnin-img.jpg\",\"contentUrl\":\"https:\/\/www.pekarnasrnin.cz\/wp-content\/uploads\/2021\/06\/pekarna-srnin-img.jpg\",\"width\":1920,\"height\":645},{\"@type\":\"WebPage\",\"@id\":\"https:\/\/www.pekarnasrnin.cz\/de\/geschaefte\/#webpage\",\"url\":\"https:\/\/www.pekarnasrnin.cz\/de\/geschaefte\/\",\"name\":\"Gesch\\u00e4fte | Pek\\u00e1rna Srn\\u00edn\",\"isPartOf\":{\"@id\":\"https:\/\/www.pekarnasrnin.cz\/#website\"},\"datePublished\":\"2021-06-22T08:42:23+00:00\",\"dateModified\":\"2022-05-11T14:17:56+00:00\",\"description\":\"Wir f\\u00fchren die besten Traditionen des ehrlichen B\\u00e4ckerhandwerks fort. Jeden Tag Bereiten wir f\\u00fcr Sie eine breite Palette von produkten zu.\",\"breadcrumb\":{\"@id\":\"https:\/\/www.pekarnasrnin.cz\/de\/geschaefte\/#breadcrumb\"},\"inLanguage\":\"de\",\"potentialAction\":[{\"@type\":\"ReadAction\",\"target\":[\"https:\/\/www.pekarnasrnin.cz\/de\/geschaefte\/\"]}]},{\"@type\":\"BreadcrumbList\",\"@id\":\"https:\/\/www.pekarnasrnin.cz\/de\/geschaefte\/#breadcrumb\",\"itemListElement\":[{\"@type\":\"ListItem\",\"position\":1,\"name\":\"Dom\\u016f\",\"item\":\"https:\/\/www.pekarnasrnin.cz\/de\/\"},{\"@type\":\"ListItem\",\"position\":2,\"name\":\"Gesch\\u00e4fte\"}]}]}<\/script>\n<!-- \/ Yoast SEO plugin. -->","yoast_head_json":{"title":"Gesch\u00e4fte | Pek\u00e1rna Srn\u00edn","description":"Wir f\u00fchren die besten Traditionen des ehrlichen B\u00e4ckerhandwerks fort. Jeden Tag Bereiten wir f\u00fcr Sie eine breite Palette von produkten zu.","robots":{"index":"index","follow":"follow","max-snippet":"max-snippet:-1","max-image-preview":"max-image-preview:large","max-video-preview":"max-video-preview:-1"},"canonical":"https:\/\/www.pekarnasrnin.cz\/de\/geschaefte\/","og_locale":"de_DE","og_type":"article","og_title":"Gesch\u00e4fte | Pek\u00e1rna Srn\u00edn","og_description":"Wir f\u00fchren die besten Traditionen des ehrlichen B\u00e4ckerhandwerks fort. Jeden Tag Bereiten wir f\u00fcr Sie eine breite Palette von produkten zu.","og_url":"https:\/\/www.pekarnasrnin.cz\/de\/geschaefte\/","og_site_name":"Pek\u00e1rna Srn\u00edn","article_publisher":"https:\/\/www.facebook.com\/pekarnasrnin\/","article_modified_time":"2022-05-11T14:17:56+00:00","og_image":[{"width":1920,"height":645,"url":"https:\/\/www.pekarnasrnin.cz\/wp-content\/uploads\/2021\/06\/pekarna-srnin-img.jpg","type":"image\/jpeg"}],"twitter_card":"summary_large_image","twitter_misc":{"Gesch\u00e4tzte Lesezeit":"1\u00a0Minute"},"schema":{"@context":"https:\/\/schema.org","@graph":[{"@type":"Organization","@id":"https:\/\/www.pekarnasrnin.cz\/#organization","name":"Pek\u00e1rna Srn\u00edn","url":"https:\/\/www.pekarnasrnin.cz\/","sameAs":["https:\/\/www.facebook.com\/pekarnasrnin\/"],"logo":{"@type":"ImageObject","@id":"https:\/\/www.pekarnasrnin.cz\/#logo","inLanguage":"de","url":"http:\/\/www.pekarnasrnin.cz\/wp-content\/uploads\/2021\/06\/pekarna-srnin-logo.png","contentUrl":"http:\/\/www.pekarnasrnin.cz\/wp-content\/uploads\/2021\/06\/pekarna-srnin-logo.png","width":172,"height":182,"caption":"Pek\u00e1rna Srn\u00edn"},"image":{"@id":"https:\/\/www.pekarnasrnin.cz\/#logo"}},{"@type":"WebSite","@id":"https:\/\/www.pekarnasrnin.cz\/#website","url":"https:\/\/www.pekarnasrnin.cz\/","name":"Pek\u00e1rna Srn\u00edn","description":"navazujeme na poctiv\u00e9 peka\u0159sk\u00e9 \u0159emeslo","publisher":{"@id":"https:\/\/www.pekarnasrnin.cz\/#organization"},"potentialAction":[{"@type":"SearchAction","target":{"@type":"EntryPoint","urlTemplate":"https:\/\/www.pekarnasrnin.cz\/?s={search_term_string}"},"query-input":"required name=search_term_string"}],"inLanguage":"de"},{"@type":"ImageObject","@id":"https:\/\/www.pekarnasrnin.cz\/de\/geschaefte\/#primaryimage","inLanguage":"de","url":"https:\/\/www.pekarnasrnin.cz\/wp-content\/uploads\/2021\/06\/pekarna-srnin-img.jpg","contentUrl":"https:\/\/www.pekarnasrnin.cz\/wp-content\/uploads\/2021\/06\/pekarna-srnin-img.jpg","width":1920,"height":645},{"@type":"WebPage","@id":"https:\/\/www.pekarnasrnin.cz\/de\/geschaefte\/#webpage","url":"https:\/\/www.pekarnasrnin.cz\/de\/geschaefte\/","name":"Gesch\u00e4fte | Pek\u00e1rna Srn\u00edn","isPartOf":{"@id":"https:\/\/www.pekarnasrnin.cz\/#website"},"datePublished":"2021-06-22T08:42:23+00:00","dateModified":"2022-05-11T14:17:56+00:00","description":"Wir f\u00fchren die besten Traditionen des ehrlichen B\u00e4ckerhandwerks fort. Jeden Tag Bereiten wir f\u00fcr Sie eine breite Palette von produkten zu.","breadcrumb":{"@id":"https:\/\/www.pekarnasrnin.cz\/de\/geschaefte\/#breadcrumb"},"inLanguage":"de","potentialAction":[{"@type":"ReadAction","target":["https:\/\/www.pekarnasrnin.cz\/de\/geschaefte\/"]}]},{"@type":"BreadcrumbList","@id":"https:\/\/www.pekarnasrnin.cz\/de\/geschaefte\/#breadcrumb","itemListElement":[{"@type":"ListItem","position":1,"name":"Dom\u016f","item":"https:\/\/www.pekarnasrnin.cz\/de\/"},{"@type":"ListItem","position":2,"name":"Gesch\u00e4fte"}]}]}},"_links":{"self":[{"href":"https:\/\/www.pekarnasrnin.cz\/de\/wp-json\/wp\/v2\/pages\/2532","targetHints":{"allow":["GET"]}}],"collection":[{"href":"https:\/\/www.pekarnasrnin.cz\/de\/wp-json\/wp\/v2\/pages"}],"about":[{"href":"https:\/\/www.pekarnasrnin.cz\/de\/wp-json\/wp\/v2\/types\/page"}],"author":[{"embeddable":true,"href":"https:\/\/www.pekarnasrnin.cz\/de\/wp-json\/wp\/v2\/users\/1"}],"replies":[{"embeddable":true,"href":"https:\/\/www.pekarnasrnin.cz\/de\/wp-json\/wp\/v2\/comments?post=2532"}],"version-history":[{"count":1,"href":"https:\/\/www.pekarnasrnin.cz\/de\/wp-json\/wp\/v2\/pages\/2532\/revisions"}],"predecessor-version":[{"id":2533,"href":"https:\/\/www.pekarnasrnin.cz\/de\/wp-json\/wp\/v2\/pages\/2532\/revisions\/2533"}],"wp:attachment":[{"href":"https:\/\/www.pekarnasrnin.cz\/de\/wp-json\/wp\/v2\/media?parent=2532"}],"curies":[{"name":"wp","href":"https:\/\/api.w.org\/{rel}","templated":true}]}}