{"id":2542,"date":"2021-06-14T12:52:13","date_gmt":"2021-06-14T10:52:13","guid":{"rendered":"https:\/\/www.pekarnasrnin.cz\/vyrobky\/"},"modified":"2022-05-11T16:17:14","modified_gmt":"2022-05-11T14:17:14","slug":"produkte","status":"publish","type":"page","link":"https:\/\/www.pekarnasrnin.cz\/de\/produkte\/","title":{"rendered":"Produkte"},"content":{"rendered":"<div class=\"wpb-content-wrapper\"><p>[vc_row full_width=&#8221;stretch_row&#8221; el_id=&#8221;vyrobky-bg&#8221; css=&#8221;.vc_custom_1623673070969{padding-top: 60px !important;}&#8221;][vc_column][vc_column_text]<\/p>\n<h2 style=\"text-align: center; font-size: 48px; font-family: 'Microbrew'!important; color: #6b3c0a;\">UNSER PRODUKTKATALOG<\/h2>\n<p style=\"text-align: center; color: #6b3c0a;\">Wir f\u00fchren die besten Traditionen des ehrlichen B\u00e4ckerhandwerks fort. Jeden Tag<br \/>\nbereiten wir f\u00fcr Sie eine breite Palette von Back- und Konditoreiprodukten zu.<\/p>\n<p>[\/vc_column_text][vc_column_text]<div class=\"woocommerce columns-3 \"><ul class=\"products columns-3\">\r\n<li class=\"odd product type-product post-2643 status-publish first instock has-post-thumbnail shipping-taxable product-type-simple\">\r\n\t<\/li>\r\n<li class=\"even product type-product post-2644 status-publish instock product_cat-leckerbissen has-post-thumbnail shipping-taxable product-type-simple\">\r\n\t<\/li>\r\n<li class=\"odd product type-product post-2645 status-publish last instock product_cat-salate-brotaufstriche has-post-thumbnail shipping-taxable product-type-simple\">\r\n\t<\/li>\r\n<li class=\"even product type-product post-2646 status-publish first instock has-post-thumbnail shipping-taxable product-type-simple\">\r\n\t<\/li>\r\n<li class=\"odd product type-product post-2647 status-publish instock product_cat-salate-brotaufstriche has-post-thumbnail shipping-taxable product-type-simple\">\r\n\t<\/li>\r\n<li class=\"even product type-product post-2648 status-publish last instock has-post-thumbnail shipping-taxable product-type-simple\">\r\n\t<\/li>\r\n<li class=\"odd product type-product post-2628 status-publish first instock has-post-thumbnail shipping-taxable product-type-simple\">\r\n\t<\/li>\r\n<li class=\"even product type-product post-2629 status-publish instock has-post-thumbnail shipping-taxable product-type-simple\">\r\n\t<\/li>\r\n<li class=\"odd product type-product post-2630 status-publish last instock product_cat-belegte-brotchen has-post-thumbnail shipping-taxable product-type-simple\">\r\n\t<\/li>\r\n<li class=\"even product type-product post-2631 status-publish first instock has-post-thumbnail shipping-taxable product-type-simple\">\r\n\t<\/li>\r\n<li class=\"odd product type-product post-2632 status-publish instock product_cat-belegte-brotchen product_cat-leckerbissen has-post-thumbnail shipping-taxable product-type-simple\">\r\n\t<\/li>\r\n<li class=\"even product type-product post-2633 status-publish last instock has-post-thumbnail shipping-taxable product-type-simple\">\r\n\t<\/li>\r\n<\/ul>\r\n<\/div>[\/vc_column_text][\/vc_column][\/vc_row]<\/p>\n<\/div>","protected":false},"excerpt":{"rendered":"<p>[vc_row full_width=&#8221;stretch_row&#8221; el_id=&#8221;vyrobky-bg&#8221; css=&#8221;.vc_custom_1623673070969{padding-top: 60px !important;}&#8221;][vc_column][vc_column_text] UNSER PRODUKTKATALOG Wir f\u00fchren die besten Traditionen des ehrlichen B\u00e4ckerhandwerks fort. Jeden Tag bereiten wir f\u00fcr Sie eine breite Palette von Back- und Konditoreiprodukten zu. [\/vc_column_text][vc_column_text][\/vc_column_text][\/vc_column][\/vc_row]<\/p>\n","protected":false},"author":1,"featured_media":0,"parent":0,"menu_order":0,"comment_status":"closed","ping_status":"closed","template":"template-fullwidth.php","meta":{"_monsterinsights_skip_tracking":false,"_monsterinsights_sitenote_active":false,"_monsterinsights_sitenote_note":"","_monsterinsights_sitenote_category":0,"footnotes":""},"class_list":["post-2542","page","type-page","status-publish","hentry","odd"],"yoast_head":"<!-- This site is optimized with the Yoast SEO plugin v17.7.1 - https:\/\/yoast.com\/wordpress\/plugins\/seo\/ -->\n<title>Produkte | Pek\u00e1rna Srn\u00edn<\/title>\n<meta name=\"description\" content=\"Wir f\u00fchren die besten Traditionen des ehrlichen B\u00e4ckerhandwerks fort. Jeden Tag Bereiten wir f\u00fcr Sie eine breite Palette von produkten zu.\" \/>\n<meta name=\"robots\" content=\"index, follow, max-snippet:-1, max-image-preview:large, max-video-preview:-1\" \/>\n<link rel=\"canonical\" href=\"https:\/\/www.pekarnasrnin.cz\/de\/produkte\/\" \/>\n<meta property=\"og:locale\" content=\"de_DE\" \/>\n<meta property=\"og:type\" content=\"article\" \/>\n<meta property=\"og:title\" content=\"Produkte | Pek\u00e1rna Srn\u00edn\" \/>\n<meta property=\"og:description\" content=\"Wir f\u00fchren die besten Traditionen des ehrlichen B\u00e4ckerhandwerks fort. Jeden Tag Bereiten wir f\u00fcr Sie eine breite Palette von produkten zu.\" \/>\n<meta property=\"og:url\" content=\"https:\/\/www.pekarnasrnin.cz\/de\/produkte\/\" \/>\n<meta property=\"og:site_name\" content=\"Pek\u00e1rna Srn\u00edn\" \/>\n<meta property=\"article:publisher\" content=\"https:\/\/www.facebook.com\/pekarnasrnin\/\" \/>\n<meta property=\"article:modified_time\" content=\"2022-05-11T14:17:14+00:00\" \/>\n<meta property=\"og:image\" content=\"https:\/\/www.pekarnasrnin.cz\/wp-content\/uploads\/2021\/06\/pekarna-srnin-img.jpg\" \/>\n\t<meta property=\"og:image:width\" content=\"1920\" \/>\n\t<meta property=\"og:image:height\" content=\"645\" \/>\n<meta name=\"twitter:card\" content=\"summary_large_image\" \/>\n<meta name=\"twitter:label1\" content=\"Gesch\u00e4tzte Lesezeit\" \/>\n\t<meta name=\"twitter:data1\" content=\"1\u00a0Minute\" \/>\n<script type=\"application\/ld+json\" class=\"yoast-schema-graph\">{\"@context\":\"https:\/\/schema.org\",\"@graph\":[{\"@type\":\"Organization\",\"@id\":\"https:\/\/www.pekarnasrnin.cz\/#organization\",\"name\":\"Pek\\u00e1rna Srn\\u00edn\",\"url\":\"https:\/\/www.pekarnasrnin.cz\/\",\"sameAs\":[\"https:\/\/www.facebook.com\/pekarnasrnin\/\"],\"logo\":{\"@type\":\"ImageObject\",\"@id\":\"https:\/\/www.pekarnasrnin.cz\/#logo\",\"inLanguage\":\"de\",\"url\":\"http:\/\/www.pekarnasrnin.cz\/wp-content\/uploads\/2021\/06\/pekarna-srnin-logo.png\",\"contentUrl\":\"http:\/\/www.pekarnasrnin.cz\/wp-content\/uploads\/2021\/06\/pekarna-srnin-logo.png\",\"width\":172,\"height\":182,\"caption\":\"Pek\\u00e1rna Srn\\u00edn\"},\"image\":{\"@id\":\"https:\/\/www.pekarnasrnin.cz\/#logo\"}},{\"@type\":\"WebSite\",\"@id\":\"https:\/\/www.pekarnasrnin.cz\/#website\",\"url\":\"https:\/\/www.pekarnasrnin.cz\/\",\"name\":\"Pek\\u00e1rna Srn\\u00edn\",\"description\":\"navazujeme na poctiv\\u00e9 peka\\u0159sk\\u00e9 \\u0159emeslo\",\"publisher\":{\"@id\":\"https:\/\/www.pekarnasrnin.cz\/#organization\"},\"potentialAction\":[{\"@type\":\"SearchAction\",\"target\":{\"@type\":\"EntryPoint\",\"urlTemplate\":\"https:\/\/www.pekarnasrnin.cz\/?s={search_term_string}\"},\"query-input\":\"required name=search_term_string\"}],\"inLanguage\":\"de\"},{\"@type\":\"ImageObject\",\"@id\":\"https:\/\/www.pekarnasrnin.cz\/de\/produkte\/#primaryimage\",\"inLanguage\":\"de\",\"url\":\"https:\/\/www.pekarnasrnin.cz\/wp-content\/uploads\/2021\/06\/pekarna-srnin-img.jpg\",\"contentUrl\":\"https:\/\/www.pekarnasrnin.cz\/wp-content\/uploads\/2021\/06\/pekarna-srnin-img.jpg\",\"width\":1920,\"height\":645},{\"@type\":\"WebPage\",\"@id\":\"https:\/\/www.pekarnasrnin.cz\/de\/produkte\/#webpage\",\"url\":\"https:\/\/www.pekarnasrnin.cz\/de\/produkte\/\",\"name\":\"Produkte | Pek\\u00e1rna Srn\\u00edn\",\"isPartOf\":{\"@id\":\"https:\/\/www.pekarnasrnin.cz\/#website\"},\"datePublished\":\"2021-06-14T10:52:13+00:00\",\"dateModified\":\"2022-05-11T14:17:14+00:00\",\"description\":\"Wir f\\u00fchren die besten Traditionen des ehrlichen B\\u00e4ckerhandwerks fort. Jeden Tag Bereiten wir f\\u00fcr Sie eine breite Palette von produkten zu.\",\"breadcrumb\":{\"@id\":\"https:\/\/www.pekarnasrnin.cz\/de\/produkte\/#breadcrumb\"},\"inLanguage\":\"de\",\"potentialAction\":[{\"@type\":\"ReadAction\",\"target\":[\"https:\/\/www.pekarnasrnin.cz\/de\/produkte\/\"]}]},{\"@type\":\"BreadcrumbList\",\"@id\":\"https:\/\/www.pekarnasrnin.cz\/de\/produkte\/#breadcrumb\",\"itemListElement\":[{\"@type\":\"ListItem\",\"position\":1,\"name\":\"Dom\\u016f\",\"item\":\"https:\/\/www.pekarnasrnin.cz\/de\/\"},{\"@type\":\"ListItem\",\"position\":2,\"name\":\"Produkte\"}]}]}<\/script>\n<!-- \/ Yoast SEO plugin. -->","yoast_head_json":{"title":"Produkte | Pek\u00e1rna Srn\u00edn","description":"Wir f\u00fchren die besten Traditionen des ehrlichen B\u00e4ckerhandwerks fort. Jeden Tag Bereiten wir f\u00fcr Sie eine breite Palette von produkten zu.","robots":{"index":"index","follow":"follow","max-snippet":"max-snippet:-1","max-image-preview":"max-image-preview:large","max-video-preview":"max-video-preview:-1"},"canonical":"https:\/\/www.pekarnasrnin.cz\/de\/produkte\/","og_locale":"de_DE","og_type":"article","og_title":"Produkte | Pek\u00e1rna Srn\u00edn","og_description":"Wir f\u00fchren die besten Traditionen des ehrlichen B\u00e4ckerhandwerks fort. Jeden Tag Bereiten wir f\u00fcr Sie eine breite Palette von produkten zu.","og_url":"https:\/\/www.pekarnasrnin.cz\/de\/produkte\/","og_site_name":"Pek\u00e1rna Srn\u00edn","article_publisher":"https:\/\/www.facebook.com\/pekarnasrnin\/","article_modified_time":"2022-05-11T14:17:14+00:00","og_image":[{"width":1920,"height":645,"url":"https:\/\/www.pekarnasrnin.cz\/wp-content\/uploads\/2021\/06\/pekarna-srnin-img.jpg","type":"image\/jpeg"}],"twitter_card":"summary_large_image","twitter_misc":{"Gesch\u00e4tzte Lesezeit":"1\u00a0Minute"},"schema":{"@context":"https:\/\/schema.org","@graph":[{"@type":"Organization","@id":"https:\/\/www.pekarnasrnin.cz\/#organization","name":"Pek\u00e1rna Srn\u00edn","url":"https:\/\/www.pekarnasrnin.cz\/","sameAs":["https:\/\/www.facebook.com\/pekarnasrnin\/"],"logo":{"@type":"ImageObject","@id":"https:\/\/www.pekarnasrnin.cz\/#logo","inLanguage":"de","url":"http:\/\/www.pekarnasrnin.cz\/wp-content\/uploads\/2021\/06\/pekarna-srnin-logo.png","contentUrl":"http:\/\/www.pekarnasrnin.cz\/wp-content\/uploads\/2021\/06\/pekarna-srnin-logo.png","width":172,"height":182,"caption":"Pek\u00e1rna Srn\u00edn"},"image":{"@id":"https:\/\/www.pekarnasrnin.cz\/#logo"}},{"@type":"WebSite","@id":"https:\/\/www.pekarnasrnin.cz\/#website","url":"https:\/\/www.pekarnasrnin.cz\/","name":"Pek\u00e1rna Srn\u00edn","description":"navazujeme na poctiv\u00e9 peka\u0159sk\u00e9 \u0159emeslo","publisher":{"@id":"https:\/\/www.pekarnasrnin.cz\/#organization"},"potentialAction":[{"@type":"SearchAction","target":{"@type":"EntryPoint","urlTemplate":"https:\/\/www.pekarnasrnin.cz\/?s={search_term_string}"},"query-input":"required name=search_term_string"}],"inLanguage":"de"},{"@type":"ImageObject","@id":"https:\/\/www.pekarnasrnin.cz\/de\/produkte\/#primaryimage","inLanguage":"de","url":"https:\/\/www.pekarnasrnin.cz\/wp-content\/uploads\/2021\/06\/pekarna-srnin-img.jpg","contentUrl":"https:\/\/www.pekarnasrnin.cz\/wp-content\/uploads\/2021\/06\/pekarna-srnin-img.jpg","width":1920,"height":645},{"@type":"WebPage","@id":"https:\/\/www.pekarnasrnin.cz\/de\/produkte\/#webpage","url":"https:\/\/www.pekarnasrnin.cz\/de\/produkte\/","name":"Produkte | Pek\u00e1rna Srn\u00edn","isPartOf":{"@id":"https:\/\/www.pekarnasrnin.cz\/#website"},"datePublished":"2021-06-14T10:52:13+00:00","dateModified":"2022-05-11T14:17:14+00:00","description":"Wir f\u00fchren die besten Traditionen des ehrlichen B\u00e4ckerhandwerks fort. Jeden Tag Bereiten wir f\u00fcr Sie eine breite Palette von produkten zu.","breadcrumb":{"@id":"https:\/\/www.pekarnasrnin.cz\/de\/produkte\/#breadcrumb"},"inLanguage":"de","potentialAction":[{"@type":"ReadAction","target":["https:\/\/www.pekarnasrnin.cz\/de\/produkte\/"]}]},{"@type":"BreadcrumbList","@id":"https:\/\/www.pekarnasrnin.cz\/de\/produkte\/#breadcrumb","itemListElement":[{"@type":"ListItem","position":1,"name":"Dom\u016f","item":"https:\/\/www.pekarnasrnin.cz\/de\/"},{"@type":"ListItem","position":2,"name":"Produkte"}]}]}},"_links":{"self":[{"href":"https:\/\/www.pekarnasrnin.cz\/de\/wp-json\/wp\/v2\/pages\/2542","targetHints":{"allow":["GET"]}}],"collection":[{"href":"https:\/\/www.pekarnasrnin.cz\/de\/wp-json\/wp\/v2\/pages"}],"about":[{"href":"https:\/\/www.pekarnasrnin.cz\/de\/wp-json\/wp\/v2\/types\/page"}],"author":[{"embeddable":true,"href":"https:\/\/www.pekarnasrnin.cz\/de\/wp-json\/wp\/v2\/users\/1"}],"replies":[{"embeddable":true,"href":"https:\/\/www.pekarnasrnin.cz\/de\/wp-json\/wp\/v2\/comments?post=2542"}],"version-history":[{"count":1,"href":"https:\/\/www.pekarnasrnin.cz\/de\/wp-json\/wp\/v2\/pages\/2542\/revisions"}],"predecessor-version":[{"id":2543,"href":"https:\/\/www.pekarnasrnin.cz\/de\/wp-json\/wp\/v2\/pages\/2542\/revisions\/2543"}],"wp:attachment":[{"href":"https:\/\/www.pekarnasrnin.cz\/de\/wp-json\/wp\/v2\/media?parent=2542"}],"curies":[{"name":"wp","href":"https:\/\/api.w.org\/{rel}","templated":true}]}}