{"id":2692,"date":"2021-08-18T16:09:40","date_gmt":"2021-08-18T14:09:40","guid":{"rendered":"https:\/\/www.pekarnasrnin.cz\/srnin-chleb\/"},"modified":"2022-05-11T13:53:12","modified_gmt":"2022-05-11T11:53:12","slug":"brot","status":"publish","type":"page","link":"https:\/\/www.pekarnasrnin.cz\/de\/brot\/","title":{"rendered":"Brot"},"content":{"rendered":"<div class=\"wpb-content-wrapper\"><p>[vc_row][vc_column width=&#8221;1\/4&#8243; el_id=&#8221;sloupec&#8221;][vc_column_text]<a href=\"https:\/\/www.pekarnasrnin.cz\/de\/kategorie-produktu\/verpackt\/\"><img loading=\"lazy\" decoding=\"async\" class=\"aligncenter wp-image-1187 size-full\" src=\"http:\/\/www.pekarnasrnin.cz\/wp-content\/uploads\/2021\/10\/1198_Rezny-chleb-krajeny-baleny_375g_3d.jpeg\" alt=\"\" width=\"705\" height=\"705\" srcset=\"https:\/\/www.pekarnasrnin.cz\/wp-content\/uploads\/2021\/10\/1198_Rezny-chleb-krajeny-baleny_375g_3d.jpeg 705w, https:\/\/www.pekarnasrnin.cz\/wp-content\/uploads\/2021\/10\/1198_Rezny-chleb-krajeny-baleny_375g_3d-300x300.jpeg 300w, https:\/\/www.pekarnasrnin.cz\/wp-content\/uploads\/2021\/10\/1198_Rezny-chleb-krajeny-baleny_375g_3d-150x150.jpeg 150w, https:\/\/www.pekarnasrnin.cz\/wp-content\/uploads\/2021\/10\/1198_Rezny-chleb-krajeny-baleny_375g_3d-420x420.jpeg 420w, https:\/\/www.pekarnasrnin.cz\/wp-content\/uploads\/2021\/10\/1198_Rezny-chleb-krajeny-baleny_375g_3d-600x600.jpeg 600w, https:\/\/www.pekarnasrnin.cz\/wp-content\/uploads\/2021\/10\/1198_Rezny-chleb-krajeny-baleny_375g_3d-100x100.jpeg 100w\" sizes=\"auto, (max-width: 705px) 100vw, 705px\" \/><\/a><\/p>\n<h2 style=\"text-align: center;\">Verpackt<\/h2>\n<p>[\/vc_column_text]<a href=\"https:\/\/www.pekarnasrnin.cz\/de\/kategorie-produktu\/verpackt\/\" class=\"wh-alt-button-2 vc_custom_1652269981392 tlacitkonastred scp_theme_button-87c2a678e6db2c81eb100e147009e3c7\">PRODUKTE ANSEHEN<\/a>[\/vc_column][vc_column width=&#8221;1\/4&#8243; el_id=&#8221;sloupec&#8221;][vc_column_text]<a href=\"https:\/\/www.pekarnasrnin.cz\/de\/kategorie-produktu\/unverpackt\/\"><img loading=\"lazy\" decoding=\"async\" class=\"aligncenter wp-image-1103 size-full\" src=\"http:\/\/www.pekarnasrnin.cz\/wp-content\/uploads\/2021\/10\/1006_Chleb-kulaty_2000g_24h.jpeg\" alt=\"\" width=\"588\" height=\"588\" srcset=\"https:\/\/www.pekarnasrnin.cz\/wp-content\/uploads\/2021\/10\/1006_Chleb-kulaty_2000g_24h.jpeg 588w, https:\/\/www.pekarnasrnin.cz\/wp-content\/uploads\/2021\/10\/1006_Chleb-kulaty_2000g_24h-300x300.jpeg 300w, https:\/\/www.pekarnasrnin.cz\/wp-content\/uploads\/2021\/10\/1006_Chleb-kulaty_2000g_24h-150x150.jpeg 150w, https:\/\/www.pekarnasrnin.cz\/wp-content\/uploads\/2021\/10\/1006_Chleb-kulaty_2000g_24h-420x420.jpeg 420w, https:\/\/www.pekarnasrnin.cz\/wp-content\/uploads\/2021\/10\/1006_Chleb-kulaty_2000g_24h-100x100.jpeg 100w\" sizes=\"auto, (max-width: 588px) 100vw, 588px\" \/><\/a><\/p>\n<h2 style=\"text-align: center;\">Unverpackt<\/h2>\n<p>[\/vc_column_text]<a href=\"https:\/\/www.pekarnasrnin.cz\/de\/kategorie-produktu\/unverpackt\/\" class=\"wh-alt-button-2 vc_custom_1652269984040 tlacitkonastred scp_theme_button-774aedb601cd4133caf610c6f2882990\">PRODUKTE ANSEHEN<\/a>[\/vc_column][vc_column width=&#8221;1\/4&#8243; el_id=&#8221;sloupec&#8221;][vc_column_text]<a href=\"https:\/\/www.pekarnasrnin.cz\/de\/kategorie-produktu\/fit-de-2\/\"><img loading=\"lazy\" decoding=\"async\" class=\"aligncenter wp-image-1098 size-full\" src=\"http:\/\/www.pekarnasrnin.cz\/wp-content\/uploads\/2021\/10\/1323_Rustikalni-chlebicek_300g_24h.jpeg\" alt=\"\" width=\"644\" height=\"644\" srcset=\"https:\/\/www.pekarnasrnin.cz\/wp-content\/uploads\/2021\/10\/1323_Rustikalni-chlebicek_300g_24h.jpeg 644w, https:\/\/www.pekarnasrnin.cz\/wp-content\/uploads\/2021\/10\/1323_Rustikalni-chlebicek_300g_24h-300x300.jpeg 300w, https:\/\/www.pekarnasrnin.cz\/wp-content\/uploads\/2021\/10\/1323_Rustikalni-chlebicek_300g_24h-150x150.jpeg 150w, https:\/\/www.pekarnasrnin.cz\/wp-content\/uploads\/2021\/10\/1323_Rustikalni-chlebicek_300g_24h-420x420.jpeg 420w, https:\/\/www.pekarnasrnin.cz\/wp-content\/uploads\/2021\/10\/1323_Rustikalni-chlebicek_300g_24h-600x600.jpeg 600w, https:\/\/www.pekarnasrnin.cz\/wp-content\/uploads\/2021\/10\/1323_Rustikalni-chlebicek_300g_24h-100x100.jpeg 100w\" sizes=\"auto, (max-width: 644px) 100vw, 644px\" \/><\/a><\/p>\n<h2 style=\"text-align: center;\">Fit<\/h2>\n<p>[\/vc_column_text]<a href=\"https:\/\/www.pekarnasrnin.cz\/de\/kategorie-produktu\/fit-de-2\/\" class=\"wh-alt-button-2 vc_custom_1652269986904 tlacitkonastred scp_theme_button-81ccca9d8d48c1e1a2e585f19bd51349\">PRODUKTE ANSEHEN<\/a>[\/vc_column][vc_column width=&#8221;1\/4&#8243; el_id=&#8221;sloupec&#8221;][vc_column_text]<a href=\"https:\/\/www.pekarnasrnin.cz\/de\/kategorie-produktu\/toastbrot\/\"><img loading=\"lazy\" decoding=\"async\" class=\"aligncenter wp-image-1181 size-full\" src=\"http:\/\/www.pekarnasrnin.cz\/wp-content\/uploads\/2021\/10\/1114_Toustovy-chleb-krajeny-baleny-bily_500g_8d.jpeg\" alt=\"\" width=\"690\" height=\"690\" srcset=\"https:\/\/www.pekarnasrnin.cz\/wp-content\/uploads\/2021\/10\/1114_Toustovy-chleb-krajeny-baleny-bily_500g_8d.jpeg 690w, https:\/\/www.pekarnasrnin.cz\/wp-content\/uploads\/2021\/10\/1114_Toustovy-chleb-krajeny-baleny-bily_500g_8d-300x300.jpeg 300w, https:\/\/www.pekarnasrnin.cz\/wp-content\/uploads\/2021\/10\/1114_Toustovy-chleb-krajeny-baleny-bily_500g_8d-150x150.jpeg 150w, https:\/\/www.pekarnasrnin.cz\/wp-content\/uploads\/2021\/10\/1114_Toustovy-chleb-krajeny-baleny-bily_500g_8d-420x420.jpeg 420w, https:\/\/www.pekarnasrnin.cz\/wp-content\/uploads\/2021\/10\/1114_Toustovy-chleb-krajeny-baleny-bily_500g_8d-600x600.jpeg 600w, https:\/\/www.pekarnasrnin.cz\/wp-content\/uploads\/2021\/10\/1114_Toustovy-chleb-krajeny-baleny-bily_500g_8d-100x100.jpeg 100w\" sizes=\"auto, (max-width: 690px) 100vw, 690px\" \/><\/a><\/p>\n<h2 style=\"text-align: center;\">Toastbrot<\/h2>\n<p>[\/vc_column_text]<a href=\"https:\/\/www.pekarnasrnin.cz\/de\/kategorie-produktu\/toastbrot\/\" class=\"wh-alt-button-2 vc_custom_1652269989952 tlacitkonastred scp_theme_button-2c28b45c325fc0e4eb81bd966a0d8eb4\">PRODUKTE ANSEHEN<\/a>[\/vc_column][\/vc_row]<\/p>\n<\/div>","protected":false},"excerpt":{"rendered":"<p>[vc_row][vc_column width=&#8221;1\/4&#8243; el_id=&#8221;sloupec&#8221;][vc_column_text] Verpackt [\/vc_column_text][\/vc_column][vc_column width=&#8221;1\/4&#8243; el_id=&#8221;sloupec&#8221;][vc_column_text] Unverpackt [\/vc_column_text][\/vc_column][vc_column width=&#8221;1\/4&#8243; el_id=&#8221;sloupec&#8221;][vc_column_text] Fit [\/vc_column_text][\/vc_column][vc_column width=&#8221;1\/4&#8243; el_id=&#8221;sloupec&#8221;][vc_column_text] Toastbrot [\/vc_column_text][\/vc_column][\/vc_row]<\/p>\n","protected":false},"author":1,"featured_media":0,"parent":0,"menu_order":0,"comment_status":"closed","ping_status":"closed","template":"","meta":{"_monsterinsights_skip_tracking":false,"_monsterinsights_sitenote_active":false,"_monsterinsights_sitenote_note":"","_monsterinsights_sitenote_category":0,"footnotes":""},"class_list":["post-2692","page","type-page","status-publish","hentry","odd"],"yoast_head":"<!-- This site is optimized with the Yoast SEO plugin v17.7.1 - https:\/\/yoast.com\/wordpress\/plugins\/seo\/ -->\n<title>Brot | Pek\u00e1rna Srn\u00edn<\/title>\n<meta name=\"robots\" content=\"index, follow, max-snippet:-1, max-image-preview:large, max-video-preview:-1\" \/>\n<link rel=\"canonical\" href=\"https:\/\/www.pekarnasrnin.cz\/de\/brot\/\" \/>\n<meta property=\"og:locale\" content=\"de_DE\" \/>\n<meta property=\"og:type\" content=\"article\" \/>\n<meta property=\"og:title\" content=\"Brot | Pek\u00e1rna Srn\u00edn\" \/>\n<meta property=\"og:description\" content=\"[vc_row][vc_column width=&#8221;1\/4&#8243; el_id=&#8221;sloupec&#8221;][vc_column_text] Verpackt [\/vc_column_text][\/vc_column][vc_column width=&#8221;1\/4&#8243; el_id=&#8221;sloupec&#8221;][vc_column_text] Unverpackt [\/vc_column_text][\/vc_column][vc_column width=&#8221;1\/4&#8243; el_id=&#8221;sloupec&#8221;][vc_column_text] Fit [\/vc_column_text][\/vc_column][vc_column width=&#8221;1\/4&#8243; el_id=&#8221;sloupec&#8221;][vc_column_text] Toastbrot [\/vc_column_text][\/vc_column][\/vc_row]\" \/>\n<meta property=\"og:url\" content=\"https:\/\/www.pekarnasrnin.cz\/de\/brot\/\" \/>\n<meta property=\"og:site_name\" content=\"Pek\u00e1rna Srn\u00edn\" \/>\n<meta property=\"article:publisher\" content=\"https:\/\/www.facebook.com\/pekarnasrnin\/\" \/>\n<meta property=\"article:modified_time\" content=\"2022-05-11T11:53:12+00:00\" \/>\n<meta property=\"og:image\" content=\"http:\/\/www.pekarnasrnin.cz\/wp-content\/uploads\/2021\/10\/1198_Rezny-chleb-krajeny-baleny_375g_3d.jpeg\" \/>\n<meta name=\"twitter:card\" content=\"summary_large_image\" \/>\n<meta name=\"twitter:label1\" content=\"Gesch\u00e4tzte Lesezeit\" \/>\n\t<meta name=\"twitter:data1\" content=\"2\u00a0Minuten\" \/>\n<script type=\"application\/ld+json\" class=\"yoast-schema-graph\">{\"@context\":\"https:\/\/schema.org\",\"@graph\":[{\"@type\":\"Organization\",\"@id\":\"https:\/\/www.pekarnasrnin.cz\/#organization\",\"name\":\"Pek\\u00e1rna Srn\\u00edn\",\"url\":\"https:\/\/www.pekarnasrnin.cz\/\",\"sameAs\":[\"https:\/\/www.facebook.com\/pekarnasrnin\/\"],\"logo\":{\"@type\":\"ImageObject\",\"@id\":\"https:\/\/www.pekarnasrnin.cz\/#logo\",\"inLanguage\":\"de\",\"url\":\"http:\/\/www.pekarnasrnin.cz\/wp-content\/uploads\/2021\/06\/pekarna-srnin-logo.png\",\"contentUrl\":\"http:\/\/www.pekarnasrnin.cz\/wp-content\/uploads\/2021\/06\/pekarna-srnin-logo.png\",\"width\":172,\"height\":182,\"caption\":\"Pek\\u00e1rna Srn\\u00edn\"},\"image\":{\"@id\":\"https:\/\/www.pekarnasrnin.cz\/#logo\"}},{\"@type\":\"WebSite\",\"@id\":\"https:\/\/www.pekarnasrnin.cz\/#website\",\"url\":\"https:\/\/www.pekarnasrnin.cz\/\",\"name\":\"Pek\\u00e1rna Srn\\u00edn\",\"description\":\"navazujeme na poctiv\\u00e9 peka\\u0159sk\\u00e9 \\u0159emeslo\",\"publisher\":{\"@id\":\"https:\/\/www.pekarnasrnin.cz\/#organization\"},\"potentialAction\":[{\"@type\":\"SearchAction\",\"target\":{\"@type\":\"EntryPoint\",\"urlTemplate\":\"https:\/\/www.pekarnasrnin.cz\/?s={search_term_string}\"},\"query-input\":\"required name=search_term_string\"}],\"inLanguage\":\"de\"},{\"@type\":\"ImageObject\",\"@id\":\"https:\/\/www.pekarnasrnin.cz\/de\/brot\/#primaryimage\",\"inLanguage\":\"de\",\"url\":\"http:\/\/www.pekarnasrnin.cz\/wp-content\/uploads\/2021\/10\/1198_Rezny-chleb-krajeny-baleny_375g_3d.jpeg\",\"contentUrl\":\"http:\/\/www.pekarnasrnin.cz\/wp-content\/uploads\/2021\/10\/1198_Rezny-chleb-krajeny-baleny_375g_3d.jpeg\"},{\"@type\":\"WebPage\",\"@id\":\"https:\/\/www.pekarnasrnin.cz\/de\/brot\/#webpage\",\"url\":\"https:\/\/www.pekarnasrnin.cz\/de\/brot\/\",\"name\":\"Brot | Pek\\u00e1rna Srn\\u00edn\",\"isPartOf\":{\"@id\":\"https:\/\/www.pekarnasrnin.cz\/#website\"},\"primaryImageOfPage\":{\"@id\":\"https:\/\/www.pekarnasrnin.cz\/de\/brot\/#primaryimage\"},\"datePublished\":\"2021-08-18T14:09:40+00:00\",\"dateModified\":\"2022-05-11T11:53:12+00:00\",\"breadcrumb\":{\"@id\":\"https:\/\/www.pekarnasrnin.cz\/de\/brot\/#breadcrumb\"},\"inLanguage\":\"de\",\"potentialAction\":[{\"@type\":\"ReadAction\",\"target\":[\"https:\/\/www.pekarnasrnin.cz\/de\/brot\/\"]}]},{\"@type\":\"BreadcrumbList\",\"@id\":\"https:\/\/www.pekarnasrnin.cz\/de\/brot\/#breadcrumb\",\"itemListElement\":[{\"@type\":\"ListItem\",\"position\":1,\"name\":\"Dom\\u016f\",\"item\":\"https:\/\/www.pekarnasrnin.cz\/de\/\"},{\"@type\":\"ListItem\",\"position\":2,\"name\":\"Brot\"}]}]}<\/script>\n<!-- \/ Yoast SEO plugin. -->","yoast_head_json":{"title":"Brot | Pek\u00e1rna Srn\u00edn","robots":{"index":"index","follow":"follow","max-snippet":"max-snippet:-1","max-image-preview":"max-image-preview:large","max-video-preview":"max-video-preview:-1"},"canonical":"https:\/\/www.pekarnasrnin.cz\/de\/brot\/","og_locale":"de_DE","og_type":"article","og_title":"Brot | Pek\u00e1rna Srn\u00edn","og_description":"[vc_row][vc_column width=&#8221;1\/4&#8243; el_id=&#8221;sloupec&#8221;][vc_column_text] Verpackt [\/vc_column_text][\/vc_column][vc_column width=&#8221;1\/4&#8243; el_id=&#8221;sloupec&#8221;][vc_column_text] Unverpackt [\/vc_column_text][\/vc_column][vc_column width=&#8221;1\/4&#8243; el_id=&#8221;sloupec&#8221;][vc_column_text] Fit [\/vc_column_text][\/vc_column][vc_column width=&#8221;1\/4&#8243; el_id=&#8221;sloupec&#8221;][vc_column_text] Toastbrot [\/vc_column_text][\/vc_column][\/vc_row]","og_url":"https:\/\/www.pekarnasrnin.cz\/de\/brot\/","og_site_name":"Pek\u00e1rna Srn\u00edn","article_publisher":"https:\/\/www.facebook.com\/pekarnasrnin\/","article_modified_time":"2022-05-11T11:53:12+00:00","og_image":[{"url":"http:\/\/www.pekarnasrnin.cz\/wp-content\/uploads\/2021\/10\/1198_Rezny-chleb-krajeny-baleny_375g_3d.jpeg"}],"twitter_card":"summary_large_image","twitter_misc":{"Gesch\u00e4tzte Lesezeit":"2\u00a0Minuten"},"schema":{"@context":"https:\/\/schema.org","@graph":[{"@type":"Organization","@id":"https:\/\/www.pekarnasrnin.cz\/#organization","name":"Pek\u00e1rna Srn\u00edn","url":"https:\/\/www.pekarnasrnin.cz\/","sameAs":["https:\/\/www.facebook.com\/pekarnasrnin\/"],"logo":{"@type":"ImageObject","@id":"https:\/\/www.pekarnasrnin.cz\/#logo","inLanguage":"de","url":"http:\/\/www.pekarnasrnin.cz\/wp-content\/uploads\/2021\/06\/pekarna-srnin-logo.png","contentUrl":"http:\/\/www.pekarnasrnin.cz\/wp-content\/uploads\/2021\/06\/pekarna-srnin-logo.png","width":172,"height":182,"caption":"Pek\u00e1rna Srn\u00edn"},"image":{"@id":"https:\/\/www.pekarnasrnin.cz\/#logo"}},{"@type":"WebSite","@id":"https:\/\/www.pekarnasrnin.cz\/#website","url":"https:\/\/www.pekarnasrnin.cz\/","name":"Pek\u00e1rna Srn\u00edn","description":"navazujeme na poctiv\u00e9 peka\u0159sk\u00e9 \u0159emeslo","publisher":{"@id":"https:\/\/www.pekarnasrnin.cz\/#organization"},"potentialAction":[{"@type":"SearchAction","target":{"@type":"EntryPoint","urlTemplate":"https:\/\/www.pekarnasrnin.cz\/?s={search_term_string}"},"query-input":"required name=search_term_string"}],"inLanguage":"de"},{"@type":"ImageObject","@id":"https:\/\/www.pekarnasrnin.cz\/de\/brot\/#primaryimage","inLanguage":"de","url":"http:\/\/www.pekarnasrnin.cz\/wp-content\/uploads\/2021\/10\/1198_Rezny-chleb-krajeny-baleny_375g_3d.jpeg","contentUrl":"http:\/\/www.pekarnasrnin.cz\/wp-content\/uploads\/2021\/10\/1198_Rezny-chleb-krajeny-baleny_375g_3d.jpeg"},{"@type":"WebPage","@id":"https:\/\/www.pekarnasrnin.cz\/de\/brot\/#webpage","url":"https:\/\/www.pekarnasrnin.cz\/de\/brot\/","name":"Brot | Pek\u00e1rna Srn\u00edn","isPartOf":{"@id":"https:\/\/www.pekarnasrnin.cz\/#website"},"primaryImageOfPage":{"@id":"https:\/\/www.pekarnasrnin.cz\/de\/brot\/#primaryimage"},"datePublished":"2021-08-18T14:09:40+00:00","dateModified":"2022-05-11T11:53:12+00:00","breadcrumb":{"@id":"https:\/\/www.pekarnasrnin.cz\/de\/brot\/#breadcrumb"},"inLanguage":"de","potentialAction":[{"@type":"ReadAction","target":["https:\/\/www.pekarnasrnin.cz\/de\/brot\/"]}]},{"@type":"BreadcrumbList","@id":"https:\/\/www.pekarnasrnin.cz\/de\/brot\/#breadcrumb","itemListElement":[{"@type":"ListItem","position":1,"name":"Dom\u016f","item":"https:\/\/www.pekarnasrnin.cz\/de\/"},{"@type":"ListItem","position":2,"name":"Brot"}]}]}},"_links":{"self":[{"href":"https:\/\/www.pekarnasrnin.cz\/de\/wp-json\/wp\/v2\/pages\/2692","targetHints":{"allow":["GET"]}}],"collection":[{"href":"https:\/\/www.pekarnasrnin.cz\/de\/wp-json\/wp\/v2\/pages"}],"about":[{"href":"https:\/\/www.pekarnasrnin.cz\/de\/wp-json\/wp\/v2\/types\/page"}],"author":[{"embeddable":true,"href":"https:\/\/www.pekarnasrnin.cz\/de\/wp-json\/wp\/v2\/users\/1"}],"replies":[{"embeddable":true,"href":"https:\/\/www.pekarnasrnin.cz\/de\/wp-json\/wp\/v2\/comments?post=2692"}],"version-history":[{"count":2,"href":"https:\/\/www.pekarnasrnin.cz\/de\/wp-json\/wp\/v2\/pages\/2692\/revisions"}],"predecessor-version":[{"id":2696,"href":"https:\/\/www.pekarnasrnin.cz\/de\/wp-json\/wp\/v2\/pages\/2692\/revisions\/2696"}],"wp:attachment":[{"href":"https:\/\/www.pekarnasrnin.cz\/de\/wp-json\/wp\/v2\/media?parent=2692"}],"curies":[{"name":"wp","href":"https:\/\/api.w.org\/{rel}","templated":true}]}}