{"id":2699,"date":"2021-08-23T13:59:01","date_gmt":"2021-08-23T11:59:01","guid":{"rendered":"https:\/\/www.pekarnasrnin.cz\/trvanlive-vyrobky\/"},"modified":"2022-05-11T14:32:18","modified_gmt":"2022-05-11T12:32:18","slug":"dauerhafte-produkte","status":"publish","type":"page","link":"https:\/\/www.pekarnasrnin.cz\/de\/dauerhafte-produkte\/","title":{"rendered":"Dauerhafte produkte"},"content":{"rendered":"<div class=\"wpb-content-wrapper\"><p>[vc_row][vc_column width=&#8221;1\/3&#8243; el_id=&#8221;sloupec&#8221;][vc_column_text]<a href=\"https:\/\/www.pekarnasrnin.cz\/de\/kategorie-produktu\/lebkuchen\/\"><img loading=\"lazy\" decoding=\"async\" class=\"aligncenter wp-image-1243 size-full\" src=\"http:\/\/www.pekarnasrnin.cz\/wp-content\/uploads\/2021\/10\/6181_Pernik-na-strouhani_100g_4m.jpeg\" alt=\"\" width=\"756\" height=\"756\" srcset=\"https:\/\/www.pekarnasrnin.cz\/wp-content\/uploads\/2021\/10\/6181_Pernik-na-strouhani_100g_4m.jpeg 756w, https:\/\/www.pekarnasrnin.cz\/wp-content\/uploads\/2021\/10\/6181_Pernik-na-strouhani_100g_4m-300x300.jpeg 300w, https:\/\/www.pekarnasrnin.cz\/wp-content\/uploads\/2021\/10\/6181_Pernik-na-strouhani_100g_4m-150x150.jpeg 150w, https:\/\/www.pekarnasrnin.cz\/wp-content\/uploads\/2021\/10\/6181_Pernik-na-strouhani_100g_4m-420x420.jpeg 420w, https:\/\/www.pekarnasrnin.cz\/wp-content\/uploads\/2021\/10\/6181_Pernik-na-strouhani_100g_4m-600x600.jpeg 600w, https:\/\/www.pekarnasrnin.cz\/wp-content\/uploads\/2021\/10\/6181_Pernik-na-strouhani_100g_4m-100x100.jpeg 100w\" sizes=\"auto, (max-width: 756px) 100vw, 756px\" \/><\/a><\/p>\n<h2 style=\"text-align: center;\">Lebkuchen<\/h2>\n<p>[\/vc_column_text]<a href=\"https:\/\/www.pekarnasrnin.cz\/de\/kategorie-produktu\/lebkuchen\/\" class=\"wh-alt-button-2 vc_custom_1652272278107 tlacitkonastred scp_theme_button-eb52548504b6a8353084c4bb5aeb1f15\">PRODUKTE ANSEHEN<\/a>[\/vc_column][vc_column width=&#8221;1\/3&#8243; el_id=&#8221;sloupec&#8221;][vc_column_text]<a href=\"https:\/\/www.pekarnasrnin.cz\/de\/kategorie-produktu\/herzhaftes-de\/\"><img loading=\"lazy\" decoding=\"async\" class=\"aligncenter wp-image-1251 size-full\" src=\"http:\/\/www.pekarnasrnin.cz\/wp-content\/uploads\/2021\/10\/33902_Sumavske-zelnaky_100g_2m.jpeg\" alt=\"\" width=\"756\" height=\"756\" srcset=\"https:\/\/www.pekarnasrnin.cz\/wp-content\/uploads\/2021\/10\/33902_Sumavske-zelnaky_100g_2m.jpeg 756w, https:\/\/www.pekarnasrnin.cz\/wp-content\/uploads\/2021\/10\/33902_Sumavske-zelnaky_100g_2m-300x300.jpeg 300w, https:\/\/www.pekarnasrnin.cz\/wp-content\/uploads\/2021\/10\/33902_Sumavske-zelnaky_100g_2m-150x150.jpeg 150w, https:\/\/www.pekarnasrnin.cz\/wp-content\/uploads\/2021\/10\/33902_Sumavske-zelnaky_100g_2m-420x420.jpeg 420w, https:\/\/www.pekarnasrnin.cz\/wp-content\/uploads\/2021\/10\/33902_Sumavske-zelnaky_100g_2m-600x600.jpeg 600w, https:\/\/www.pekarnasrnin.cz\/wp-content\/uploads\/2021\/10\/33902_Sumavske-zelnaky_100g_2m-100x100.jpeg 100w\" sizes=\"auto, (max-width: 756px) 100vw, 756px\" \/><\/a><\/p>\n<h2 style=\"text-align: center;\">Herzhaftes<\/h2>\n<p>[\/vc_column_text]<a href=\"https:\/\/www.pekarnasrnin.cz\/de\/kategorie-produktu\/herzhaftes-de\/\" class=\"wh-alt-button-2 vc_custom_1652272312796 tlacitkonastred scp_theme_button-b6e81d29c83f45acb04c6a0d44d442d6\">PRODUKTE ANSEHEN<\/a>[\/vc_column][vc_column width=&#8221;1\/3&#8243; el_id=&#8221;sloupec&#8221;][vc_column_text]<a href=\"https:\/\/www.pekarnasrnin.cz\/de\/kategorie-produktu\/spezial-de-2\/\"><img loading=\"lazy\" decoding=\"async\" class=\"aligncenter wp-image-1255 size-full\" src=\"http:\/\/www.pekarnasrnin.cz\/wp-content\/uploads\/2021\/10\/5116_Margareta_160g_3m.jpg\" alt=\"\" width=\"759\" height=\"759\" srcset=\"https:\/\/www.pekarnasrnin.cz\/wp-content\/uploads\/2021\/10\/5116_Margareta_160g_3m.jpg 759w, https:\/\/www.pekarnasrnin.cz\/wp-content\/uploads\/2021\/10\/5116_Margareta_160g_3m-300x300.jpg 300w, https:\/\/www.pekarnasrnin.cz\/wp-content\/uploads\/2021\/10\/5116_Margareta_160g_3m-150x150.jpg 150w, https:\/\/www.pekarnasrnin.cz\/wp-content\/uploads\/2021\/10\/5116_Margareta_160g_3m-420x420.jpg 420w, https:\/\/www.pekarnasrnin.cz\/wp-content\/uploads\/2021\/10\/5116_Margareta_160g_3m-600x600.jpg 600w, https:\/\/www.pekarnasrnin.cz\/wp-content\/uploads\/2021\/10\/5116_Margareta_160g_3m-100x100.jpg 100w\" sizes=\"auto, (max-width: 759px) 100vw, 759px\" \/><\/a><\/p>\n<h2 style=\"text-align: center;\">Spezial<\/h2>\n<p>[\/vc_column_text]<a href=\"https:\/\/www.pekarnasrnin.cz\/de\/kategorie-produktu\/spezial-de-2\/\" class=\"wh-alt-button-2 vc_custom_1652272330604 tlacitkonastred scp_theme_button-644ae9a743244c39bd352fd99a452aa9\">PRODUKTE ANSEHEN<\/a>[\/vc_column][\/vc_row]<\/p>\n<\/div>","protected":false},"excerpt":{"rendered":"<p>[vc_row][vc_column width=&#8221;1\/3&#8243; el_id=&#8221;sloupec&#8221;][vc_column_text] Lebkuchen [\/vc_column_text][\/vc_column][vc_column width=&#8221;1\/3&#8243; el_id=&#8221;sloupec&#8221;][vc_column_text] Herzhaftes [\/vc_column_text][\/vc_column][vc_column width=&#8221;1\/3&#8243; el_id=&#8221;sloupec&#8221;][vc_column_text] Spezial [\/vc_column_text][\/vc_column][\/vc_row]<\/p>\n","protected":false},"author":1,"featured_media":0,"parent":0,"menu_order":0,"comment_status":"closed","ping_status":"closed","template":"","meta":{"_monsterinsights_skip_tracking":false,"_monsterinsights_sitenote_active":false,"_monsterinsights_sitenote_note":"","_monsterinsights_sitenote_category":0,"footnotes":""},"class_list":["post-2699","page","type-page","status-publish","hentry","odd"],"yoast_head":"<!-- This site is optimized with the Yoast SEO plugin v17.7.1 - https:\/\/yoast.com\/wordpress\/plugins\/seo\/ -->\n<title>Dauerhafte produkte | Pek\u00e1rna Srn\u00edn<\/title>\n<meta name=\"robots\" content=\"index, follow, max-snippet:-1, max-image-preview:large, max-video-preview:-1\" \/>\n<link rel=\"canonical\" href=\"https:\/\/www.pekarnasrnin.cz\/de\/dauerhafte-produkte\/\" \/>\n<meta property=\"og:locale\" content=\"de_DE\" \/>\n<meta property=\"og:type\" content=\"article\" \/>\n<meta property=\"og:title\" content=\"Dauerhafte produkte | Pek\u00e1rna Srn\u00edn\" \/>\n<meta property=\"og:description\" content=\"[vc_row][vc_column width=&#8221;1\/3&#8243; el_id=&#8221;sloupec&#8221;][vc_column_text] Lebkuchen [\/vc_column_text][\/vc_column][vc_column width=&#8221;1\/3&#8243; el_id=&#8221;sloupec&#8221;][vc_column_text] Herzhaftes [\/vc_column_text][\/vc_column][vc_column width=&#8221;1\/3&#8243; el_id=&#8221;sloupec&#8221;][vc_column_text] Spezial [\/vc_column_text][\/vc_column][\/vc_row]\" \/>\n<meta property=\"og:url\" content=\"https:\/\/www.pekarnasrnin.cz\/de\/dauerhafte-produkte\/\" \/>\n<meta property=\"og:site_name\" content=\"Pek\u00e1rna Srn\u00edn\" \/>\n<meta property=\"article:publisher\" content=\"https:\/\/www.facebook.com\/pekarnasrnin\/\" \/>\n<meta property=\"article:modified_time\" content=\"2022-05-11T12:32:18+00:00\" \/>\n<meta property=\"og:image\" content=\"http:\/\/www.pekarnasrnin.cz\/wp-content\/uploads\/2021\/10\/6181_Pernik-na-strouhani_100g_4m.jpeg\" \/>\n<meta name=\"twitter:card\" content=\"summary_large_image\" \/>\n<meta name=\"twitter:label1\" content=\"Gesch\u00e4tzte Lesezeit\" \/>\n\t<meta name=\"twitter:data1\" content=\"1\u00a0Minute\" \/>\n<script type=\"application\/ld+json\" class=\"yoast-schema-graph\">{\"@context\":\"https:\/\/schema.org\",\"@graph\":[{\"@type\":\"Organization\",\"@id\":\"https:\/\/www.pekarnasrnin.cz\/#organization\",\"name\":\"Pek\\u00e1rna Srn\\u00edn\",\"url\":\"https:\/\/www.pekarnasrnin.cz\/\",\"sameAs\":[\"https:\/\/www.facebook.com\/pekarnasrnin\/\"],\"logo\":{\"@type\":\"ImageObject\",\"@id\":\"https:\/\/www.pekarnasrnin.cz\/#logo\",\"inLanguage\":\"de\",\"url\":\"http:\/\/www.pekarnasrnin.cz\/wp-content\/uploads\/2021\/06\/pekarna-srnin-logo.png\",\"contentUrl\":\"http:\/\/www.pekarnasrnin.cz\/wp-content\/uploads\/2021\/06\/pekarna-srnin-logo.png\",\"width\":172,\"height\":182,\"caption\":\"Pek\\u00e1rna Srn\\u00edn\"},\"image\":{\"@id\":\"https:\/\/www.pekarnasrnin.cz\/#logo\"}},{\"@type\":\"WebSite\",\"@id\":\"https:\/\/www.pekarnasrnin.cz\/#website\",\"url\":\"https:\/\/www.pekarnasrnin.cz\/\",\"name\":\"Pek\\u00e1rna Srn\\u00edn\",\"description\":\"navazujeme na poctiv\\u00e9 peka\\u0159sk\\u00e9 \\u0159emeslo\",\"publisher\":{\"@id\":\"https:\/\/www.pekarnasrnin.cz\/#organization\"},\"potentialAction\":[{\"@type\":\"SearchAction\",\"target\":{\"@type\":\"EntryPoint\",\"urlTemplate\":\"https:\/\/www.pekarnasrnin.cz\/?s={search_term_string}\"},\"query-input\":\"required name=search_term_string\"}],\"inLanguage\":\"de\"},{\"@type\":\"ImageObject\",\"@id\":\"https:\/\/www.pekarnasrnin.cz\/de\/dauerhafte-produkte\/#primaryimage\",\"inLanguage\":\"de\",\"url\":\"http:\/\/www.pekarnasrnin.cz\/wp-content\/uploads\/2021\/10\/6181_Pernik-na-strouhani_100g_4m.jpeg\",\"contentUrl\":\"http:\/\/www.pekarnasrnin.cz\/wp-content\/uploads\/2021\/10\/6181_Pernik-na-strouhani_100g_4m.jpeg\"},{\"@type\":\"WebPage\",\"@id\":\"https:\/\/www.pekarnasrnin.cz\/de\/dauerhafte-produkte\/#webpage\",\"url\":\"https:\/\/www.pekarnasrnin.cz\/de\/dauerhafte-produkte\/\",\"name\":\"Dauerhafte produkte | Pek\\u00e1rna Srn\\u00edn\",\"isPartOf\":{\"@id\":\"https:\/\/www.pekarnasrnin.cz\/#website\"},\"primaryImageOfPage\":{\"@id\":\"https:\/\/www.pekarnasrnin.cz\/de\/dauerhafte-produkte\/#primaryimage\"},\"datePublished\":\"2021-08-23T11:59:01+00:00\",\"dateModified\":\"2022-05-11T12:32:18+00:00\",\"breadcrumb\":{\"@id\":\"https:\/\/www.pekarnasrnin.cz\/de\/dauerhafte-produkte\/#breadcrumb\"},\"inLanguage\":\"de\",\"potentialAction\":[{\"@type\":\"ReadAction\",\"target\":[\"https:\/\/www.pekarnasrnin.cz\/de\/dauerhafte-produkte\/\"]}]},{\"@type\":\"BreadcrumbList\",\"@id\":\"https:\/\/www.pekarnasrnin.cz\/de\/dauerhafte-produkte\/#breadcrumb\",\"itemListElement\":[{\"@type\":\"ListItem\",\"position\":1,\"name\":\"Dom\\u016f\",\"item\":\"https:\/\/www.pekarnasrnin.cz\/de\/\"},{\"@type\":\"ListItem\",\"position\":2,\"name\":\"Dauerhafte produkte\"}]}]}<\/script>\n<!-- \/ Yoast SEO plugin. -->","yoast_head_json":{"title":"Dauerhafte produkte | Pek\u00e1rna Srn\u00edn","robots":{"index":"index","follow":"follow","max-snippet":"max-snippet:-1","max-image-preview":"max-image-preview:large","max-video-preview":"max-video-preview:-1"},"canonical":"https:\/\/www.pekarnasrnin.cz\/de\/dauerhafte-produkte\/","og_locale":"de_DE","og_type":"article","og_title":"Dauerhafte produkte | Pek\u00e1rna Srn\u00edn","og_description":"[vc_row][vc_column width=&#8221;1\/3&#8243; el_id=&#8221;sloupec&#8221;][vc_column_text] Lebkuchen [\/vc_column_text][\/vc_column][vc_column width=&#8221;1\/3&#8243; el_id=&#8221;sloupec&#8221;][vc_column_text] Herzhaftes [\/vc_column_text][\/vc_column][vc_column width=&#8221;1\/3&#8243; el_id=&#8221;sloupec&#8221;][vc_column_text] Spezial [\/vc_column_text][\/vc_column][\/vc_row]","og_url":"https:\/\/www.pekarnasrnin.cz\/de\/dauerhafte-produkte\/","og_site_name":"Pek\u00e1rna Srn\u00edn","article_publisher":"https:\/\/www.facebook.com\/pekarnasrnin\/","article_modified_time":"2022-05-11T12:32:18+00:00","og_image":[{"url":"http:\/\/www.pekarnasrnin.cz\/wp-content\/uploads\/2021\/10\/6181_Pernik-na-strouhani_100g_4m.jpeg"}],"twitter_card":"summary_large_image","twitter_misc":{"Gesch\u00e4tzte Lesezeit":"1\u00a0Minute"},"schema":{"@context":"https:\/\/schema.org","@graph":[{"@type":"Organization","@id":"https:\/\/www.pekarnasrnin.cz\/#organization","name":"Pek\u00e1rna Srn\u00edn","url":"https:\/\/www.pekarnasrnin.cz\/","sameAs":["https:\/\/www.facebook.com\/pekarnasrnin\/"],"logo":{"@type":"ImageObject","@id":"https:\/\/www.pekarnasrnin.cz\/#logo","inLanguage":"de","url":"http:\/\/www.pekarnasrnin.cz\/wp-content\/uploads\/2021\/06\/pekarna-srnin-logo.png","contentUrl":"http:\/\/www.pekarnasrnin.cz\/wp-content\/uploads\/2021\/06\/pekarna-srnin-logo.png","width":172,"height":182,"caption":"Pek\u00e1rna Srn\u00edn"},"image":{"@id":"https:\/\/www.pekarnasrnin.cz\/#logo"}},{"@type":"WebSite","@id":"https:\/\/www.pekarnasrnin.cz\/#website","url":"https:\/\/www.pekarnasrnin.cz\/","name":"Pek\u00e1rna Srn\u00edn","description":"navazujeme na poctiv\u00e9 peka\u0159sk\u00e9 \u0159emeslo","publisher":{"@id":"https:\/\/www.pekarnasrnin.cz\/#organization"},"potentialAction":[{"@type":"SearchAction","target":{"@type":"EntryPoint","urlTemplate":"https:\/\/www.pekarnasrnin.cz\/?s={search_term_string}"},"query-input":"required name=search_term_string"}],"inLanguage":"de"},{"@type":"ImageObject","@id":"https:\/\/www.pekarnasrnin.cz\/de\/dauerhafte-produkte\/#primaryimage","inLanguage":"de","url":"http:\/\/www.pekarnasrnin.cz\/wp-content\/uploads\/2021\/10\/6181_Pernik-na-strouhani_100g_4m.jpeg","contentUrl":"http:\/\/www.pekarnasrnin.cz\/wp-content\/uploads\/2021\/10\/6181_Pernik-na-strouhani_100g_4m.jpeg"},{"@type":"WebPage","@id":"https:\/\/www.pekarnasrnin.cz\/de\/dauerhafte-produkte\/#webpage","url":"https:\/\/www.pekarnasrnin.cz\/de\/dauerhafte-produkte\/","name":"Dauerhafte produkte | Pek\u00e1rna Srn\u00edn","isPartOf":{"@id":"https:\/\/www.pekarnasrnin.cz\/#website"},"primaryImageOfPage":{"@id":"https:\/\/www.pekarnasrnin.cz\/de\/dauerhafte-produkte\/#primaryimage"},"datePublished":"2021-08-23T11:59:01+00:00","dateModified":"2022-05-11T12:32:18+00:00","breadcrumb":{"@id":"https:\/\/www.pekarnasrnin.cz\/de\/dauerhafte-produkte\/#breadcrumb"},"inLanguage":"de","potentialAction":[{"@type":"ReadAction","target":["https:\/\/www.pekarnasrnin.cz\/de\/dauerhafte-produkte\/"]}]},{"@type":"BreadcrumbList","@id":"https:\/\/www.pekarnasrnin.cz\/de\/dauerhafte-produkte\/#breadcrumb","itemListElement":[{"@type":"ListItem","position":1,"name":"Dom\u016f","item":"https:\/\/www.pekarnasrnin.cz\/de\/"},{"@type":"ListItem","position":2,"name":"Dauerhafte produkte"}]}]}},"_links":{"self":[{"href":"https:\/\/www.pekarnasrnin.cz\/de\/wp-json\/wp\/v2\/pages\/2699","targetHints":{"allow":["GET"]}}],"collection":[{"href":"https:\/\/www.pekarnasrnin.cz\/de\/wp-json\/wp\/v2\/pages"}],"about":[{"href":"https:\/\/www.pekarnasrnin.cz\/de\/wp-json\/wp\/v2\/types\/page"}],"author":[{"embeddable":true,"href":"https:\/\/www.pekarnasrnin.cz\/de\/wp-json\/wp\/v2\/users\/1"}],"replies":[{"embeddable":true,"href":"https:\/\/www.pekarnasrnin.cz\/de\/wp-json\/wp\/v2\/comments?post=2699"}],"version-history":[{"count":1,"href":"https:\/\/www.pekarnasrnin.cz\/de\/wp-json\/wp\/v2\/pages\/2699\/revisions"}],"predecessor-version":[{"id":2700,"href":"https:\/\/www.pekarnasrnin.cz\/de\/wp-json\/wp\/v2\/pages\/2699\/revisions\/2700"}],"wp:attachment":[{"href":"https:\/\/www.pekarnasrnin.cz\/de\/wp-json\/wp\/v2\/media?parent=2699"}],"curies":[{"name":"wp","href":"https:\/\/api.w.org\/{rel}","templated":true}]}}