{"id":2701,"date":"2021-08-23T14:05:04","date_gmt":"2021-08-23T12:05:04","guid":{"rendered":"https:\/\/www.pekarnasrnin.cz\/cukrarna\/"},"modified":"2022-05-11T14:35:57","modified_gmt":"2022-05-11T12:35:57","slug":"konditorei","status":"publish","type":"page","link":"https:\/\/www.pekarnasrnin.cz\/de\/konditorei\/","title":{"rendered":"Konditorei"},"content":{"rendered":"<div class=\"wpb-content-wrapper\"><p>[vc_row][vc_column width=&#8221;1\/3&#8243; el_id=&#8221;sloupec&#8221;][vc_column_text]<a href=\"https:\/\/www.pekarnasrnin.cz\/de\/kategorie-produktu\/frittiert\/\"><img loading=\"lazy\" decoding=\"async\" class=\"aligncenter wp-image-1167 size-full\" src=\"http:\/\/www.pekarnasrnin.cz\/wp-content\/uploads\/2021\/10\/5130_Srninska-kobliha-s-merunkovou-naplni_60g_24h.jpeg\" alt=\"\" width=\"756\" height=\"756\" srcset=\"https:\/\/www.pekarnasrnin.cz\/wp-content\/uploads\/2021\/10\/5130_Srninska-kobliha-s-merunkovou-naplni_60g_24h.jpeg 756w, https:\/\/www.pekarnasrnin.cz\/wp-content\/uploads\/2021\/10\/5130_Srninska-kobliha-s-merunkovou-naplni_60g_24h-300x300.jpeg 300w, https:\/\/www.pekarnasrnin.cz\/wp-content\/uploads\/2021\/10\/5130_Srninska-kobliha-s-merunkovou-naplni_60g_24h-150x150.jpeg 150w, https:\/\/www.pekarnasrnin.cz\/wp-content\/uploads\/2021\/10\/5130_Srninska-kobliha-s-merunkovou-naplni_60g_24h-420x420.jpeg 420w, https:\/\/www.pekarnasrnin.cz\/wp-content\/uploads\/2021\/10\/5130_Srninska-kobliha-s-merunkovou-naplni_60g_24h-600x600.jpeg 600w, https:\/\/www.pekarnasrnin.cz\/wp-content\/uploads\/2021\/10\/5130_Srninska-kobliha-s-merunkovou-naplni_60g_24h-100x100.jpeg 100w\" sizes=\"auto, (max-width: 756px) 100vw, 756px\" \/><\/a><\/p>\n<h2 style=\"text-align: center;\">Frittiert<\/h2>\n<p>[\/vc_column_text]<a href=\"https:\/\/www.pekarnasrnin.cz\/de\/kategorie-produktu\/frittiert\/\" class=\"wh-alt-button-2 vc_custom_1652272466564 tlacitkonastred scp_theme_button-6980343995608770c5762872d3471b8b\">PRODUKTE ANSEHEN<\/a>[\/vc_column][vc_column width=&#8221;1\/3&#8243; el_id=&#8221;sloupec&#8221;][vc_column_text]<a href=\"https:\/\/www.pekarnasrnin.cz\/de\/kategorie-produktu\/kuchen-platzchen\/\"><img loading=\"lazy\" decoding=\"async\" class=\"aligncenter wp-image-1087 size-full\" src=\"http:\/\/www.pekarnasrnin.cz\/wp-content\/uploads\/2021\/10\/3321_Chodsky-kolac-s-naplni-tvaroh-mak_300g_5d_b.jpeg\" alt=\"\" width=\"628\" height=\"628\" srcset=\"https:\/\/www.pekarnasrnin.cz\/wp-content\/uploads\/2021\/10\/3321_Chodsky-kolac-s-naplni-tvaroh-mak_300g_5d_b.jpeg 628w, https:\/\/www.pekarnasrnin.cz\/wp-content\/uploads\/2021\/10\/3321_Chodsky-kolac-s-naplni-tvaroh-mak_300g_5d_b-300x300.jpeg 300w, https:\/\/www.pekarnasrnin.cz\/wp-content\/uploads\/2021\/10\/3321_Chodsky-kolac-s-naplni-tvaroh-mak_300g_5d_b-150x150.jpeg 150w, https:\/\/www.pekarnasrnin.cz\/wp-content\/uploads\/2021\/10\/3321_Chodsky-kolac-s-naplni-tvaroh-mak_300g_5d_b-420x420.jpeg 420w, https:\/\/www.pekarnasrnin.cz\/wp-content\/uploads\/2021\/10\/3321_Chodsky-kolac-s-naplni-tvaroh-mak_300g_5d_b-600x600.jpeg 600w, https:\/\/www.pekarnasrnin.cz\/wp-content\/uploads\/2021\/10\/3321_Chodsky-kolac-s-naplni-tvaroh-mak_300g_5d_b-100x100.jpeg 100w\" sizes=\"auto, (max-width: 628px) 100vw, 628px\" \/><\/a><\/p>\n<h2 style=\"text-align: center;\">Kuchen, Pl\u00e4tzchen<\/h2>\n<p>[\/vc_column_text]<a href=\"https:\/\/www.pekarnasrnin.cz\/de\/kategorie-produktu\/kuchen-platzchen\/\" class=\"wh-alt-button-2 vc_custom_1652272495603 tlacitkonastred scp_theme_button-4f4bd014b302990dbc66d3ba14f8b290\">PRODUKTE ANSEHEN<\/a>[\/vc_column][vc_column width=&#8221;1\/3&#8243; el_id=&#8221;sloupec&#8221;][vc_column_text]<a href=\"https:\/\/www.pekarnasrnin.cz\/de\/kategorie-produktu\/spezial-de\/\"><img loading=\"lazy\" decoding=\"async\" class=\"aligncenter wp-image-1176 size-full\" src=\"http:\/\/www.pekarnasrnin.cz\/wp-content\/uploads\/2021\/10\/4706_Croissant-s-liskooriskovym-kremem_60g_24h.jpeg\" alt=\"\" width=\"772\" height=\"772\" srcset=\"https:\/\/www.pekarnasrnin.cz\/wp-content\/uploads\/2021\/10\/4706_Croissant-s-liskooriskovym-kremem_60g_24h.jpeg 772w, https:\/\/www.pekarnasrnin.cz\/wp-content\/uploads\/2021\/10\/4706_Croissant-s-liskooriskovym-kremem_60g_24h-300x300.jpeg 300w, https:\/\/www.pekarnasrnin.cz\/wp-content\/uploads\/2021\/10\/4706_Croissant-s-liskooriskovym-kremem_60g_24h-150x150.jpeg 150w, https:\/\/www.pekarnasrnin.cz\/wp-content\/uploads\/2021\/10\/4706_Croissant-s-liskooriskovym-kremem_60g_24h-768x768.jpeg 768w, https:\/\/www.pekarnasrnin.cz\/wp-content\/uploads\/2021\/10\/4706_Croissant-s-liskooriskovym-kremem_60g_24h-420x420.jpeg 420w, https:\/\/www.pekarnasrnin.cz\/wp-content\/uploads\/2021\/10\/4706_Croissant-s-liskooriskovym-kremem_60g_24h-600x600.jpeg 600w, https:\/\/www.pekarnasrnin.cz\/wp-content\/uploads\/2021\/10\/4706_Croissant-s-liskooriskovym-kremem_60g_24h-100x100.jpeg 100w\" sizes=\"auto, (max-width: 772px) 100vw, 772px\" \/><\/a><\/p>\n<h2 style=\"text-align: center;\">Spezial<\/h2>\n<p>[\/vc_column_text]<a href=\"https:\/\/www.pekarnasrnin.cz\/de\/kategorie-produktu\/spezial-de\/\" class=\"wh-alt-button-2 vc_custom_1652272510565 tlacitkonastred scp_theme_button-bbd1353e6d5ad03960a1caedba6eabed\">PRODUKTE ANSEHEN<\/a>[\/vc_column][\/vc_row]<\/p>\n<\/div>","protected":false},"excerpt":{"rendered":"<p>[vc_row][vc_column width=&#8221;1\/3&#8243; el_id=&#8221;sloupec&#8221;][vc_column_text] Frittiert [\/vc_column_text][\/vc_column][vc_column width=&#8221;1\/3&#8243; el_id=&#8221;sloupec&#8221;][vc_column_text] Kuchen, Pl\u00e4tzchen [\/vc_column_text][\/vc_column][vc_column width=&#8221;1\/3&#8243; el_id=&#8221;sloupec&#8221;][vc_column_text] Spezial [\/vc_column_text][\/vc_column][\/vc_row]<\/p>\n","protected":false},"author":1,"featured_media":0,"parent":0,"menu_order":0,"comment_status":"closed","ping_status":"closed","template":"","meta":{"_monsterinsights_skip_tracking":false,"_monsterinsights_sitenote_active":false,"_monsterinsights_sitenote_note":"","_monsterinsights_sitenote_category":0,"footnotes":""},"class_list":["post-2701","page","type-page","status-publish","hentry","odd"],"yoast_head":"<!-- This site is optimized with the Yoast SEO plugin v17.7.1 - https:\/\/yoast.com\/wordpress\/plugins\/seo\/ -->\n<title>Konditorei | Pek\u00e1rna Srn\u00edn<\/title>\n<meta name=\"robots\" content=\"index, follow, max-snippet:-1, max-image-preview:large, max-video-preview:-1\" \/>\n<link rel=\"canonical\" href=\"https:\/\/www.pekarnasrnin.cz\/de\/konditorei\/\" \/>\n<meta property=\"og:locale\" content=\"de_DE\" \/>\n<meta property=\"og:type\" content=\"article\" \/>\n<meta property=\"og:title\" content=\"Konditorei | Pek\u00e1rna Srn\u00edn\" \/>\n<meta property=\"og:description\" content=\"[vc_row][vc_column width=&#8221;1\/3&#8243; el_id=&#8221;sloupec&#8221;][vc_column_text] Frittiert [\/vc_column_text][\/vc_column][vc_column width=&#8221;1\/3&#8243; el_id=&#8221;sloupec&#8221;][vc_column_text] Kuchen, Pl\u00e4tzchen [\/vc_column_text][\/vc_column][vc_column width=&#8221;1\/3&#8243; el_id=&#8221;sloupec&#8221;][vc_column_text] Spezial [\/vc_column_text][\/vc_column][\/vc_row]\" \/>\n<meta property=\"og:url\" content=\"https:\/\/www.pekarnasrnin.cz\/de\/konditorei\/\" \/>\n<meta property=\"og:site_name\" content=\"Pek\u00e1rna Srn\u00edn\" \/>\n<meta property=\"article:publisher\" content=\"https:\/\/www.facebook.com\/pekarnasrnin\/\" \/>\n<meta property=\"article:modified_time\" content=\"2022-05-11T12:35:57+00:00\" \/>\n<meta property=\"og:image\" content=\"http:\/\/www.pekarnasrnin.cz\/wp-content\/uploads\/2021\/10\/5130_Srninska-kobliha-s-merunkovou-naplni_60g_24h.jpeg\" \/>\n<meta name=\"twitter:card\" content=\"summary_large_image\" \/>\n<meta name=\"twitter:label1\" content=\"Gesch\u00e4tzte Lesezeit\" \/>\n\t<meta name=\"twitter:data1\" content=\"1\u00a0Minute\" \/>\n<script type=\"application\/ld+json\" class=\"yoast-schema-graph\">{\"@context\":\"https:\/\/schema.org\",\"@graph\":[{\"@type\":\"Organization\",\"@id\":\"https:\/\/www.pekarnasrnin.cz\/#organization\",\"name\":\"Pek\\u00e1rna Srn\\u00edn\",\"url\":\"https:\/\/www.pekarnasrnin.cz\/\",\"sameAs\":[\"https:\/\/www.facebook.com\/pekarnasrnin\/\"],\"logo\":{\"@type\":\"ImageObject\",\"@id\":\"https:\/\/www.pekarnasrnin.cz\/#logo\",\"inLanguage\":\"de\",\"url\":\"http:\/\/www.pekarnasrnin.cz\/wp-content\/uploads\/2021\/06\/pekarna-srnin-logo.png\",\"contentUrl\":\"http:\/\/www.pekarnasrnin.cz\/wp-content\/uploads\/2021\/06\/pekarna-srnin-logo.png\",\"width\":172,\"height\":182,\"caption\":\"Pek\\u00e1rna Srn\\u00edn\"},\"image\":{\"@id\":\"https:\/\/www.pekarnasrnin.cz\/#logo\"}},{\"@type\":\"WebSite\",\"@id\":\"https:\/\/www.pekarnasrnin.cz\/#website\",\"url\":\"https:\/\/www.pekarnasrnin.cz\/\",\"name\":\"Pek\\u00e1rna Srn\\u00edn\",\"description\":\"navazujeme na poctiv\\u00e9 peka\\u0159sk\\u00e9 \\u0159emeslo\",\"publisher\":{\"@id\":\"https:\/\/www.pekarnasrnin.cz\/#organization\"},\"potentialAction\":[{\"@type\":\"SearchAction\",\"target\":{\"@type\":\"EntryPoint\",\"urlTemplate\":\"https:\/\/www.pekarnasrnin.cz\/?s={search_term_string}\"},\"query-input\":\"required name=search_term_string\"}],\"inLanguage\":\"de\"},{\"@type\":\"ImageObject\",\"@id\":\"https:\/\/www.pekarnasrnin.cz\/de\/konditorei\/#primaryimage\",\"inLanguage\":\"de\",\"url\":\"http:\/\/www.pekarnasrnin.cz\/wp-content\/uploads\/2021\/10\/5130_Srninska-kobliha-s-merunkovou-naplni_60g_24h.jpeg\",\"contentUrl\":\"http:\/\/www.pekarnasrnin.cz\/wp-content\/uploads\/2021\/10\/5130_Srninska-kobliha-s-merunkovou-naplni_60g_24h.jpeg\"},{\"@type\":\"WebPage\",\"@id\":\"https:\/\/www.pekarnasrnin.cz\/de\/konditorei\/#webpage\",\"url\":\"https:\/\/www.pekarnasrnin.cz\/de\/konditorei\/\",\"name\":\"Konditorei | Pek\\u00e1rna Srn\\u00edn\",\"isPartOf\":{\"@id\":\"https:\/\/www.pekarnasrnin.cz\/#website\"},\"primaryImageOfPage\":{\"@id\":\"https:\/\/www.pekarnasrnin.cz\/de\/konditorei\/#primaryimage\"},\"datePublished\":\"2021-08-23T12:05:04+00:00\",\"dateModified\":\"2022-05-11T12:35:57+00:00\",\"breadcrumb\":{\"@id\":\"https:\/\/www.pekarnasrnin.cz\/de\/konditorei\/#breadcrumb\"},\"inLanguage\":\"de\",\"potentialAction\":[{\"@type\":\"ReadAction\",\"target\":[\"https:\/\/www.pekarnasrnin.cz\/de\/konditorei\/\"]}]},{\"@type\":\"BreadcrumbList\",\"@id\":\"https:\/\/www.pekarnasrnin.cz\/de\/konditorei\/#breadcrumb\",\"itemListElement\":[{\"@type\":\"ListItem\",\"position\":1,\"name\":\"Dom\\u016f\",\"item\":\"https:\/\/www.pekarnasrnin.cz\/de\/\"},{\"@type\":\"ListItem\",\"position\":2,\"name\":\"Konditorei\"}]}]}<\/script>\n<!-- \/ Yoast SEO plugin. -->","yoast_head_json":{"title":"Konditorei | Pek\u00e1rna Srn\u00edn","robots":{"index":"index","follow":"follow","max-snippet":"max-snippet:-1","max-image-preview":"max-image-preview:large","max-video-preview":"max-video-preview:-1"},"canonical":"https:\/\/www.pekarnasrnin.cz\/de\/konditorei\/","og_locale":"de_DE","og_type":"article","og_title":"Konditorei | Pek\u00e1rna Srn\u00edn","og_description":"[vc_row][vc_column width=&#8221;1\/3&#8243; el_id=&#8221;sloupec&#8221;][vc_column_text] Frittiert [\/vc_column_text][\/vc_column][vc_column width=&#8221;1\/3&#8243; el_id=&#8221;sloupec&#8221;][vc_column_text] Kuchen, Pl\u00e4tzchen [\/vc_column_text][\/vc_column][vc_column width=&#8221;1\/3&#8243; el_id=&#8221;sloupec&#8221;][vc_column_text] Spezial [\/vc_column_text][\/vc_column][\/vc_row]","og_url":"https:\/\/www.pekarnasrnin.cz\/de\/konditorei\/","og_site_name":"Pek\u00e1rna Srn\u00edn","article_publisher":"https:\/\/www.facebook.com\/pekarnasrnin\/","article_modified_time":"2022-05-11T12:35:57+00:00","og_image":[{"url":"http:\/\/www.pekarnasrnin.cz\/wp-content\/uploads\/2021\/10\/5130_Srninska-kobliha-s-merunkovou-naplni_60g_24h.jpeg"}],"twitter_card":"summary_large_image","twitter_misc":{"Gesch\u00e4tzte Lesezeit":"1\u00a0Minute"},"schema":{"@context":"https:\/\/schema.org","@graph":[{"@type":"Organization","@id":"https:\/\/www.pekarnasrnin.cz\/#organization","name":"Pek\u00e1rna Srn\u00edn","url":"https:\/\/www.pekarnasrnin.cz\/","sameAs":["https:\/\/www.facebook.com\/pekarnasrnin\/"],"logo":{"@type":"ImageObject","@id":"https:\/\/www.pekarnasrnin.cz\/#logo","inLanguage":"de","url":"http:\/\/www.pekarnasrnin.cz\/wp-content\/uploads\/2021\/06\/pekarna-srnin-logo.png","contentUrl":"http:\/\/www.pekarnasrnin.cz\/wp-content\/uploads\/2021\/06\/pekarna-srnin-logo.png","width":172,"height":182,"caption":"Pek\u00e1rna Srn\u00edn"},"image":{"@id":"https:\/\/www.pekarnasrnin.cz\/#logo"}},{"@type":"WebSite","@id":"https:\/\/www.pekarnasrnin.cz\/#website","url":"https:\/\/www.pekarnasrnin.cz\/","name":"Pek\u00e1rna Srn\u00edn","description":"navazujeme na poctiv\u00e9 peka\u0159sk\u00e9 \u0159emeslo","publisher":{"@id":"https:\/\/www.pekarnasrnin.cz\/#organization"},"potentialAction":[{"@type":"SearchAction","target":{"@type":"EntryPoint","urlTemplate":"https:\/\/www.pekarnasrnin.cz\/?s={search_term_string}"},"query-input":"required name=search_term_string"}],"inLanguage":"de"},{"@type":"ImageObject","@id":"https:\/\/www.pekarnasrnin.cz\/de\/konditorei\/#primaryimage","inLanguage":"de","url":"http:\/\/www.pekarnasrnin.cz\/wp-content\/uploads\/2021\/10\/5130_Srninska-kobliha-s-merunkovou-naplni_60g_24h.jpeg","contentUrl":"http:\/\/www.pekarnasrnin.cz\/wp-content\/uploads\/2021\/10\/5130_Srninska-kobliha-s-merunkovou-naplni_60g_24h.jpeg"},{"@type":"WebPage","@id":"https:\/\/www.pekarnasrnin.cz\/de\/konditorei\/#webpage","url":"https:\/\/www.pekarnasrnin.cz\/de\/konditorei\/","name":"Konditorei | Pek\u00e1rna Srn\u00edn","isPartOf":{"@id":"https:\/\/www.pekarnasrnin.cz\/#website"},"primaryImageOfPage":{"@id":"https:\/\/www.pekarnasrnin.cz\/de\/konditorei\/#primaryimage"},"datePublished":"2021-08-23T12:05:04+00:00","dateModified":"2022-05-11T12:35:57+00:00","breadcrumb":{"@id":"https:\/\/www.pekarnasrnin.cz\/de\/konditorei\/#breadcrumb"},"inLanguage":"de","potentialAction":[{"@type":"ReadAction","target":["https:\/\/www.pekarnasrnin.cz\/de\/konditorei\/"]}]},{"@type":"BreadcrumbList","@id":"https:\/\/www.pekarnasrnin.cz\/de\/konditorei\/#breadcrumb","itemListElement":[{"@type":"ListItem","position":1,"name":"Dom\u016f","item":"https:\/\/www.pekarnasrnin.cz\/de\/"},{"@type":"ListItem","position":2,"name":"Konditorei"}]}]}},"_links":{"self":[{"href":"https:\/\/www.pekarnasrnin.cz\/de\/wp-json\/wp\/v2\/pages\/2701","targetHints":{"allow":["GET"]}}],"collection":[{"href":"https:\/\/www.pekarnasrnin.cz\/de\/wp-json\/wp\/v2\/pages"}],"about":[{"href":"https:\/\/www.pekarnasrnin.cz\/de\/wp-json\/wp\/v2\/types\/page"}],"author":[{"embeddable":true,"href":"https:\/\/www.pekarnasrnin.cz\/de\/wp-json\/wp\/v2\/users\/1"}],"replies":[{"embeddable":true,"href":"https:\/\/www.pekarnasrnin.cz\/de\/wp-json\/wp\/v2\/comments?post=2701"}],"version-history":[{"count":2,"href":"https:\/\/www.pekarnasrnin.cz\/de\/wp-json\/wp\/v2\/pages\/2701\/revisions"}],"predecessor-version":[{"id":2703,"href":"https:\/\/www.pekarnasrnin.cz\/de\/wp-json\/wp\/v2\/pages\/2701\/revisions\/2703"}],"wp:attachment":[{"href":"https:\/\/www.pekarnasrnin.cz\/de\/wp-json\/wp\/v2\/media?parent=2701"}],"curies":[{"name":"wp","href":"https:\/\/api.w.org\/{rel}","templated":true}]}}