{"id":2704,"date":"2021-08-23T14:10:23","date_gmt":"2021-08-23T12:10:23","guid":{"rendered":"https:\/\/www.pekarnasrnin.cz\/lahudky\/"},"modified":"2022-05-11T14:46:46","modified_gmt":"2022-05-11T12:46:46","slug":"leckerbissen","status":"publish","type":"page","link":"https:\/\/www.pekarnasrnin.cz\/de\/leckerbissen\/","title":{"rendered":"Leckerbissen"},"content":{"rendered":"<div class=\"wpb-content-wrapper\"><p>[vc_row][vc_column width=&#8221;1\/4&#8243; el_id=&#8221;sloupec&#8221;][vc_column_text]<a href=\"https:\/\/www.pekarnasrnin.cz\/de\/kategorie-produktu\/belegte-brotchen\/\"><img loading=\"lazy\" decoding=\"async\" class=\"aligncenter wp-image-1123 size-full\" src=\"http:\/\/www.pekarnasrnin.cz\/wp-content\/uploads\/2021\/10\/9328_Chlebicek-se-sunkou-na-salate_80g_24h.jpeg\" alt=\"\" width=\"756\" height=\"756\" srcset=\"https:\/\/www.pekarnasrnin.cz\/wp-content\/uploads\/2021\/10\/9328_Chlebicek-se-sunkou-na-salate_80g_24h.jpeg 756w, https:\/\/www.pekarnasrnin.cz\/wp-content\/uploads\/2021\/10\/9328_Chlebicek-se-sunkou-na-salate_80g_24h-300x300.jpeg 300w, https:\/\/www.pekarnasrnin.cz\/wp-content\/uploads\/2021\/10\/9328_Chlebicek-se-sunkou-na-salate_80g_24h-150x150.jpeg 150w, https:\/\/www.pekarnasrnin.cz\/wp-content\/uploads\/2021\/10\/9328_Chlebicek-se-sunkou-na-salate_80g_24h-420x420.jpeg 420w, https:\/\/www.pekarnasrnin.cz\/wp-content\/uploads\/2021\/10\/9328_Chlebicek-se-sunkou-na-salate_80g_24h-600x600.jpeg 600w, https:\/\/www.pekarnasrnin.cz\/wp-content\/uploads\/2021\/10\/9328_Chlebicek-se-sunkou-na-salate_80g_24h-100x100.jpeg 100w\" sizes=\"auto, (max-width: 756px) 100vw, 756px\" \/><\/a><\/p>\n<h2 style=\"text-align: center;\">Belegte Br\u00f6tchen<\/h2>\n<p>[\/vc_column_text]<a href=\"https:\/\/www.pekarnasrnin.cz\/de\/kategorie-produktu\/belegte-brotchen\/\" class=\"wh-alt-button-2 vc_custom_1652273045469 tlacitkonastred scp_theme_button-4128dec9dc00c5193eefe1616f9f4d6b\">PRODUKTE ANSEHEN<\/a>[\/vc_column][vc_column width=&#8221;1\/4&#8243; el_id=&#8221;sloupec&#8221;][vc_column_text]<a href=\"https:\/\/www.pekarnasrnin.cz\/de\/kategorie-produktu\/salate-brotaufstriche\/\"><img loading=\"lazy\" decoding=\"async\" class=\"aligncenter wp-image-1145 size-full\" src=\"http:\/\/www.pekarnasrnin.cz\/wp-content\/uploads\/2021\/10\/9304_Testovinovy-salat-se-Sunkou-bal._180g_24h_5d.jpeg\" alt=\"\" width=\"756\" height=\"756\" srcset=\"https:\/\/www.pekarnasrnin.cz\/wp-content\/uploads\/2021\/10\/9304_Testovinovy-salat-se-Sunkou-bal._180g_24h_5d.jpeg 756w, https:\/\/www.pekarnasrnin.cz\/wp-content\/uploads\/2021\/10\/9304_Testovinovy-salat-se-Sunkou-bal._180g_24h_5d-300x300.jpeg 300w, https:\/\/www.pekarnasrnin.cz\/wp-content\/uploads\/2021\/10\/9304_Testovinovy-salat-se-Sunkou-bal._180g_24h_5d-150x150.jpeg 150w, https:\/\/www.pekarnasrnin.cz\/wp-content\/uploads\/2021\/10\/9304_Testovinovy-salat-se-Sunkou-bal._180g_24h_5d-420x420.jpeg 420w, https:\/\/www.pekarnasrnin.cz\/wp-content\/uploads\/2021\/10\/9304_Testovinovy-salat-se-Sunkou-bal._180g_24h_5d-600x600.jpeg 600w, https:\/\/www.pekarnasrnin.cz\/wp-content\/uploads\/2021\/10\/9304_Testovinovy-salat-se-Sunkou-bal._180g_24h_5d-100x100.jpeg 100w\" sizes=\"auto, (max-width: 756px) 100vw, 756px\" \/><\/a><\/p>\n<h2 style=\"text-align: center;\">Salate Brotaufstriche<\/h2>\n<p>[\/vc_column_text]<a href=\"https:\/\/www.pekarnasrnin.cz\/de\/kategorie-produktu\/salate-brotaufstriche\/\" class=\"wh-alt-button-2 vc_custom_1652273093157 tlacitkonastred scp_theme_button-0f7486385c486dad8dbb4b1f28fe8eb5\">PRODUKTE ANSEHEN<\/a>[\/vc_column][vc_column width=&#8221;1\/4&#8243; el_id=&#8221;sloupec&#8221;][vc_column_text]<a href=\"https:\/\/www.pekarnasrnin.cz\/de\/kategorie-produktu\/belegte-baguettes\/\"><img loading=\"lazy\" decoding=\"async\" class=\"aligncenter wp-image-1140 size-full\" src=\"http:\/\/www.pekarnasrnin.cz\/wp-content\/uploads\/2021\/10\/9330_MAMA-MIA_130g_24h.jpeg\" alt=\"\" width=\"756\" height=\"756\" srcset=\"https:\/\/www.pekarnasrnin.cz\/wp-content\/uploads\/2021\/10\/9330_MAMA-MIA_130g_24h.jpeg 756w, https:\/\/www.pekarnasrnin.cz\/wp-content\/uploads\/2021\/10\/9330_MAMA-MIA_130g_24h-300x300.jpeg 300w, https:\/\/www.pekarnasrnin.cz\/wp-content\/uploads\/2021\/10\/9330_MAMA-MIA_130g_24h-150x150.jpeg 150w, https:\/\/www.pekarnasrnin.cz\/wp-content\/uploads\/2021\/10\/9330_MAMA-MIA_130g_24h-420x420.jpeg 420w, https:\/\/www.pekarnasrnin.cz\/wp-content\/uploads\/2021\/10\/9330_MAMA-MIA_130g_24h-600x600.jpeg 600w, https:\/\/www.pekarnasrnin.cz\/wp-content\/uploads\/2021\/10\/9330_MAMA-MIA_130g_24h-100x100.jpeg 100w\" sizes=\"auto, (max-width: 756px) 100vw, 756px\" \/><\/a><\/p>\n<h2 style=\"text-align: center;\">Belegte Baguettesy<\/h2>\n<p>[\/vc_column_text]<a href=\"https:\/\/www.pekarnasrnin.cz\/de\/kategorie-produktu\/belegte-baguettes\/\" class=\"wh-alt-button-2 vc_custom_1652273141941 tlacitkonastred scp_theme_button-cb69af3dd57f03b9c178505ec6ad1917\">PRODUKTE ANSEHEN<\/a>[\/vc_column][vc_column width=&#8221;1\/4&#8243; el_id=&#8221;sloupec&#8221;][vc_column_text]<a href=\"https:\/\/www.pekarnasrnin.cz\/de\/kategorie-produktu\/happchen\/\"><img loading=\"lazy\" decoding=\"async\" class=\"aligncenter wp-image-1130 size-full\" src=\"http:\/\/www.pekarnasrnin.cz\/wp-content\/uploads\/2021\/10\/9352_Ruske-vejce_100g_5d.jpeg\" alt=\"\" width=\"741\" height=\"741\" srcset=\"https:\/\/www.pekarnasrnin.cz\/wp-content\/uploads\/2021\/10\/9352_Ruske-vejce_100g_5d.jpeg 741w, https:\/\/www.pekarnasrnin.cz\/wp-content\/uploads\/2021\/10\/9352_Ruske-vejce_100g_5d-300x300.jpeg 300w, https:\/\/www.pekarnasrnin.cz\/wp-content\/uploads\/2021\/10\/9352_Ruske-vejce_100g_5d-150x150.jpeg 150w, https:\/\/www.pekarnasrnin.cz\/wp-content\/uploads\/2021\/10\/9352_Ruske-vejce_100g_5d-420x420.jpeg 420w, https:\/\/www.pekarnasrnin.cz\/wp-content\/uploads\/2021\/10\/9352_Ruske-vejce_100g_5d-600x600.jpeg 600w, https:\/\/www.pekarnasrnin.cz\/wp-content\/uploads\/2021\/10\/9352_Ruske-vejce_100g_5d-100x100.jpeg 100w\" sizes=\"auto, (max-width: 741px) 100vw, 741px\" \/><\/a><\/p>\n<h2 style=\"text-align: center;\">H\u00e4ppchen<\/h2>\n<p>[\/vc_column_text]<a href=\"https:\/\/www.pekarnasrnin.cz\/de\/kategorie-produktu\/happchen\/\" class=\"wh-alt-button-2 vc_custom_1652273176349 tlacitkonastred scp_theme_button-102640309e2eba509452c00570fc7024\">PRODUKTE ANSEHEN<\/a>[\/vc_column][\/vc_row]<\/p>\n<\/div>","protected":false},"excerpt":{"rendered":"<p>[vc_row][vc_column width=&#8221;1\/4&#8243; el_id=&#8221;sloupec&#8221;][vc_column_text] Belegte Br\u00f6tchen [\/vc_column_text][\/vc_column][vc_column width=&#8221;1\/4&#8243; el_id=&#8221;sloupec&#8221;][vc_column_text] Salate Brotaufstriche [\/vc_column_text][\/vc_column][vc_column width=&#8221;1\/4&#8243; el_id=&#8221;sloupec&#8221;][vc_column_text] Belegte Baguettesy [\/vc_column_text][\/vc_column][vc_column width=&#8221;1\/4&#8243; el_id=&#8221;sloupec&#8221;][vc_column_text] H\u00e4ppchen [\/vc_column_text][\/vc_column][\/vc_row]<\/p>\n","protected":false},"author":1,"featured_media":0,"parent":0,"menu_order":0,"comment_status":"closed","ping_status":"closed","template":"","meta":{"_monsterinsights_skip_tracking":false,"_monsterinsights_sitenote_active":false,"_monsterinsights_sitenote_note":"","_monsterinsights_sitenote_category":0,"footnotes":""},"class_list":["post-2704","page","type-page","status-publish","hentry","odd"],"yoast_head":"<!-- This site is optimized with the Yoast SEO plugin v17.7.1 - https:\/\/yoast.com\/wordpress\/plugins\/seo\/ -->\n<title>Leckerbissen | Pek\u00e1rna Srn\u00edn<\/title>\n<meta name=\"robots\" content=\"index, follow, max-snippet:-1, max-image-preview:large, max-video-preview:-1\" \/>\n<link rel=\"canonical\" href=\"https:\/\/www.pekarnasrnin.cz\/de\/leckerbissen\/\" \/>\n<meta property=\"og:locale\" content=\"de_DE\" \/>\n<meta property=\"og:type\" content=\"article\" \/>\n<meta property=\"og:title\" content=\"Leckerbissen | Pek\u00e1rna Srn\u00edn\" \/>\n<meta property=\"og:description\" content=\"[vc_row][vc_column width=&#8221;1\/4&#8243; el_id=&#8221;sloupec&#8221;][vc_column_text] Belegte Br\u00f6tchen [\/vc_column_text][\/vc_column][vc_column width=&#8221;1\/4&#8243; el_id=&#8221;sloupec&#8221;][vc_column_text] Salate Brotaufstriche [\/vc_column_text][\/vc_column][vc_column width=&#8221;1\/4&#8243; el_id=&#8221;sloupec&#8221;][vc_column_text] Belegte Baguettesy [\/vc_column_text][\/vc_column][vc_column width=&#8221;1\/4&#8243; el_id=&#8221;sloupec&#8221;][vc_column_text] H\u00e4ppchen [\/vc_column_text][\/vc_column][\/vc_row]\" \/>\n<meta property=\"og:url\" content=\"https:\/\/www.pekarnasrnin.cz\/de\/leckerbissen\/\" \/>\n<meta property=\"og:site_name\" content=\"Pek\u00e1rna Srn\u00edn\" \/>\n<meta property=\"article:publisher\" content=\"https:\/\/www.facebook.com\/pekarnasrnin\/\" \/>\n<meta property=\"article:modified_time\" content=\"2022-05-11T12:46:46+00:00\" \/>\n<meta property=\"og:image\" content=\"http:\/\/www.pekarnasrnin.cz\/wp-content\/uploads\/2021\/10\/9328_Chlebicek-se-sunkou-na-salate_80g_24h.jpeg\" \/>\n<meta name=\"twitter:card\" content=\"summary_large_image\" \/>\n<meta name=\"twitter:label1\" content=\"Gesch\u00e4tzte Lesezeit\" \/>\n\t<meta name=\"twitter:data1\" content=\"2\u00a0Minuten\" \/>\n<script type=\"application\/ld+json\" class=\"yoast-schema-graph\">{\"@context\":\"https:\/\/schema.org\",\"@graph\":[{\"@type\":\"Organization\",\"@id\":\"https:\/\/www.pekarnasrnin.cz\/#organization\",\"name\":\"Pek\\u00e1rna Srn\\u00edn\",\"url\":\"https:\/\/www.pekarnasrnin.cz\/\",\"sameAs\":[\"https:\/\/www.facebook.com\/pekarnasrnin\/\"],\"logo\":{\"@type\":\"ImageObject\",\"@id\":\"https:\/\/www.pekarnasrnin.cz\/#logo\",\"inLanguage\":\"de\",\"url\":\"http:\/\/www.pekarnasrnin.cz\/wp-content\/uploads\/2021\/06\/pekarna-srnin-logo.png\",\"contentUrl\":\"http:\/\/www.pekarnasrnin.cz\/wp-content\/uploads\/2021\/06\/pekarna-srnin-logo.png\",\"width\":172,\"height\":182,\"caption\":\"Pek\\u00e1rna Srn\\u00edn\"},\"image\":{\"@id\":\"https:\/\/www.pekarnasrnin.cz\/#logo\"}},{\"@type\":\"WebSite\",\"@id\":\"https:\/\/www.pekarnasrnin.cz\/#website\",\"url\":\"https:\/\/www.pekarnasrnin.cz\/\",\"name\":\"Pek\\u00e1rna Srn\\u00edn\",\"description\":\"navazujeme na poctiv\\u00e9 peka\\u0159sk\\u00e9 \\u0159emeslo\",\"publisher\":{\"@id\":\"https:\/\/www.pekarnasrnin.cz\/#organization\"},\"potentialAction\":[{\"@type\":\"SearchAction\",\"target\":{\"@type\":\"EntryPoint\",\"urlTemplate\":\"https:\/\/www.pekarnasrnin.cz\/?s={search_term_string}\"},\"query-input\":\"required name=search_term_string\"}],\"inLanguage\":\"de\"},{\"@type\":\"ImageObject\",\"@id\":\"https:\/\/www.pekarnasrnin.cz\/de\/leckerbissen\/#primaryimage\",\"inLanguage\":\"de\",\"url\":\"http:\/\/www.pekarnasrnin.cz\/wp-content\/uploads\/2021\/10\/9328_Chlebicek-se-sunkou-na-salate_80g_24h.jpeg\",\"contentUrl\":\"http:\/\/www.pekarnasrnin.cz\/wp-content\/uploads\/2021\/10\/9328_Chlebicek-se-sunkou-na-salate_80g_24h.jpeg\"},{\"@type\":\"WebPage\",\"@id\":\"https:\/\/www.pekarnasrnin.cz\/de\/leckerbissen\/#webpage\",\"url\":\"https:\/\/www.pekarnasrnin.cz\/de\/leckerbissen\/\",\"name\":\"Leckerbissen | Pek\\u00e1rna Srn\\u00edn\",\"isPartOf\":{\"@id\":\"https:\/\/www.pekarnasrnin.cz\/#website\"},\"primaryImageOfPage\":{\"@id\":\"https:\/\/www.pekarnasrnin.cz\/de\/leckerbissen\/#primaryimage\"},\"datePublished\":\"2021-08-23T12:10:23+00:00\",\"dateModified\":\"2022-05-11T12:46:46+00:00\",\"breadcrumb\":{\"@id\":\"https:\/\/www.pekarnasrnin.cz\/de\/leckerbissen\/#breadcrumb\"},\"inLanguage\":\"de\",\"potentialAction\":[{\"@type\":\"ReadAction\",\"target\":[\"https:\/\/www.pekarnasrnin.cz\/de\/leckerbissen\/\"]}]},{\"@type\":\"BreadcrumbList\",\"@id\":\"https:\/\/www.pekarnasrnin.cz\/de\/leckerbissen\/#breadcrumb\",\"itemListElement\":[{\"@type\":\"ListItem\",\"position\":1,\"name\":\"Dom\\u016f\",\"item\":\"https:\/\/www.pekarnasrnin.cz\/de\/\"},{\"@type\":\"ListItem\",\"position\":2,\"name\":\"Leckerbissen\"}]}]}<\/script>\n<!-- \/ Yoast SEO plugin. -->","yoast_head_json":{"title":"Leckerbissen | Pek\u00e1rna Srn\u00edn","robots":{"index":"index","follow":"follow","max-snippet":"max-snippet:-1","max-image-preview":"max-image-preview:large","max-video-preview":"max-video-preview:-1"},"canonical":"https:\/\/www.pekarnasrnin.cz\/de\/leckerbissen\/","og_locale":"de_DE","og_type":"article","og_title":"Leckerbissen | Pek\u00e1rna Srn\u00edn","og_description":"[vc_row][vc_column width=&#8221;1\/4&#8243; el_id=&#8221;sloupec&#8221;][vc_column_text] Belegte Br\u00f6tchen [\/vc_column_text][\/vc_column][vc_column width=&#8221;1\/4&#8243; el_id=&#8221;sloupec&#8221;][vc_column_text] Salate Brotaufstriche [\/vc_column_text][\/vc_column][vc_column width=&#8221;1\/4&#8243; el_id=&#8221;sloupec&#8221;][vc_column_text] Belegte Baguettesy [\/vc_column_text][\/vc_column][vc_column width=&#8221;1\/4&#8243; el_id=&#8221;sloupec&#8221;][vc_column_text] H\u00e4ppchen [\/vc_column_text][\/vc_column][\/vc_row]","og_url":"https:\/\/www.pekarnasrnin.cz\/de\/leckerbissen\/","og_site_name":"Pek\u00e1rna Srn\u00edn","article_publisher":"https:\/\/www.facebook.com\/pekarnasrnin\/","article_modified_time":"2022-05-11T12:46:46+00:00","og_image":[{"url":"http:\/\/www.pekarnasrnin.cz\/wp-content\/uploads\/2021\/10\/9328_Chlebicek-se-sunkou-na-salate_80g_24h.jpeg"}],"twitter_card":"summary_large_image","twitter_misc":{"Gesch\u00e4tzte Lesezeit":"2\u00a0Minuten"},"schema":{"@context":"https:\/\/schema.org","@graph":[{"@type":"Organization","@id":"https:\/\/www.pekarnasrnin.cz\/#organization","name":"Pek\u00e1rna Srn\u00edn","url":"https:\/\/www.pekarnasrnin.cz\/","sameAs":["https:\/\/www.facebook.com\/pekarnasrnin\/"],"logo":{"@type":"ImageObject","@id":"https:\/\/www.pekarnasrnin.cz\/#logo","inLanguage":"de","url":"http:\/\/www.pekarnasrnin.cz\/wp-content\/uploads\/2021\/06\/pekarna-srnin-logo.png","contentUrl":"http:\/\/www.pekarnasrnin.cz\/wp-content\/uploads\/2021\/06\/pekarna-srnin-logo.png","width":172,"height":182,"caption":"Pek\u00e1rna Srn\u00edn"},"image":{"@id":"https:\/\/www.pekarnasrnin.cz\/#logo"}},{"@type":"WebSite","@id":"https:\/\/www.pekarnasrnin.cz\/#website","url":"https:\/\/www.pekarnasrnin.cz\/","name":"Pek\u00e1rna Srn\u00edn","description":"navazujeme na poctiv\u00e9 peka\u0159sk\u00e9 \u0159emeslo","publisher":{"@id":"https:\/\/www.pekarnasrnin.cz\/#organization"},"potentialAction":[{"@type":"SearchAction","target":{"@type":"EntryPoint","urlTemplate":"https:\/\/www.pekarnasrnin.cz\/?s={search_term_string}"},"query-input":"required name=search_term_string"}],"inLanguage":"de"},{"@type":"ImageObject","@id":"https:\/\/www.pekarnasrnin.cz\/de\/leckerbissen\/#primaryimage","inLanguage":"de","url":"http:\/\/www.pekarnasrnin.cz\/wp-content\/uploads\/2021\/10\/9328_Chlebicek-se-sunkou-na-salate_80g_24h.jpeg","contentUrl":"http:\/\/www.pekarnasrnin.cz\/wp-content\/uploads\/2021\/10\/9328_Chlebicek-se-sunkou-na-salate_80g_24h.jpeg"},{"@type":"WebPage","@id":"https:\/\/www.pekarnasrnin.cz\/de\/leckerbissen\/#webpage","url":"https:\/\/www.pekarnasrnin.cz\/de\/leckerbissen\/","name":"Leckerbissen | Pek\u00e1rna Srn\u00edn","isPartOf":{"@id":"https:\/\/www.pekarnasrnin.cz\/#website"},"primaryImageOfPage":{"@id":"https:\/\/www.pekarnasrnin.cz\/de\/leckerbissen\/#primaryimage"},"datePublished":"2021-08-23T12:10:23+00:00","dateModified":"2022-05-11T12:46:46+00:00","breadcrumb":{"@id":"https:\/\/www.pekarnasrnin.cz\/de\/leckerbissen\/#breadcrumb"},"inLanguage":"de","potentialAction":[{"@type":"ReadAction","target":["https:\/\/www.pekarnasrnin.cz\/de\/leckerbissen\/"]}]},{"@type":"BreadcrumbList","@id":"https:\/\/www.pekarnasrnin.cz\/de\/leckerbissen\/#breadcrumb","itemListElement":[{"@type":"ListItem","position":1,"name":"Dom\u016f","item":"https:\/\/www.pekarnasrnin.cz\/de\/"},{"@type":"ListItem","position":2,"name":"Leckerbissen"}]}]}},"_links":{"self":[{"href":"https:\/\/www.pekarnasrnin.cz\/de\/wp-json\/wp\/v2\/pages\/2704","targetHints":{"allow":["GET"]}}],"collection":[{"href":"https:\/\/www.pekarnasrnin.cz\/de\/wp-json\/wp\/v2\/pages"}],"about":[{"href":"https:\/\/www.pekarnasrnin.cz\/de\/wp-json\/wp\/v2\/types\/page"}],"author":[{"embeddable":true,"href":"https:\/\/www.pekarnasrnin.cz\/de\/wp-json\/wp\/v2\/users\/1"}],"replies":[{"embeddable":true,"href":"https:\/\/www.pekarnasrnin.cz\/de\/wp-json\/wp\/v2\/comments?post=2704"}],"version-history":[{"count":1,"href":"https:\/\/www.pekarnasrnin.cz\/de\/wp-json\/wp\/v2\/pages\/2704\/revisions"}],"predecessor-version":[{"id":2705,"href":"https:\/\/www.pekarnasrnin.cz\/de\/wp-json\/wp\/v2\/pages\/2704\/revisions\/2705"}],"wp:attachment":[{"href":"https:\/\/www.pekarnasrnin.cz\/de\/wp-json\/wp\/v2\/media?parent=2704"}],"curies":[{"name":"wp","href":"https:\/\/api.w.org\/{rel}","templated":true}]}}