{"id":2714,"date":"2021-11-04T13:27:30","date_gmt":"2021-11-04T12:27:30","guid":{"rendered":"https:\/\/www.pekarnasrnin.cz\/alergeny-a-slozeni\/"},"modified":"2022-05-11T15:05:49","modified_gmt":"2022-05-11T13:05:49","slug":"allergene-und-inhaltsstoffe","status":"publish","type":"page","link":"https:\/\/www.pekarnasrnin.cz\/de\/allergene-und-inhaltsstoffe\/","title":{"rendered":"Allergene und Inhaltsstoffe"},"content":{"rendered":"<div class=\"wpb-content-wrapper\"><p>[vc_row el_id=&#8221;produkty&#8221;][vc_column][vc_column_text css=&#8221;.vc_custom_1652274308783{padding-top: 35px !important;}&#8221;]<a href=\"https:\/\/www.pekarnasrnin.cz\/de\/geschichte\/\"><span style=\"color: #daba84;\">\u00dcBER UNS<\/span>\u00a0<\/a> \u00a0 <span style=\"color: #daba84;\">&gt;<\/span>\u00a0 \u00a0<span style=\"color: #6b3c0a;\">ALLERGENE UND INHALTSSTOFFE<\/span>[\/vc_column_text][vc_column_text]<\/p>\n<h2 style=\"text-align: center; font-size: 48px; font-family: 'Microbrew'!important; color: #6b3c0a;\">ALLERGENE UND INHALTSSTOFFE<\/h2>\n<p>[\/vc_column_text][vc_column_text]<img loading=\"lazy\" decoding=\"async\" class=\"aligncenter size-full wp-image-636\" src=\"http:\/\/www.pekarnasrnin.cz\/wp-content\/uploads\/2021\/06\/oddelovac-nas-pribeh.png\" alt=\"\" width=\"566\" height=\"19\" srcset=\"https:\/\/www.pekarnasrnin.cz\/wp-content\/uploads\/2021\/06\/oddelovac-nas-pribeh.png 566w, https:\/\/www.pekarnasrnin.cz\/wp-content\/uploads\/2021\/06\/oddelovac-nas-pribeh-300x10.png 300w\" sizes=\"auto, (max-width: 566px) 100vw, 566px\" \/>[\/vc_column_text][\/vc_column][\/vc_row][vc_row css=&#8221;.vc_custom_1636029147254{margin-bottom: 25px !important;}&#8221;][vc_column width=&#8221;1\/3&#8243;][vc_separator color=&#8221;custom&#8221; border_width=&#8221;4&#8243; accent_color=&#8221;#6b3c0a&#8221; css=&#8221;.vc_custom_1636028388282{margin-bottom: 0px !important;}&#8221;]\t\t<div class=\"wh-content-box vc_custom_1636028456240  scp_content_box-ce9370e961dd1adcc7db7b2d1b1a03e0\">\r\n\t\t\t\t\t\t\t\t\t\t\t\t[vc_column_text]<\/p>\n<h2>Slo\u017een\u00ed mra\u017een\u00fdch v\u00fdrobk\u016f Pek\u00e1rny Srn\u00edn<\/h2>\n<p>[\/vc_column_text]<a href=\"http:\/\/www.pekarnasrnin.cz\/wp-content\/uploads\/2021\/11\/Celkove-slozeni-vyrobku-mrazene-2021.pdf\" class=\"wh-alt-button-2  scp_theme_button-2b25ab16368fbb56c63ea4f5188fad8d\" target=\"_blank\">WEITERLESEN<\/a>\t\t<\/div>\r\n\t\t[\/vc_column][vc_column width=&#8221;1\/3&#8243;][vc_separator color=&#8221;custom&#8221; border_width=&#8221;4&#8243; accent_color=&#8221;#6b3c0a&#8221; css=&#8221;.vc_custom_1636028388282{margin-bottom: 0px !important;}&#8221;]\t\t<div class=\"wh-content-box vc_custom_1636028456240  scp_content_box-ce9370e961dd1adcc7db7b2d1b1a03e0\">\r\n\t\t\t\t\t\t\t\t\t\t\t\t[vc_column_text]<\/p>\n<h2>Slo\u017een\u00ed pe\u010diva pek\u00e1rny Horn\u00ed Plan\u00e1<\/h2>\n<p>[\/vc_column_text]<a href=\"http:\/\/www.pekarnasrnin.cz\/wp-content\/uploads\/2021\/11\/Horni-Plana_slozeni-2021.pdf\" class=\"wh-alt-button-2  scp_theme_button-8e9a55e0eed56e1e0ea115b08ba0111a\" target=\"_blank\">WEITERLESEN<\/a>\t\t<\/div>\r\n\t\t[\/vc_column][vc_column width=&#8221;1\/3&#8243;][vc_separator color=&#8221;custom&#8221; border_width=&#8221;4&#8243; accent_color=&#8221;#6b3c0a&#8221; css=&#8221;.vc_custom_1636028388282{margin-bottom: 0px !important;}&#8221;]\t\t<div class=\"wh-content-box vc_custom_1636028456240  scp_content_box-ce9370e961dd1adcc7db7b2d1b1a03e0\">\r\n\t\t\t\t\t\t\t\t\t\t\t\t[vc_column_text]<\/p>\n<h2>Slo\u017een\u00ed nebalen\u00fdch v\u00fdrobk\u016f Cukr\u00e1rny Srn\u00edn<\/h2>\n<p>[\/vc_column_text]<a href=\"http:\/\/www.pekarnasrnin.cz\/wp-content\/uploads\/2021\/11\/Slozeni-nebal.-vyr.-cukrarny-2021.pdf\" class=\"wh-alt-button-2  scp_theme_button-b4cd306ab6533a275f1df3bd54882fd7\" target=\"_blank\">WEITERLESEN<\/a>\t\t<\/div>\r\n\t\t[\/vc_column][\/vc_row][vc_row css=&#8221;.vc_custom_1636029130293{margin-bottom: 50px !important;}&#8221;][vc_column width=&#8221;1\/3&#8243;][vc_separator color=&#8221;custom&#8221; border_width=&#8221;4&#8243; accent_color=&#8221;#6b3c0a&#8221; css=&#8221;.vc_custom_1636028388282{margin-bottom: 0px !important;}&#8221;]\t\t<div class=\"wh-content-box vc_custom_1636028456240  scp_content_box-ce9370e961dd1adcc7db7b2d1b1a03e0\">\r\n\t\t\t\t\t\t\t\t\t\t\t\t[vc_column_text]<\/p>\n<h2>Slo\u017een\u00ed nebalen\u00fdch v\u00fdrobk\u016f Studen\u00e9 kuchyn\u011b Srn\u00edn<\/h2>\n<p>[\/vc_column_text]<a href=\"http:\/\/www.pekarnasrnin.cz\/wp-content\/uploads\/2021\/11\/Slozeni-nebalenych-lahudek-2021.pdf\" class=\"wh-alt-button-2  scp_theme_button-3a8bfe6e7d45c1d44014dbd367ca8006\" target=\"_blank\">WEITERLESEN<\/a>\t\t<\/div>\r\n\t\t[\/vc_column][vc_column width=&#8221;1\/3&#8243;][vc_separator color=&#8221;custom&#8221; border_width=&#8221;4&#8243; accent_color=&#8221;#6b3c0a&#8221; css=&#8221;.vc_custom_1636028388282{margin-bottom: 0px !important;}&#8221;]\t\t<div class=\"wh-content-box vc_custom_1636028456240  scp_content_box-ce9370e961dd1adcc7db7b2d1b1a03e0\">\r\n\t\t\t\t\t\t\t\t\t\t\t\t[vc_column_text]<\/p>\n<h2>Slo\u017een\u00ed nebalen\u00fdch v\u00fdrobk\u016f Pek\u00e1rny Srn\u00edn<\/h2>\n<p>[\/vc_column_text]<a href=\"http:\/\/www.pekarnasrnin.cz\/wp-content\/uploads\/2021\/11\/Slozeni-nebal.-vyr.-pekarny-2021.pdf\" class=\"wh-alt-button-2  scp_theme_button-d46da94d7a3192f9ab90b2be033cb629\" target=\"_blank\">WEITERLESEN<\/a>\t\t<\/div>\r\n\t\t[\/vc_column][vc_column width=&#8221;1\/3&#8243;][\/vc_column][\/vc_row]<\/p>\n<\/div>","protected":false},"excerpt":{"rendered":"<p>[vc_row el_id=&#8221;produkty&#8221;][vc_column][vc_column_text css=&#8221;.vc_custom_1652274308783{padding-top: 35px !important;}&#8221;]\u00dcBER UNS\u00a0 \u00a0 &gt;\u00a0 \u00a0ALLERGENE UND INHALTSSTOFFE[\/vc_column_text][vc_column_text] ALLERGENE UND INHALTSSTOFFE [\/vc_column_text][vc_column_text][\/vc_column_text][\/vc_column][\/vc_row][vc_row css=&#8221;.vc_custom_1636029147254{margin-bottom: 25px !important;}&#8221;][vc_column width=&#8221;1\/3&#8243;][vc_separator color=&#8221;custom&#8221; border_width=&#8221;4&#8243; accent_color=&#8221;#6b3c0a&#8221; css=&#8221;.vc_custom_1636028388282{margin-bottom: 0px !important;}&#8221;][\/vc_column][vc_column width=&#8221;1\/3&#8243;][vc_separator color=&#8221;custom&#8221; border_width=&#8221;4&#8243; accent_color=&#8221;#6b3c0a&#8221; css=&#8221;.vc_custom_1636028388282{margin-bottom: 0px !important;}&#8221;][\/vc_column][vc_column width=&#8221;1\/3&#8243;][vc_separator color=&#8221;custom&#8221; border_width=&#8221;4&#8243; accent_color=&#8221;#6b3c0a&#8221; css=&#8221;.vc_custom_1636028388282{margin-bottom: 0px !important;}&#8221;][\/vc_column][\/vc_row][vc_row css=&#8221;.vc_custom_1636029130293{margin-bottom: 50px !important;}&#8221;][vc_column width=&#8221;1\/3&#8243;][vc_separator color=&#8221;custom&#8221; border_width=&#8221;4&#8243;&nbsp;<a href=\"https:\/\/www.pekarnasrnin.cz\/de\/allergene-und-inhaltsstoffe\/\">&hellip;<\/a><\/p>\n","protected":false},"author":1,"featured_media":0,"parent":0,"menu_order":0,"comment_status":"closed","ping_status":"closed","template":"template-fullwidth.php","meta":{"_monsterinsights_skip_tracking":false,"_monsterinsights_sitenote_active":false,"_monsterinsights_sitenote_note":"","_monsterinsights_sitenote_category":0,"footnotes":""},"class_list":["post-2714","page","type-page","status-publish","hentry","odd"],"yoast_head":"<!-- This site is optimized with the Yoast SEO plugin v17.7.1 - https:\/\/yoast.com\/wordpress\/plugins\/seo\/ -->\n<title>Allergene und Inhaltsstoffe | Pek\u00e1rna Srn\u00edn<\/title>\n<meta name=\"robots\" content=\"index, follow, max-snippet:-1, max-image-preview:large, max-video-preview:-1\" \/>\n<link rel=\"canonical\" href=\"https:\/\/www.pekarnasrnin.cz\/de\/allergene-und-inhaltsstoffe\/\" \/>\n<meta property=\"og:locale\" content=\"de_DE\" \/>\n<meta property=\"og:type\" content=\"article\" \/>\n<meta property=\"og:title\" content=\"Allergene und Inhaltsstoffe | Pek\u00e1rna Srn\u00edn\" \/>\n<meta property=\"og:description\" content=\"[vc_row el_id=&#8221;produkty&#8221;][vc_column][vc_column_text css=&#8221;.vc_custom_1652274308783{padding-top: 35px !important;}&#8221;]\u00dcBER UNS\u00a0 \u00a0 &gt;\u00a0 \u00a0ALLERGENE UND INHALTSSTOFFE[\/vc_column_text][vc_column_text] ALLERGENE UND INHALTSSTOFFE [\/vc_column_text][vc_column_text][\/vc_column_text][\/vc_column][\/vc_row][vc_row css=&#8221;.vc_custom_1636029147254{margin-bottom: 25px !important;}&#8221;][vc_column width=&#8221;1\/3&#8243;][vc_separator color=&#8221;custom&#8221; border_width=&#8221;4&#8243; accent_color=&#8221;#6b3c0a&#8221; css=&#8221;.vc_custom_1636028388282{margin-bottom: 0px !important;}&#8221;][\/vc_column][vc_column width=&#8221;1\/3&#8243;][vc_separator color=&#8221;custom&#8221; border_width=&#8221;4&#8243; accent_color=&#8221;#6b3c0a&#8221; css=&#8221;.vc_custom_1636028388282{margin-bottom: 0px !important;}&#8221;][\/vc_column][vc_column width=&#8221;1\/3&#8243;][vc_separator color=&#8221;custom&#8221; border_width=&#8221;4&#8243; accent_color=&#8221;#6b3c0a&#8221; css=&#8221;.vc_custom_1636028388282{margin-bottom: 0px !important;}&#8221;][\/vc_column][\/vc_row][vc_row css=&#8221;.vc_custom_1636029130293{margin-bottom: 50px !important;}&#8221;][vc_column width=&#8221;1\/3&#8243;][vc_separator color=&#8221;custom&#8221; border_width=&#8221;4&#8243;&nbsp;&hellip;\" \/>\n<meta property=\"og:url\" content=\"https:\/\/www.pekarnasrnin.cz\/de\/allergene-und-inhaltsstoffe\/\" \/>\n<meta property=\"og:site_name\" content=\"Pek\u00e1rna Srn\u00edn\" \/>\n<meta property=\"article:publisher\" content=\"https:\/\/www.facebook.com\/pekarnasrnin\/\" \/>\n<meta property=\"article:modified_time\" content=\"2022-05-11T13:05:49+00:00\" \/>\n<meta property=\"og:image\" content=\"http:\/\/www.pekarnasrnin.cz\/wp-content\/uploads\/2021\/06\/oddelovac-nas-pribeh.png\" \/>\n<meta name=\"twitter:card\" content=\"summary_large_image\" \/>\n<meta name=\"twitter:label1\" content=\"Gesch\u00e4tzte Lesezeit\" \/>\n\t<meta name=\"twitter:data1\" content=\"2\u00a0Minuten\" \/>\n<script type=\"application\/ld+json\" class=\"yoast-schema-graph\">{\"@context\":\"https:\/\/schema.org\",\"@graph\":[{\"@type\":\"Organization\",\"@id\":\"https:\/\/www.pekarnasrnin.cz\/#organization\",\"name\":\"Pek\\u00e1rna Srn\\u00edn\",\"url\":\"https:\/\/www.pekarnasrnin.cz\/\",\"sameAs\":[\"https:\/\/www.facebook.com\/pekarnasrnin\/\"],\"logo\":{\"@type\":\"ImageObject\",\"@id\":\"https:\/\/www.pekarnasrnin.cz\/#logo\",\"inLanguage\":\"de\",\"url\":\"http:\/\/www.pekarnasrnin.cz\/wp-content\/uploads\/2021\/06\/pekarna-srnin-logo.png\",\"contentUrl\":\"http:\/\/www.pekarnasrnin.cz\/wp-content\/uploads\/2021\/06\/pekarna-srnin-logo.png\",\"width\":172,\"height\":182,\"caption\":\"Pek\\u00e1rna Srn\\u00edn\"},\"image\":{\"@id\":\"https:\/\/www.pekarnasrnin.cz\/#logo\"}},{\"@type\":\"WebSite\",\"@id\":\"https:\/\/www.pekarnasrnin.cz\/#website\",\"url\":\"https:\/\/www.pekarnasrnin.cz\/\",\"name\":\"Pek\\u00e1rna Srn\\u00edn\",\"description\":\"navazujeme na poctiv\\u00e9 peka\\u0159sk\\u00e9 \\u0159emeslo\",\"publisher\":{\"@id\":\"https:\/\/www.pekarnasrnin.cz\/#organization\"},\"potentialAction\":[{\"@type\":\"SearchAction\",\"target\":{\"@type\":\"EntryPoint\",\"urlTemplate\":\"https:\/\/www.pekarnasrnin.cz\/?s={search_term_string}\"},\"query-input\":\"required name=search_term_string\"}],\"inLanguage\":\"de\"},{\"@type\":\"ImageObject\",\"@id\":\"https:\/\/www.pekarnasrnin.cz\/de\/allergene-und-inhaltsstoffe\/#primaryimage\",\"inLanguage\":\"de\",\"url\":\"http:\/\/www.pekarnasrnin.cz\/wp-content\/uploads\/2021\/06\/oddelovac-nas-pribeh.png\",\"contentUrl\":\"http:\/\/www.pekarnasrnin.cz\/wp-content\/uploads\/2021\/06\/oddelovac-nas-pribeh.png\"},{\"@type\":\"WebPage\",\"@id\":\"https:\/\/www.pekarnasrnin.cz\/de\/allergene-und-inhaltsstoffe\/#webpage\",\"url\":\"https:\/\/www.pekarnasrnin.cz\/de\/allergene-und-inhaltsstoffe\/\",\"name\":\"Allergene und Inhaltsstoffe | Pek\\u00e1rna Srn\\u00edn\",\"isPartOf\":{\"@id\":\"https:\/\/www.pekarnasrnin.cz\/#website\"},\"primaryImageOfPage\":{\"@id\":\"https:\/\/www.pekarnasrnin.cz\/de\/allergene-und-inhaltsstoffe\/#primaryimage\"},\"datePublished\":\"2021-11-04T12:27:30+00:00\",\"dateModified\":\"2022-05-11T13:05:49+00:00\",\"breadcrumb\":{\"@id\":\"https:\/\/www.pekarnasrnin.cz\/de\/allergene-und-inhaltsstoffe\/#breadcrumb\"},\"inLanguage\":\"de\",\"potentialAction\":[{\"@type\":\"ReadAction\",\"target\":[\"https:\/\/www.pekarnasrnin.cz\/de\/allergene-und-inhaltsstoffe\/\"]}]},{\"@type\":\"BreadcrumbList\",\"@id\":\"https:\/\/www.pekarnasrnin.cz\/de\/allergene-und-inhaltsstoffe\/#breadcrumb\",\"itemListElement\":[{\"@type\":\"ListItem\",\"position\":1,\"name\":\"Dom\\u016f\",\"item\":\"https:\/\/www.pekarnasrnin.cz\/de\/\"},{\"@type\":\"ListItem\",\"position\":2,\"name\":\"Allergene und Inhaltsstoffe\"}]}]}<\/script>\n<!-- \/ Yoast SEO plugin. -->","yoast_head_json":{"title":"Allergene und Inhaltsstoffe | Pek\u00e1rna Srn\u00edn","robots":{"index":"index","follow":"follow","max-snippet":"max-snippet:-1","max-image-preview":"max-image-preview:large","max-video-preview":"max-video-preview:-1"},"canonical":"https:\/\/www.pekarnasrnin.cz\/de\/allergene-und-inhaltsstoffe\/","og_locale":"de_DE","og_type":"article","og_title":"Allergene und Inhaltsstoffe | Pek\u00e1rna Srn\u00edn","og_description":"[vc_row el_id=&#8221;produkty&#8221;][vc_column][vc_column_text css=&#8221;.vc_custom_1652274308783{padding-top: 35px !important;}&#8221;]\u00dcBER UNS\u00a0 \u00a0 &gt;\u00a0 \u00a0ALLERGENE UND INHALTSSTOFFE[\/vc_column_text][vc_column_text] ALLERGENE UND INHALTSSTOFFE [\/vc_column_text][vc_column_text][\/vc_column_text][\/vc_column][\/vc_row][vc_row css=&#8221;.vc_custom_1636029147254{margin-bottom: 25px !important;}&#8221;][vc_column width=&#8221;1\/3&#8243;][vc_separator color=&#8221;custom&#8221; border_width=&#8221;4&#8243; accent_color=&#8221;#6b3c0a&#8221; css=&#8221;.vc_custom_1636028388282{margin-bottom: 0px !important;}&#8221;][\/vc_column][vc_column width=&#8221;1\/3&#8243;][vc_separator color=&#8221;custom&#8221; border_width=&#8221;4&#8243; accent_color=&#8221;#6b3c0a&#8221; css=&#8221;.vc_custom_1636028388282{margin-bottom: 0px !important;}&#8221;][\/vc_column][vc_column width=&#8221;1\/3&#8243;][vc_separator color=&#8221;custom&#8221; border_width=&#8221;4&#8243; accent_color=&#8221;#6b3c0a&#8221; css=&#8221;.vc_custom_1636028388282{margin-bottom: 0px !important;}&#8221;][\/vc_column][\/vc_row][vc_row css=&#8221;.vc_custom_1636029130293{margin-bottom: 50px !important;}&#8221;][vc_column width=&#8221;1\/3&#8243;][vc_separator color=&#8221;custom&#8221; border_width=&#8221;4&#8243;&nbsp;&hellip;","og_url":"https:\/\/www.pekarnasrnin.cz\/de\/allergene-und-inhaltsstoffe\/","og_site_name":"Pek\u00e1rna Srn\u00edn","article_publisher":"https:\/\/www.facebook.com\/pekarnasrnin\/","article_modified_time":"2022-05-11T13:05:49+00:00","og_image":[{"url":"http:\/\/www.pekarnasrnin.cz\/wp-content\/uploads\/2021\/06\/oddelovac-nas-pribeh.png"}],"twitter_card":"summary_large_image","twitter_misc":{"Gesch\u00e4tzte Lesezeit":"2\u00a0Minuten"},"schema":{"@context":"https:\/\/schema.org","@graph":[{"@type":"Organization","@id":"https:\/\/www.pekarnasrnin.cz\/#organization","name":"Pek\u00e1rna Srn\u00edn","url":"https:\/\/www.pekarnasrnin.cz\/","sameAs":["https:\/\/www.facebook.com\/pekarnasrnin\/"],"logo":{"@type":"ImageObject","@id":"https:\/\/www.pekarnasrnin.cz\/#logo","inLanguage":"de","url":"http:\/\/www.pekarnasrnin.cz\/wp-content\/uploads\/2021\/06\/pekarna-srnin-logo.png","contentUrl":"http:\/\/www.pekarnasrnin.cz\/wp-content\/uploads\/2021\/06\/pekarna-srnin-logo.png","width":172,"height":182,"caption":"Pek\u00e1rna Srn\u00edn"},"image":{"@id":"https:\/\/www.pekarnasrnin.cz\/#logo"}},{"@type":"WebSite","@id":"https:\/\/www.pekarnasrnin.cz\/#website","url":"https:\/\/www.pekarnasrnin.cz\/","name":"Pek\u00e1rna Srn\u00edn","description":"navazujeme na poctiv\u00e9 peka\u0159sk\u00e9 \u0159emeslo","publisher":{"@id":"https:\/\/www.pekarnasrnin.cz\/#organization"},"potentialAction":[{"@type":"SearchAction","target":{"@type":"EntryPoint","urlTemplate":"https:\/\/www.pekarnasrnin.cz\/?s={search_term_string}"},"query-input":"required name=search_term_string"}],"inLanguage":"de"},{"@type":"ImageObject","@id":"https:\/\/www.pekarnasrnin.cz\/de\/allergene-und-inhaltsstoffe\/#primaryimage","inLanguage":"de","url":"http:\/\/www.pekarnasrnin.cz\/wp-content\/uploads\/2021\/06\/oddelovac-nas-pribeh.png","contentUrl":"http:\/\/www.pekarnasrnin.cz\/wp-content\/uploads\/2021\/06\/oddelovac-nas-pribeh.png"},{"@type":"WebPage","@id":"https:\/\/www.pekarnasrnin.cz\/de\/allergene-und-inhaltsstoffe\/#webpage","url":"https:\/\/www.pekarnasrnin.cz\/de\/allergene-und-inhaltsstoffe\/","name":"Allergene und Inhaltsstoffe | Pek\u00e1rna Srn\u00edn","isPartOf":{"@id":"https:\/\/www.pekarnasrnin.cz\/#website"},"primaryImageOfPage":{"@id":"https:\/\/www.pekarnasrnin.cz\/de\/allergene-und-inhaltsstoffe\/#primaryimage"},"datePublished":"2021-11-04T12:27:30+00:00","dateModified":"2022-05-11T13:05:49+00:00","breadcrumb":{"@id":"https:\/\/www.pekarnasrnin.cz\/de\/allergene-und-inhaltsstoffe\/#breadcrumb"},"inLanguage":"de","potentialAction":[{"@type":"ReadAction","target":["https:\/\/www.pekarnasrnin.cz\/de\/allergene-und-inhaltsstoffe\/"]}]},{"@type":"BreadcrumbList","@id":"https:\/\/www.pekarnasrnin.cz\/de\/allergene-und-inhaltsstoffe\/#breadcrumb","itemListElement":[{"@type":"ListItem","position":1,"name":"Dom\u016f","item":"https:\/\/www.pekarnasrnin.cz\/de\/"},{"@type":"ListItem","position":2,"name":"Allergene und Inhaltsstoffe"}]}]}},"_links":{"self":[{"href":"https:\/\/www.pekarnasrnin.cz\/de\/wp-json\/wp\/v2\/pages\/2714","targetHints":{"allow":["GET"]}}],"collection":[{"href":"https:\/\/www.pekarnasrnin.cz\/de\/wp-json\/wp\/v2\/pages"}],"about":[{"href":"https:\/\/www.pekarnasrnin.cz\/de\/wp-json\/wp\/v2\/types\/page"}],"author":[{"embeddable":true,"href":"https:\/\/www.pekarnasrnin.cz\/de\/wp-json\/wp\/v2\/users\/1"}],"replies":[{"embeddable":true,"href":"https:\/\/www.pekarnasrnin.cz\/de\/wp-json\/wp\/v2\/comments?post=2714"}],"version-history":[{"count":1,"href":"https:\/\/www.pekarnasrnin.cz\/de\/wp-json\/wp\/v2\/pages\/2714\/revisions"}],"predecessor-version":[{"id":2715,"href":"https:\/\/www.pekarnasrnin.cz\/de\/wp-json\/wp\/v2\/pages\/2714\/revisions\/2715"}],"wp:attachment":[{"href":"https:\/\/www.pekarnasrnin.cz\/de\/wp-json\/wp\/v2\/media?parent=2714"}],"curies":[{"name":"wp","href":"https:\/\/api.w.org\/{rel}","templated":true}]}}