{"id":2249,"date":"2017-01-30T11:19:04","date_gmt":"2017-01-30T10:19:04","guid":{"rendered":"https:\/\/www.pekarnasrnin.cz\/novinky\/"},"modified":"2022-05-11T15:41:22","modified_gmt":"2022-05-11T13:41:22","slug":"news","status":"publish","type":"page","link":"https:\/\/www.pekarnasrnin.cz\/en\/news\/","title":{"rendered":"News"},"content":{"rendered":"<div class=\"wpb-content-wrapper\"><p>[vc_row full_width=&#8221;stretch_row&#8221; css=&#8221;.vc_custom_1639746466381{padding-top: 30px !important;}&#8221; el_id=&#8221;novinky&#8221;][vc_column][vc_column_text]<a href=\"https:\/\/www.pekarnasrnin.cz\/en\/story\/\"><span style=\"color: #daba84;\">OUR STORY<\/span>\u00a0<\/a> \u00a0 <span style=\"color: #daba84;\">&gt;<\/span>\u00a0 \u00a0<span style=\"color: #6b3c0a;\">NEWS<\/span>[\/vc_column_text][vc_column_text]<\/p>\n<h1 style=\"text-align: center; font-size: 48px; font-family: 'Microbrew'!important; color: #6b3c0a;\">NEWS<\/h1>\n<p>[\/vc_column_text][vc_column_text css=&#8221;.vc_custom_1639746423892{margin-top: -15px !important;padding-bottom: 40px !important;}&#8221;]<img loading=\"lazy\" decoding=\"async\" class=\"aligncenter size-full wp-image-636\" src=\"http:\/\/www.pekarnasrnin.cz\/wp-content\/uploads\/2021\/06\/oddelovac-nas-pribeh.png\" alt=\"\" width=\"566\" height=\"19\" srcset=\"https:\/\/www.pekarnasrnin.cz\/wp-content\/uploads\/2021\/06\/oddelovac-nas-pribeh.png 566w, https:\/\/www.pekarnasrnin.cz\/wp-content\/uploads\/2021\/06\/oddelovac-nas-pribeh-300x10.png 300w\" sizes=\"auto, (max-width: 566px) 100vw, 566px\" \/>[\/vc_column_text]\t\t<div class=\"linp-post-list  layout_1\">\r\n\t\t\t\t\t\t\t<div class=\"vc_row\">\r\n\t\t\t\t\t\t\t\t\t\t\t\t\t\t\t\t\t\t<div class=\"item one whole\">\r\n\t<div class=\"inner-wrap\">\r\n\t\t\t\t\t<div class=\"img-container\">\r\n\t\t\t\t<a href=\"https:\/\/www.pekarnasrnin.cz\/en\/quality-marks\/\"\r\n\t\t\t\t   title=\"QUALITY MARKS\">\r\n\t\t\t\t   <img loading=\"lazy\" decoding=\"async\" width=\"768\" height=\"510\" src=\"https:\/\/www.pekarnasrnin.cz\/wp-content\/uploads\/2022\/02\/veselka-znamky-kvality-768x510.png\" class=\"post-list-thumb wp-post-image\" alt=\"\" \/>\t\t\t    <\/a>\r\n\t\t\t<\/div>\r\n\t\t\t\t<div class=\"data\">\r\n\t\t\t<div class=\"meta-data\">\r\n\t\t\t\t<div class=\"date\">\r\n\t\t\t\t\t<i class=\"icon-edtime3\"><\/i>\r\n\t\t\t\t\t\t\t\t\t\t\tFebruary 10, 2022\t\t\t\t\t\t\t\t\t<\/div>\r\n\t\t\t\t\t\t\t\t\t\t\t<\/div>\r\n\t\t\t<h3>\r\n\t\t\t\t<a title=\"QUALITY MARKS\"\r\n\t\t\t\t   href=\"https:\/\/www.pekarnasrnin.cz\/en\/quality-marks\/\">\r\n\t\t\t\t\tQUALITY MARKS\t\t\t\t<\/a>\r\n\t\t\t<\/h3>\r\n\t\t\t\t\t\t\t<div class=\"content\">\r\n\t\t\t\t\t\t\t\t\t\t<p>For quite some time now, our flours have been on the list of foods that meet CZECH GUILD STANDARDS. Recently, another valuable quality mark was added, namely KLASA. We are&hellip;<\/p>\r\n\t\t\t\t<\/div>\r\n\t\t\t\t\t\t\t\t\t\t<a class=\"read-more\" href=\"https:\/\/www.pekarnasrnin.cz\/en\/quality-marks\/\">Read more &gt;<\/a>\r\n\t\t\t\t\t<\/div>\r\n\t<\/div>\r\n<\/div>\t\t\t\t\t\t\r\n\t\t\t\t\t\t\t\t\t<\/div>\r\n\t\t\t\t\t\t\t<div class=\"vc_row\">\r\n\t\t\t\t\t\t\t\t\t\t\t\t\t\t\t\t\t\t<div class=\"item one whole\">\r\n\t<div class=\"inner-wrap\">\r\n\t\t\t\t\t<div class=\"img-container\">\r\n\t\t\t\t<a href=\"https:\/\/www.pekarnasrnin.cz\/en\/new-bread-heart-one\/\"\r\n\t\t\t\t   title=\"NEW BREAD HEART ONE\">\r\n\t\t\t\t   <img loading=\"lazy\" decoding=\"async\" width=\"768\" height=\"510\" src=\"https:\/\/www.pekarnasrnin.cz\/wp-content\/uploads\/2022\/02\/271991975_465693178426678_1102772014878510311_n-768x510.jpg\" class=\"post-list-thumb wp-post-image\" alt=\"\" \/>\t\t\t    <\/a>\r\n\t\t\t<\/div>\r\n\t\t\t\t<div class=\"data\">\r\n\t\t\t<div class=\"meta-data\">\r\n\t\t\t\t<div class=\"date\">\r\n\t\t\t\t\t<i class=\"icon-edtime3\"><\/i>\r\n\t\t\t\t\t\t\t\t\t\t\tFebruary 09, 2022\t\t\t\t\t\t\t\t\t<\/div>\r\n\t\t\t\t\t\t\t\t\t\t\t<\/div>\r\n\t\t\t<h3>\r\n\t\t\t\t<a title=\"NEW BREAD HEART ONE\"\r\n\t\t\t\t   href=\"https:\/\/www.pekarnasrnin.cz\/en\/new-bread-heart-one\/\">\r\n\t\t\t\t\tNEW BREAD HEART ONE\t\t\t\t<\/a>\r\n\t\t\t<\/h3>\r\n\t\t\t\t\t\t\t<div class=\"content\">\r\n\t\t\t\t\t\t\t\t\t\t<p>We strive to bake bread for you directly FROM THE HEART. The proof is our NEW bread, which besides wheat and rye also contains spelt and GRAPE SEEDS. So get&hellip;<\/p>\r\n\t\t\t\t<\/div>\r\n\t\t\t\t\t\t\t\t\t\t<a class=\"read-more\" href=\"https:\/\/www.pekarnasrnin.cz\/en\/new-bread-heart-one\/\">Read more &gt;<\/a>\r\n\t\t\t\t\t<\/div>\r\n\t<\/div>\r\n<\/div>\t\t\t\t\t\t\r\n\t\t\t\t\t\t\t\t\t<\/div>\r\n\t\t\t\t\t\t\t<div class=\"vc_row\">\r\n\t\t\t\t\t\t\t\t\t\t\t\t\t\t\t\t\t\t<div class=\"item one whole\">\r\n\t<div class=\"inner-wrap\">\r\n\t\t\t\t\t<div class=\"img-container\">\r\n\t\t\t\t<a href=\"https:\/\/www.pekarnasrnin.cz\/en\/pf-2022\/\"\r\n\t\t\t\t   title=\"PF 2022\">\r\n\t\t\t\t   <img loading=\"lazy\" decoding=\"async\" width=\"768\" height=\"510\" src=\"https:\/\/www.pekarnasrnin.cz\/wp-content\/uploads\/2021\/12\/pf-dotretice-768x510.png\" class=\"post-list-thumb wp-post-image\" alt=\"\" \/>\t\t\t    <\/a>\r\n\t\t\t<\/div>\r\n\t\t\t\t<div class=\"data\">\r\n\t\t\t<div class=\"meta-data\">\r\n\t\t\t\t<div class=\"date\">\r\n\t\t\t\t\t<i class=\"icon-edtime3\"><\/i>\r\n\t\t\t\t\t\t\t\t\t\t\tDecember 31, 2021\t\t\t\t\t\t\t\t\t<\/div>\r\n\t\t\t\t\t\t\t\t\t\t\t<\/div>\r\n\t\t\t<h3>\r\n\t\t\t\t<a title=\"PF 2022\"\r\n\t\t\t\t   href=\"https:\/\/www.pekarnasrnin.cz\/en\/pf-2022\/\">\r\n\t\t\t\t\tPF 2022\t\t\t\t<\/a>\r\n\t\t\t<\/h3>\r\n\t\t\t\t\t\t\t<div class=\"content\">\r\n\t\t\t\t\t\t\t\t\t\t<p>The Srn\u00edn Bakery wishes you all the best in the New Year.<\/p>\r\n\t\t\t\t<\/div>\r\n\t\t\t\t\t\t\t\t\t\t<a class=\"read-more\" href=\"https:\/\/www.pekarnasrnin.cz\/en\/pf-2022\/\">Read more &gt;<\/a>\r\n\t\t\t\t\t<\/div>\r\n\t<\/div>\r\n<\/div>\t\t\t\t\t\t\r\n\t\t\t\t\t\t\t\t\t<\/div>\r\n\t\t\t\t\t\t\t<div class=\"vc_row\">\r\n\t\t\t\t\t\t\t\t\t\t\t\t\t\t\t\t\t\t<div class=\"item one whole\">\r\n\t<div class=\"inner-wrap\">\r\n\t\t\t\t\t<div class=\"img-container\">\r\n\t\t\t\t<a href=\"https:\/\/www.pekarnasrnin.cz\/en\/handmade-bread-oven-freak\/\"\r\n\t\t\t\t   title=\"HANDMADE BREAD OVEN FREAK\">\r\n\t\t\t\t   <img loading=\"lazy\" decoding=\"async\" width=\"768\" height=\"510\" src=\"https:\/\/www.pekarnasrnin.cz\/wp-content\/uploads\/2021\/11\/chleb-pecival-srnin-768x510.jpg\" class=\"post-list-thumb wp-post-image\" alt=\"\" \/>\t\t\t    <\/a>\r\n\t\t\t<\/div>\r\n\t\t\t\t<div class=\"data\">\r\n\t\t\t<div class=\"meta-data\">\r\n\t\t\t\t<div class=\"date\">\r\n\t\t\t\t\t<i class=\"icon-edtime3\"><\/i>\r\n\t\t\t\t\t\t\t\t\t\t\tNovember 05, 2021\t\t\t\t\t\t\t\t\t<\/div>\r\n\t\t\t\t\t\t\t\t\t\t\t<\/div>\r\n\t\t\t<h3>\r\n\t\t\t\t<a title=\"HANDMADE BREAD OVEN FREAK\"\r\n\t\t\t\t   href=\"https:\/\/www.pekarnasrnin.cz\/en\/handmade-bread-oven-freak\/\">\r\n\t\t\t\t\tHANDMADE BREAD OVEN FREAK\t\t\t\t<\/a>\r\n\t\t\t<\/h3>\r\n\t\t\t\t\t\t\t<div class=\"content\">\r\n\t\t\t\t\t\t\t\t\t\t<p>In our bakery, most of the products are created by golden bakers' hands and in our shops we wanted to have products that you won't find anywhere else. The first&hellip;<\/p>\r\n\t\t\t\t<\/div>\r\n\t\t\t\t\t\t\t\t\t\t<a class=\"read-more\" href=\"https:\/\/www.pekarnasrnin.cz\/en\/handmade-bread-oven-freak\/\">Read more &gt;<\/a>\r\n\t\t\t\t\t<\/div>\r\n\t<\/div>\r\n<\/div>\t\t\t\t\t\t\r\n\t\t\t\t\t\t\t\t\t<\/div>\r\n\t\t\t\t\t\t\t<div class=\"vc_row\">\r\n\t\t\t\t\t\t\t\t\t\t\t\t\t\t\t\t\t\t<div class=\"item one whole\">\r\n\t<div class=\"inner-wrap\">\r\n\t\t\t\t\t<div class=\"img-container\">\r\n\t\t\t\t<a href=\"https:\/\/www.pekarnasrnin.cz\/en\/opening-of-a-new-shop-in-na-sadech-street\/\"\r\n\t\t\t\t   title=\"OPENING OF A NEW SHOP IN NA SADECH STREET\">\r\n\t\t\t\t   <img loading=\"lazy\" decoding=\"async\" width=\"768\" height=\"510\" src=\"https:\/\/www.pekarnasrnin.cz\/wp-content\/uploads\/2021\/11\/af67c0f3-04a7-4a3e-ad92-ec0a874c9131-768x510.jpg\" class=\"post-list-thumb wp-post-image\" alt=\"\" \/>\t\t\t    <\/a>\r\n\t\t\t<\/div>\r\n\t\t\t\t<div class=\"data\">\r\n\t\t\t<div class=\"meta-data\">\r\n\t\t\t\t<div class=\"date\">\r\n\t\t\t\t\t<i class=\"icon-edtime3\"><\/i>\r\n\t\t\t\t\t\t\t\t\t\t\tNovember 03, 2021\t\t\t\t\t\t\t\t\t<\/div>\r\n\t\t\t\t\t\t\t\t\t\t\t<\/div>\r\n\t\t\t<h3>\r\n\t\t\t\t<a title=\"OPENING OF A NEW SHOP IN NA SADECH STREET\"\r\n\t\t\t\t   href=\"https:\/\/www.pekarnasrnin.cz\/en\/opening-of-a-new-shop-in-na-sadech-street\/\">\r\n\t\t\t\t\tOPENING OF A NEW SHOP IN NA SADECH STREET\t\t\t\t<\/a>\r\n\t\t\t<\/h3>\r\n\t\t\t\t\t\t\t<div class=\"content\">\r\n\t\t\t\t\t\t\t\t\t\t<p>&nbsp; We have opened a new shop in the centre of \u010cesk\u00e9 Bud\u011bjovice full of quality craftsmanship from our South Bohemian bakery. The shop is called PECiV\u00c1L, it is located&hellip;<\/p>\r\n\t\t\t\t<\/div>\r\n\t\t\t\t\t\t\t\t\t\t<a class=\"read-more\" href=\"https:\/\/www.pekarnasrnin.cz\/en\/opening-of-a-new-shop-in-na-sadech-street\/\">Read more &gt;<\/a>\r\n\t\t\t\t\t<\/div>\r\n\t<\/div>\r\n<\/div>\t\t\t\t\t\t\r\n\t\t\t\t\t\t\t\t\t<\/div>\r\n\t\t\t\t\t\t\t<div class=\"vc_row\">\r\n\t\t\t\t\t\t\t\t\t\t\t\t\t\t\t\t\t\t<div class=\"item one whole\">\r\n\t<div class=\"inner-wrap\">\r\n\t\t\t\t\t<div class=\"img-container\">\r\n\t\t\t\t<a href=\"https:\/\/www.pekarnasrnin.cz\/en\/tastes-nice-in-south-bohemia\/\"\r\n\t\t\t\t   title=\"TASTES NICE. IN SOUTH BOHEMIA\">\r\n\t\t\t\t   <img loading=\"lazy\" decoding=\"async\" width=\"768\" height=\"510\" src=\"https:\/\/www.pekarnasrnin.cz\/wp-content\/uploads\/2021\/11\/chutna-hezky-jihocesky-srnin-768x510.jpg\" class=\"post-list-thumb wp-post-image\" alt=\"\" \/>\t\t\t    <\/a>\r\n\t\t\t<\/div>\r\n\t\t\t\t<div class=\"data\">\r\n\t\t\t<div class=\"meta-data\">\r\n\t\t\t\t<div class=\"date\">\r\n\t\t\t\t\t<i class=\"icon-edtime3\"><\/i>\r\n\t\t\t\t\t\t\t\t\t\t\tJune 10, 2021\t\t\t\t\t\t\t\t\t<\/div>\r\n\t\t\t\t\t\t\t\t\t\t\t<\/div>\r\n\t\t\t<h3>\r\n\t\t\t\t<a title=\"TASTES NICE. IN SOUTH BOHEMIA\"\r\n\t\t\t\t   href=\"https:\/\/www.pekarnasrnin.cz\/en\/tastes-nice-in-south-bohemia\/\">\r\n\t\t\t\t\tTASTES NICE. IN SOUTH BOHEMIA\t\t\t\t<\/a>\r\n\t\t\t<\/h3>\r\n\t\t\t\t\t\t\t<div class=\"content\">\r\n\t\t\t\t\t\t\t\t\t\t<p>The Goodman bread came third in the 14th year of the well-known competition \"Tastes nice in South Bohemia\". Congratulations.<\/p>\r\n\t\t\t\t<\/div>\r\n\t\t\t\t\t\t\t\t\t\t<a class=\"read-more\" href=\"https:\/\/www.pekarnasrnin.cz\/en\/tastes-nice-in-south-bohemia\/\">Read more &gt;<\/a>\r\n\t\t\t\t\t<\/div>\r\n\t<\/div>\r\n<\/div>\t\t\t\t\t\t\r\n\t\t\t\t\t\t\t\t\t<\/div>\r\n\t\t\t\t\t\t\t\t<\/div>\r\n\t\t[\/vc_column][\/vc_row]<\/p>\n<\/div>","protected":false},"excerpt":{"rendered":"<p>[vc_row full_width=&#8221;stretch_row&#8221; css=&#8221;.vc_custom_1639746466381{padding-top: 30px !important;}&#8221; el_id=&#8221;novinky&#8221;][vc_column][vc_column_text]OUR STORY\u00a0 \u00a0 &gt;\u00a0 \u00a0NEWS[\/vc_column_text][vc_column_text] NEWS [\/vc_column_text][vc_column_text css=&#8221;.vc_custom_1639746423892{margin-top: -15px !important;padding-bottom: 40px !important;}&#8221;][\/vc_column_text][\/vc_column][\/vc_row]<\/p>\n","protected":false},"author":1,"featured_media":0,"parent":0,"menu_order":0,"comment_status":"closed","ping_status":"closed","template":"","meta":{"_monsterinsights_skip_tracking":false,"_monsterinsights_sitenote_active":false,"_monsterinsights_sitenote_note":"","_monsterinsights_sitenote_category":0,"footnotes":""},"class_list":["post-2249","page","type-page","status-publish","hentry","odd"],"yoast_head":"<!-- This site is optimized with the Yoast SEO plugin v17.7.1 - https:\/\/yoast.com\/wordpress\/plugins\/seo\/ -->\n<title>News | Pek\u00e1rna Srn\u00edn<\/title>\n<meta name=\"description\" content=\"We follow the best traditions of true bakery craftsmanship. Every daywe prepare a wide range of bakery and patisserie products for you.\" \/>\n<meta name=\"robots\" content=\"index, follow, max-snippet:-1, max-image-preview:large, max-video-preview:-1\" \/>\n<link rel=\"canonical\" href=\"https:\/\/www.pekarnasrnin.cz\/en\/news\/\" \/>\n<meta property=\"og:locale\" content=\"en_US\" \/>\n<meta property=\"og:type\" content=\"article\" \/>\n<meta property=\"og:title\" content=\"News | Pek\u00e1rna Srn\u00edn\" \/>\n<meta property=\"og:description\" content=\"We follow the best traditions of true bakery craftsmanship. Every daywe prepare a wide range of bakery and patisserie products for you.\" \/>\n<meta property=\"og:url\" content=\"https:\/\/www.pekarnasrnin.cz\/en\/news\/\" \/>\n<meta property=\"og:site_name\" content=\"Pek\u00e1rna Srn\u00edn\" \/>\n<meta property=\"article:publisher\" content=\"https:\/\/www.facebook.com\/pekarnasrnin\/\" \/>\n<meta property=\"article:modified_time\" content=\"2022-05-11T13:41:22+00:00\" \/>\n<meta property=\"og:image\" content=\"https:\/\/www.pekarnasrnin.cz\/wp-content\/uploads\/2021\/06\/pekarna-srnin-img.jpg\" \/>\n\t<meta property=\"og:image:width\" content=\"1920\" \/>\n\t<meta property=\"og:image:height\" content=\"645\" \/>\n<meta name=\"twitter:card\" content=\"summary_large_image\" \/>\n<meta name=\"twitter:label1\" content=\"Est. reading time\" \/>\n\t<meta name=\"twitter:data1\" content=\"1 minute\" \/>\n<script type=\"application\/ld+json\" class=\"yoast-schema-graph\">{\"@context\":\"https:\/\/schema.org\",\"@graph\":[{\"@type\":\"Organization\",\"@id\":\"https:\/\/www.pekarnasrnin.cz\/#organization\",\"name\":\"Pek\\u00e1rna Srn\\u00edn\",\"url\":\"https:\/\/www.pekarnasrnin.cz\/\",\"sameAs\":[\"https:\/\/www.facebook.com\/pekarnasrnin\/\"],\"logo\":{\"@type\":\"ImageObject\",\"@id\":\"https:\/\/www.pekarnasrnin.cz\/#logo\",\"inLanguage\":\"en-US\",\"url\":\"http:\/\/www.pekarnasrnin.cz\/wp-content\/uploads\/2021\/06\/pekarna-srnin-logo.png\",\"contentUrl\":\"http:\/\/www.pekarnasrnin.cz\/wp-content\/uploads\/2021\/06\/pekarna-srnin-logo.png\",\"width\":172,\"height\":182,\"caption\":\"Pek\\u00e1rna Srn\\u00edn\"},\"image\":{\"@id\":\"https:\/\/www.pekarnasrnin.cz\/#logo\"}},{\"@type\":\"WebSite\",\"@id\":\"https:\/\/www.pekarnasrnin.cz\/#website\",\"url\":\"https:\/\/www.pekarnasrnin.cz\/\",\"name\":\"Pek\\u00e1rna Srn\\u00edn\",\"description\":\"navazujeme na poctiv\\u00e9 peka\\u0159sk\\u00e9 \\u0159emeslo\",\"publisher\":{\"@id\":\"https:\/\/www.pekarnasrnin.cz\/#organization\"},\"potentialAction\":[{\"@type\":\"SearchAction\",\"target\":{\"@type\":\"EntryPoint\",\"urlTemplate\":\"https:\/\/www.pekarnasrnin.cz\/?s={search_term_string}\"},\"query-input\":\"required name=search_term_string\"}],\"inLanguage\":\"en-US\"},{\"@type\":\"ImageObject\",\"@id\":\"https:\/\/www.pekarnasrnin.cz\/en\/news\/#primaryimage\",\"inLanguage\":\"en-US\",\"url\":\"https:\/\/www.pekarnasrnin.cz\/wp-content\/uploads\/2021\/06\/pekarna-srnin-img.jpg\",\"contentUrl\":\"https:\/\/www.pekarnasrnin.cz\/wp-content\/uploads\/2021\/06\/pekarna-srnin-img.jpg\",\"width\":1920,\"height\":645},{\"@type\":\"WebPage\",\"@id\":\"https:\/\/www.pekarnasrnin.cz\/en\/news\/#webpage\",\"url\":\"https:\/\/www.pekarnasrnin.cz\/en\/news\/\",\"name\":\"News | Pek\\u00e1rna Srn\\u00edn\",\"isPartOf\":{\"@id\":\"https:\/\/www.pekarnasrnin.cz\/#website\"},\"primaryImageOfPage\":{\"@id\":\"https:\/\/www.pekarnasrnin.cz\/en\/news\/#primaryimage\"},\"datePublished\":\"2017-01-30T10:19:04+00:00\",\"dateModified\":\"2022-05-11T13:41:22+00:00\",\"description\":\"We follow the best traditions of true bakery craftsmanship. Every daywe prepare a wide range of bakery and patisserie products for you.\",\"breadcrumb\":{\"@id\":\"https:\/\/www.pekarnasrnin.cz\/en\/news\/#breadcrumb\"},\"inLanguage\":\"en-US\",\"potentialAction\":[{\"@type\":\"ReadAction\",\"target\":[\"https:\/\/www.pekarnasrnin.cz\/en\/news\/\"]}]},{\"@type\":\"BreadcrumbList\",\"@id\":\"https:\/\/www.pekarnasrnin.cz\/en\/news\/#breadcrumb\",\"itemListElement\":[{\"@type\":\"ListItem\",\"position\":1,\"name\":\"Dom\\u016f\",\"item\":\"https:\/\/www.pekarnasrnin.cz\/en\/\"},{\"@type\":\"ListItem\",\"position\":2,\"name\":\"News\"}]}]}<\/script>\n<!-- \/ Yoast SEO plugin. -->","yoast_head_json":{"title":"News | Pek\u00e1rna Srn\u00edn","description":"We follow the best traditions of true bakery craftsmanship. Every daywe prepare a wide range of bakery and patisserie products for you.","robots":{"index":"index","follow":"follow","max-snippet":"max-snippet:-1","max-image-preview":"max-image-preview:large","max-video-preview":"max-video-preview:-1"},"canonical":"https:\/\/www.pekarnasrnin.cz\/en\/news\/","og_locale":"en_US","og_type":"article","og_title":"News | Pek\u00e1rna Srn\u00edn","og_description":"We follow the best traditions of true bakery craftsmanship. Every daywe prepare a wide range of bakery and patisserie products for you.","og_url":"https:\/\/www.pekarnasrnin.cz\/en\/news\/","og_site_name":"Pek\u00e1rna Srn\u00edn","article_publisher":"https:\/\/www.facebook.com\/pekarnasrnin\/","article_modified_time":"2022-05-11T13:41:22+00:00","og_image":[{"width":1920,"height":645,"url":"https:\/\/www.pekarnasrnin.cz\/wp-content\/uploads\/2021\/06\/pekarna-srnin-img.jpg","type":"image\/jpeg"}],"twitter_card":"summary_large_image","twitter_misc":{"Est. reading time":"1 minute"},"schema":{"@context":"https:\/\/schema.org","@graph":[{"@type":"Organization","@id":"https:\/\/www.pekarnasrnin.cz\/#organization","name":"Pek\u00e1rna Srn\u00edn","url":"https:\/\/www.pekarnasrnin.cz\/","sameAs":["https:\/\/www.facebook.com\/pekarnasrnin\/"],"logo":{"@type":"ImageObject","@id":"https:\/\/www.pekarnasrnin.cz\/#logo","inLanguage":"en-US","url":"http:\/\/www.pekarnasrnin.cz\/wp-content\/uploads\/2021\/06\/pekarna-srnin-logo.png","contentUrl":"http:\/\/www.pekarnasrnin.cz\/wp-content\/uploads\/2021\/06\/pekarna-srnin-logo.png","width":172,"height":182,"caption":"Pek\u00e1rna Srn\u00edn"},"image":{"@id":"https:\/\/www.pekarnasrnin.cz\/#logo"}},{"@type":"WebSite","@id":"https:\/\/www.pekarnasrnin.cz\/#website","url":"https:\/\/www.pekarnasrnin.cz\/","name":"Pek\u00e1rna Srn\u00edn","description":"navazujeme na poctiv\u00e9 peka\u0159sk\u00e9 \u0159emeslo","publisher":{"@id":"https:\/\/www.pekarnasrnin.cz\/#organization"},"potentialAction":[{"@type":"SearchAction","target":{"@type":"EntryPoint","urlTemplate":"https:\/\/www.pekarnasrnin.cz\/?s={search_term_string}"},"query-input":"required name=search_term_string"}],"inLanguage":"en-US"},{"@type":"ImageObject","@id":"https:\/\/www.pekarnasrnin.cz\/en\/news\/#primaryimage","inLanguage":"en-US","url":"https:\/\/www.pekarnasrnin.cz\/wp-content\/uploads\/2021\/06\/pekarna-srnin-img.jpg","contentUrl":"https:\/\/www.pekarnasrnin.cz\/wp-content\/uploads\/2021\/06\/pekarna-srnin-img.jpg","width":1920,"height":645},{"@type":"WebPage","@id":"https:\/\/www.pekarnasrnin.cz\/en\/news\/#webpage","url":"https:\/\/www.pekarnasrnin.cz\/en\/news\/","name":"News | Pek\u00e1rna Srn\u00edn","isPartOf":{"@id":"https:\/\/www.pekarnasrnin.cz\/#website"},"primaryImageOfPage":{"@id":"https:\/\/www.pekarnasrnin.cz\/en\/news\/#primaryimage"},"datePublished":"2017-01-30T10:19:04+00:00","dateModified":"2022-05-11T13:41:22+00:00","description":"We follow the best traditions of true bakery craftsmanship. Every daywe prepare a wide range of bakery and patisserie products for you.","breadcrumb":{"@id":"https:\/\/www.pekarnasrnin.cz\/en\/news\/#breadcrumb"},"inLanguage":"en-US","potentialAction":[{"@type":"ReadAction","target":["https:\/\/www.pekarnasrnin.cz\/en\/news\/"]}]},{"@type":"BreadcrumbList","@id":"https:\/\/www.pekarnasrnin.cz\/en\/news\/#breadcrumb","itemListElement":[{"@type":"ListItem","position":1,"name":"Dom\u016f","item":"https:\/\/www.pekarnasrnin.cz\/en\/"},{"@type":"ListItem","position":2,"name":"News"}]}]}},"_links":{"self":[{"href":"https:\/\/www.pekarnasrnin.cz\/en\/wp-json\/wp\/v2\/pages\/2249","targetHints":{"allow":["GET"]}}],"collection":[{"href":"https:\/\/www.pekarnasrnin.cz\/en\/wp-json\/wp\/v2\/pages"}],"about":[{"href":"https:\/\/www.pekarnasrnin.cz\/en\/wp-json\/wp\/v2\/types\/page"}],"author":[{"embeddable":true,"href":"https:\/\/www.pekarnasrnin.cz\/en\/wp-json\/wp\/v2\/users\/1"}],"replies":[{"embeddable":true,"href":"https:\/\/www.pekarnasrnin.cz\/en\/wp-json\/wp\/v2\/comments?post=2249"}],"version-history":[{"count":2,"href":"https:\/\/www.pekarnasrnin.cz\/en\/wp-json\/wp\/v2\/pages\/2249\/revisions"}],"predecessor-version":[{"id":2267,"href":"https:\/\/www.pekarnasrnin.cz\/en\/wp-json\/wp\/v2\/pages\/2249\/revisions\/2267"}],"wp:attachment":[{"href":"https:\/\/www.pekarnasrnin.cz\/en\/wp-json\/wp\/v2\/media?parent=2249"}],"curies":[{"name":"wp","href":"https:\/\/api.w.org\/{rel}","templated":true}]}}