{"id":2419,"date":"2021-08-23T14:05:04","date_gmt":"2021-08-23T12:05:04","guid":{"rendered":"https:\/\/www.pekarnasrnin.cz\/cukrarna\/"},"modified":"2022-05-11T15:49:40","modified_gmt":"2022-05-11T13:49:40","slug":"confectionery","status":"publish","type":"page","link":"https:\/\/www.pekarnasrnin.cz\/en\/confectionery\/","title":{"rendered":"Confectionery"},"content":{"rendered":"<div class=\"wpb-content-wrapper\"><p>[vc_row][vc_column width=&#8221;1\/3&#8243; el_id=&#8221;sloupec&#8221;][vc_column_text]<a href=\"https:\/\/www.pekarnasrnin.cz\/en\/kategorie-produktu\/fried\/\"><img loading=\"lazy\" decoding=\"async\" class=\"aligncenter wp-image-1167 size-full\" src=\"http:\/\/www.pekarnasrnin.cz\/wp-content\/uploads\/2021\/10\/5130_Srninska-kobliha-s-merunkovou-naplni_60g_24h.jpeg\" alt=\"\" width=\"756\" height=\"756\" srcset=\"https:\/\/www.pekarnasrnin.cz\/wp-content\/uploads\/2021\/10\/5130_Srninska-kobliha-s-merunkovou-naplni_60g_24h.jpeg 756w, https:\/\/www.pekarnasrnin.cz\/wp-content\/uploads\/2021\/10\/5130_Srninska-kobliha-s-merunkovou-naplni_60g_24h-300x300.jpeg 300w, https:\/\/www.pekarnasrnin.cz\/wp-content\/uploads\/2021\/10\/5130_Srninska-kobliha-s-merunkovou-naplni_60g_24h-150x150.jpeg 150w, https:\/\/www.pekarnasrnin.cz\/wp-content\/uploads\/2021\/10\/5130_Srninska-kobliha-s-merunkovou-naplni_60g_24h-420x420.jpeg 420w, https:\/\/www.pekarnasrnin.cz\/wp-content\/uploads\/2021\/10\/5130_Srninska-kobliha-s-merunkovou-naplni_60g_24h-600x600.jpeg 600w, https:\/\/www.pekarnasrnin.cz\/wp-content\/uploads\/2021\/10\/5130_Srninska-kobliha-s-merunkovou-naplni_60g_24h-100x100.jpeg 100w\" sizes=\"auto, (max-width: 756px) 100vw, 756px\" \/><\/a><\/p>\n<h2 style=\"text-align: center;\">Fried<\/h2>\n<p>[\/vc_column_text]<a href=\"https:\/\/www.pekarnasrnin.cz\/en\/kategorie-produktu\/fried\/\" class=\"wh-alt-button-2 vc_custom_1650897808963 tlacitkonastred scp_theme_button-a464796ae6b2cc9fd3d7b0467fde4c86\">SHOW PRODUCTS<\/a>[\/vc_column][vc_column width=&#8221;1\/3&#8243; el_id=&#8221;sloupec&#8221;][vc_column_text]<a href=\"https:\/\/www.pekarnasrnin.cz\/en\/kategorie-produktu\/cakes-cookies\/\"><img loading=\"lazy\" decoding=\"async\" class=\"aligncenter wp-image-1087 size-full\" src=\"http:\/\/www.pekarnasrnin.cz\/wp-content\/uploads\/2021\/10\/3321_Chodsky-kolac-s-naplni-tvaroh-mak_300g_5d_b.jpeg\" alt=\"\" width=\"628\" height=\"628\" srcset=\"https:\/\/www.pekarnasrnin.cz\/wp-content\/uploads\/2021\/10\/3321_Chodsky-kolac-s-naplni-tvaroh-mak_300g_5d_b.jpeg 628w, https:\/\/www.pekarnasrnin.cz\/wp-content\/uploads\/2021\/10\/3321_Chodsky-kolac-s-naplni-tvaroh-mak_300g_5d_b-300x300.jpeg 300w, https:\/\/www.pekarnasrnin.cz\/wp-content\/uploads\/2021\/10\/3321_Chodsky-kolac-s-naplni-tvaroh-mak_300g_5d_b-150x150.jpeg 150w, https:\/\/www.pekarnasrnin.cz\/wp-content\/uploads\/2021\/10\/3321_Chodsky-kolac-s-naplni-tvaroh-mak_300g_5d_b-420x420.jpeg 420w, https:\/\/www.pekarnasrnin.cz\/wp-content\/uploads\/2021\/10\/3321_Chodsky-kolac-s-naplni-tvaroh-mak_300g_5d_b-600x600.jpeg 600w, https:\/\/www.pekarnasrnin.cz\/wp-content\/uploads\/2021\/10\/3321_Chodsky-kolac-s-naplni-tvaroh-mak_300g_5d_b-100x100.jpeg 100w\" sizes=\"auto, (max-width: 628px) 100vw, 628px\" \/><\/a><\/p>\n<h2 style=\"text-align: center;\">Cakes, cookies<\/h2>\n<p>[\/vc_column_text]<a href=\"https:\/\/www.pekarnasrnin.cz\/en\/kategorie-produktu\/cakes-cookies\/\" class=\"wh-alt-button-2 vc_custom_1650897792883 tlacitkonastred scp_theme_button-85ed8d1fc6b1a31c678fa6b71a9e5471\">SHOW PRODUCTS<\/a>[\/vc_column][vc_column width=&#8221;1\/3&#8243; el_id=&#8221;sloupec&#8221;][vc_column_text]<a href=\"https:\/\/www.pekarnasrnin.cz\/en\/kategorie-produktu\/special-en-3\/\"><img loading=\"lazy\" decoding=\"async\" class=\"aligncenter wp-image-1176 size-full\" src=\"http:\/\/www.pekarnasrnin.cz\/wp-content\/uploads\/2021\/10\/4706_Croissant-s-liskooriskovym-kremem_60g_24h.jpeg\" alt=\"\" width=\"772\" height=\"772\" srcset=\"https:\/\/www.pekarnasrnin.cz\/wp-content\/uploads\/2021\/10\/4706_Croissant-s-liskooriskovym-kremem_60g_24h.jpeg 772w, https:\/\/www.pekarnasrnin.cz\/wp-content\/uploads\/2021\/10\/4706_Croissant-s-liskooriskovym-kremem_60g_24h-300x300.jpeg 300w, https:\/\/www.pekarnasrnin.cz\/wp-content\/uploads\/2021\/10\/4706_Croissant-s-liskooriskovym-kremem_60g_24h-150x150.jpeg 150w, https:\/\/www.pekarnasrnin.cz\/wp-content\/uploads\/2021\/10\/4706_Croissant-s-liskooriskovym-kremem_60g_24h-768x768.jpeg 768w, https:\/\/www.pekarnasrnin.cz\/wp-content\/uploads\/2021\/10\/4706_Croissant-s-liskooriskovym-kremem_60g_24h-420x420.jpeg 420w, https:\/\/www.pekarnasrnin.cz\/wp-content\/uploads\/2021\/10\/4706_Croissant-s-liskooriskovym-kremem_60g_24h-600x600.jpeg 600w, https:\/\/www.pekarnasrnin.cz\/wp-content\/uploads\/2021\/10\/4706_Croissant-s-liskooriskovym-kremem_60g_24h-100x100.jpeg 100w\" sizes=\"auto, (max-width: 772px) 100vw, 772px\" \/><\/a><\/p>\n<h2 style=\"text-align: center;\">Special<\/h2>\n<p>[\/vc_column_text]<a href=\"https:\/\/www.pekarnasrnin.cz\/en\/kategorie-produktu\/special-en-3\/\" class=\"wh-alt-button-2 vc_custom_1650897803763 tlacitkonastred scp_theme_button-9b1a25cf5c7c2f39ddec2d6d5394f437\">SHOW PRODUCTS<\/a>[\/vc_column][\/vc_row]<\/p>\n<\/div>","protected":false},"excerpt":{"rendered":"<p>[vc_row][vc_column width=&#8221;1\/3&#8243; el_id=&#8221;sloupec&#8221;][vc_column_text] Fried [\/vc_column_text][\/vc_column][vc_column width=&#8221;1\/3&#8243; el_id=&#8221;sloupec&#8221;][vc_column_text] Cakes, cookies [\/vc_column_text][\/vc_column][vc_column width=&#8221;1\/3&#8243; el_id=&#8221;sloupec&#8221;][vc_column_text] Special [\/vc_column_text][\/vc_column][\/vc_row]<\/p>\n","protected":false},"author":1,"featured_media":0,"parent":0,"menu_order":0,"comment_status":"closed","ping_status":"closed","template":"","meta":{"_monsterinsights_skip_tracking":false,"_monsterinsights_sitenote_active":false,"_monsterinsights_sitenote_note":"","_monsterinsights_sitenote_category":0,"footnotes":""},"class_list":["post-2419","page","type-page","status-publish","hentry","odd"],"yoast_head":"<!-- This site is optimized with the Yoast SEO plugin v17.7.1 - https:\/\/yoast.com\/wordpress\/plugins\/seo\/ -->\n<title>Confectionery | Pek\u00e1rna Srn\u00edn<\/title>\n<meta name=\"description\" content=\"We follow the best traditions of true bakery craftsmanship. Every daywe prepare a wide range of bakery and patisserie products for you.\" \/>\n<meta name=\"robots\" content=\"index, follow, max-snippet:-1, max-image-preview:large, max-video-preview:-1\" \/>\n<link rel=\"canonical\" href=\"https:\/\/www.pekarnasrnin.cz\/en\/confectionery\/\" \/>\n<meta property=\"og:locale\" content=\"en_US\" \/>\n<meta property=\"og:type\" content=\"article\" \/>\n<meta property=\"og:title\" content=\"Confectionery | Pek\u00e1rna Srn\u00edn\" \/>\n<meta property=\"og:description\" content=\"We follow the best traditions of true bakery craftsmanship. Every daywe prepare a wide range of bakery and patisserie products for you.\" \/>\n<meta property=\"og:url\" content=\"https:\/\/www.pekarnasrnin.cz\/en\/confectionery\/\" \/>\n<meta property=\"og:site_name\" content=\"Pek\u00e1rna Srn\u00edn\" \/>\n<meta property=\"article:publisher\" content=\"https:\/\/www.facebook.com\/pekarnasrnin\/\" \/>\n<meta property=\"article:modified_time\" content=\"2022-05-11T13:49:40+00:00\" \/>\n<meta property=\"og:image\" content=\"https:\/\/www.pekarnasrnin.cz\/wp-content\/uploads\/2021\/06\/pekarna-srnin-img.jpg\" \/>\n\t<meta property=\"og:image:width\" content=\"1920\" \/>\n\t<meta property=\"og:image:height\" content=\"645\" \/>\n<meta name=\"twitter:card\" content=\"summary_large_image\" \/>\n<meta name=\"twitter:label1\" content=\"Est. reading time\" \/>\n\t<meta name=\"twitter:data1\" content=\"1 minute\" \/>\n<script type=\"application\/ld+json\" class=\"yoast-schema-graph\">{\"@context\":\"https:\/\/schema.org\",\"@graph\":[{\"@type\":\"Organization\",\"@id\":\"https:\/\/www.pekarnasrnin.cz\/#organization\",\"name\":\"Pek\\u00e1rna Srn\\u00edn\",\"url\":\"https:\/\/www.pekarnasrnin.cz\/\",\"sameAs\":[\"https:\/\/www.facebook.com\/pekarnasrnin\/\"],\"logo\":{\"@type\":\"ImageObject\",\"@id\":\"https:\/\/www.pekarnasrnin.cz\/#logo\",\"inLanguage\":\"en-US\",\"url\":\"http:\/\/www.pekarnasrnin.cz\/wp-content\/uploads\/2021\/06\/pekarna-srnin-logo.png\",\"contentUrl\":\"http:\/\/www.pekarnasrnin.cz\/wp-content\/uploads\/2021\/06\/pekarna-srnin-logo.png\",\"width\":172,\"height\":182,\"caption\":\"Pek\\u00e1rna Srn\\u00edn\"},\"image\":{\"@id\":\"https:\/\/www.pekarnasrnin.cz\/#logo\"}},{\"@type\":\"WebSite\",\"@id\":\"https:\/\/www.pekarnasrnin.cz\/#website\",\"url\":\"https:\/\/www.pekarnasrnin.cz\/\",\"name\":\"Pek\\u00e1rna Srn\\u00edn\",\"description\":\"navazujeme na poctiv\\u00e9 peka\\u0159sk\\u00e9 \\u0159emeslo\",\"publisher\":{\"@id\":\"https:\/\/www.pekarnasrnin.cz\/#organization\"},\"potentialAction\":[{\"@type\":\"SearchAction\",\"target\":{\"@type\":\"EntryPoint\",\"urlTemplate\":\"https:\/\/www.pekarnasrnin.cz\/?s={search_term_string}\"},\"query-input\":\"required name=search_term_string\"}],\"inLanguage\":\"en-US\"},{\"@type\":\"ImageObject\",\"@id\":\"https:\/\/www.pekarnasrnin.cz\/en\/confectionery\/#primaryimage\",\"inLanguage\":\"en-US\",\"url\":\"https:\/\/www.pekarnasrnin.cz\/wp-content\/uploads\/2021\/06\/pekarna-srnin-img.jpg\",\"contentUrl\":\"https:\/\/www.pekarnasrnin.cz\/wp-content\/uploads\/2021\/06\/pekarna-srnin-img.jpg\",\"width\":1920,\"height\":645},{\"@type\":\"WebPage\",\"@id\":\"https:\/\/www.pekarnasrnin.cz\/en\/confectionery\/#webpage\",\"url\":\"https:\/\/www.pekarnasrnin.cz\/en\/confectionery\/\",\"name\":\"Confectionery | Pek\\u00e1rna Srn\\u00edn\",\"isPartOf\":{\"@id\":\"https:\/\/www.pekarnasrnin.cz\/#website\"},\"primaryImageOfPage\":{\"@id\":\"https:\/\/www.pekarnasrnin.cz\/en\/confectionery\/#primaryimage\"},\"datePublished\":\"2021-08-23T12:05:04+00:00\",\"dateModified\":\"2022-05-11T13:49:40+00:00\",\"description\":\"We follow the best traditions of true bakery craftsmanship. Every daywe prepare a wide range of bakery and patisserie products for you.\",\"breadcrumb\":{\"@id\":\"https:\/\/www.pekarnasrnin.cz\/en\/confectionery\/#breadcrumb\"},\"inLanguage\":\"en-US\",\"potentialAction\":[{\"@type\":\"ReadAction\",\"target\":[\"https:\/\/www.pekarnasrnin.cz\/en\/confectionery\/\"]}]},{\"@type\":\"BreadcrumbList\",\"@id\":\"https:\/\/www.pekarnasrnin.cz\/en\/confectionery\/#breadcrumb\",\"itemListElement\":[{\"@type\":\"ListItem\",\"position\":1,\"name\":\"Dom\\u016f\",\"item\":\"https:\/\/www.pekarnasrnin.cz\/en\/\"},{\"@type\":\"ListItem\",\"position\":2,\"name\":\"Confectionery\"}]}]}<\/script>\n<!-- \/ Yoast SEO plugin. -->","yoast_head_json":{"title":"Confectionery | Pek\u00e1rna Srn\u00edn","description":"We follow the best traditions of true bakery craftsmanship. Every daywe prepare a wide range of bakery and patisserie products for you.","robots":{"index":"index","follow":"follow","max-snippet":"max-snippet:-1","max-image-preview":"max-image-preview:large","max-video-preview":"max-video-preview:-1"},"canonical":"https:\/\/www.pekarnasrnin.cz\/en\/confectionery\/","og_locale":"en_US","og_type":"article","og_title":"Confectionery | Pek\u00e1rna Srn\u00edn","og_description":"We follow the best traditions of true bakery craftsmanship. Every daywe prepare a wide range of bakery and patisserie products for you.","og_url":"https:\/\/www.pekarnasrnin.cz\/en\/confectionery\/","og_site_name":"Pek\u00e1rna Srn\u00edn","article_publisher":"https:\/\/www.facebook.com\/pekarnasrnin\/","article_modified_time":"2022-05-11T13:49:40+00:00","og_image":[{"width":1920,"height":645,"url":"https:\/\/www.pekarnasrnin.cz\/wp-content\/uploads\/2021\/06\/pekarna-srnin-img.jpg","type":"image\/jpeg"}],"twitter_card":"summary_large_image","twitter_misc":{"Est. reading time":"1 minute"},"schema":{"@context":"https:\/\/schema.org","@graph":[{"@type":"Organization","@id":"https:\/\/www.pekarnasrnin.cz\/#organization","name":"Pek\u00e1rna Srn\u00edn","url":"https:\/\/www.pekarnasrnin.cz\/","sameAs":["https:\/\/www.facebook.com\/pekarnasrnin\/"],"logo":{"@type":"ImageObject","@id":"https:\/\/www.pekarnasrnin.cz\/#logo","inLanguage":"en-US","url":"http:\/\/www.pekarnasrnin.cz\/wp-content\/uploads\/2021\/06\/pekarna-srnin-logo.png","contentUrl":"http:\/\/www.pekarnasrnin.cz\/wp-content\/uploads\/2021\/06\/pekarna-srnin-logo.png","width":172,"height":182,"caption":"Pek\u00e1rna Srn\u00edn"},"image":{"@id":"https:\/\/www.pekarnasrnin.cz\/#logo"}},{"@type":"WebSite","@id":"https:\/\/www.pekarnasrnin.cz\/#website","url":"https:\/\/www.pekarnasrnin.cz\/","name":"Pek\u00e1rna Srn\u00edn","description":"navazujeme na poctiv\u00e9 peka\u0159sk\u00e9 \u0159emeslo","publisher":{"@id":"https:\/\/www.pekarnasrnin.cz\/#organization"},"potentialAction":[{"@type":"SearchAction","target":{"@type":"EntryPoint","urlTemplate":"https:\/\/www.pekarnasrnin.cz\/?s={search_term_string}"},"query-input":"required name=search_term_string"}],"inLanguage":"en-US"},{"@type":"ImageObject","@id":"https:\/\/www.pekarnasrnin.cz\/en\/confectionery\/#primaryimage","inLanguage":"en-US","url":"https:\/\/www.pekarnasrnin.cz\/wp-content\/uploads\/2021\/06\/pekarna-srnin-img.jpg","contentUrl":"https:\/\/www.pekarnasrnin.cz\/wp-content\/uploads\/2021\/06\/pekarna-srnin-img.jpg","width":1920,"height":645},{"@type":"WebPage","@id":"https:\/\/www.pekarnasrnin.cz\/en\/confectionery\/#webpage","url":"https:\/\/www.pekarnasrnin.cz\/en\/confectionery\/","name":"Confectionery | Pek\u00e1rna Srn\u00edn","isPartOf":{"@id":"https:\/\/www.pekarnasrnin.cz\/#website"},"primaryImageOfPage":{"@id":"https:\/\/www.pekarnasrnin.cz\/en\/confectionery\/#primaryimage"},"datePublished":"2021-08-23T12:05:04+00:00","dateModified":"2022-05-11T13:49:40+00:00","description":"We follow the best traditions of true bakery craftsmanship. Every daywe prepare a wide range of bakery and patisserie products for you.","breadcrumb":{"@id":"https:\/\/www.pekarnasrnin.cz\/en\/confectionery\/#breadcrumb"},"inLanguage":"en-US","potentialAction":[{"@type":"ReadAction","target":["https:\/\/www.pekarnasrnin.cz\/en\/confectionery\/"]}]},{"@type":"BreadcrumbList","@id":"https:\/\/www.pekarnasrnin.cz\/en\/confectionery\/#breadcrumb","itemListElement":[{"@type":"ListItem","position":1,"name":"Dom\u016f","item":"https:\/\/www.pekarnasrnin.cz\/en\/"},{"@type":"ListItem","position":2,"name":"Confectionery"}]}]}},"_links":{"self":[{"href":"https:\/\/www.pekarnasrnin.cz\/en\/wp-json\/wp\/v2\/pages\/2419","targetHints":{"allow":["GET"]}}],"collection":[{"href":"https:\/\/www.pekarnasrnin.cz\/en\/wp-json\/wp\/v2\/pages"}],"about":[{"href":"https:\/\/www.pekarnasrnin.cz\/en\/wp-json\/wp\/v2\/types\/page"}],"author":[{"embeddable":true,"href":"https:\/\/www.pekarnasrnin.cz\/en\/wp-json\/wp\/v2\/users\/1"}],"replies":[{"embeddable":true,"href":"https:\/\/www.pekarnasrnin.cz\/en\/wp-json\/wp\/v2\/comments?post=2419"}],"version-history":[{"count":2,"href":"https:\/\/www.pekarnasrnin.cz\/en\/wp-json\/wp\/v2\/pages\/2419\/revisions"}],"predecessor-version":[{"id":2430,"href":"https:\/\/www.pekarnasrnin.cz\/en\/wp-json\/wp\/v2\/pages\/2419\/revisions\/2430"}],"wp:attachment":[{"href":"https:\/\/www.pekarnasrnin.cz\/en\/wp-json\/wp\/v2\/media?parent=2419"}],"curies":[{"name":"wp","href":"https:\/\/api.w.org\/{rel}","templated":true}]}}