{"id":2421,"date":"2021-08-23T14:32:06","date_gmt":"2021-08-23T12:32:06","guid":{"rendered":"https:\/\/www.pekarnasrnin.cz\/mrazene\/"},"modified":"2022-05-11T15:50:26","modified_gmt":"2022-05-11T13:50:26","slug":"frozen","status":"publish","type":"page","link":"https:\/\/www.pekarnasrnin.cz\/en\/frozen\/","title":{"rendered":"Frozen"},"content":{"rendered":"<div class=\"wpb-content-wrapper\"><p>[vc_row][vc_column width=&#8221;1\/3&#8243; el_id=&#8221;sloupec&#8221;][vc_column_text]<a href=\"https:\/\/www.pekarnasrnin.cz\/en\/kategorie-produktu\/sweet\/\"><img loading=\"lazy\" decoding=\"async\" class=\"aligncenter wp-image-1195 size-full\" src=\"http:\/\/www.pekarnasrnin.cz\/wp-content\/uploads\/2021\/10\/4494_Muffin-s-vanilkovou-prichuti_55g_4m_24h.jpeg\" alt=\"\" width=\"756\" height=\"756\" srcset=\"https:\/\/www.pekarnasrnin.cz\/wp-content\/uploads\/2021\/10\/4494_Muffin-s-vanilkovou-prichuti_55g_4m_24h.jpeg 756w, https:\/\/www.pekarnasrnin.cz\/wp-content\/uploads\/2021\/10\/4494_Muffin-s-vanilkovou-prichuti_55g_4m_24h-300x300.jpeg 300w, https:\/\/www.pekarnasrnin.cz\/wp-content\/uploads\/2021\/10\/4494_Muffin-s-vanilkovou-prichuti_55g_4m_24h-150x150.jpeg 150w, https:\/\/www.pekarnasrnin.cz\/wp-content\/uploads\/2021\/10\/4494_Muffin-s-vanilkovou-prichuti_55g_4m_24h-420x420.jpeg 420w, https:\/\/www.pekarnasrnin.cz\/wp-content\/uploads\/2021\/10\/4494_Muffin-s-vanilkovou-prichuti_55g_4m_24h-600x600.jpeg 600w, https:\/\/www.pekarnasrnin.cz\/wp-content\/uploads\/2021\/10\/4494_Muffin-s-vanilkovou-prichuti_55g_4m_24h-100x100.jpeg 100w\" sizes=\"auto, (max-width: 756px) 100vw, 756px\" \/><\/a><\/p>\n<h2 style=\"text-align: center;\">Sweet<\/h2>\n<p>[\/vc_column_text]<a href=\"https:\/\/www.pekarnasrnin.cz\/en\/kategorie-produktu\/sweet\/\" class=\"wh-alt-button-2 vc_custom_1650898115875 tlacitkonastred scp_theme_button-8b10201fd81458c084194d4db4ef622d\">SHOW PRODUCTS<\/a>[\/vc_column][vc_column width=&#8221;1\/3&#8243; el_id=&#8221;sloupec&#8221;][vc_column_text]<a href=\"https:\/\/www.pekarnasrnin.cz\/en\/kategorie-produktu\/savoury-en\/\"><img loading=\"lazy\" decoding=\"async\" class=\"aligncenter wp-image-1200 size-full\" src=\"http:\/\/www.pekarnasrnin.cz\/wp-content\/uploads\/2021\/10\/4269_Celozrnna-houska_60g_4m_24h.jpeg\" alt=\"\" width=\"756\" height=\"756\" srcset=\"https:\/\/www.pekarnasrnin.cz\/wp-content\/uploads\/2021\/10\/4269_Celozrnna-houska_60g_4m_24h.jpeg 756w, https:\/\/www.pekarnasrnin.cz\/wp-content\/uploads\/2021\/10\/4269_Celozrnna-houska_60g_4m_24h-300x300.jpeg 300w, https:\/\/www.pekarnasrnin.cz\/wp-content\/uploads\/2021\/10\/4269_Celozrnna-houska_60g_4m_24h-150x150.jpeg 150w, https:\/\/www.pekarnasrnin.cz\/wp-content\/uploads\/2021\/10\/4269_Celozrnna-houska_60g_4m_24h-420x420.jpeg 420w, https:\/\/www.pekarnasrnin.cz\/wp-content\/uploads\/2021\/10\/4269_Celozrnna-houska_60g_4m_24h-600x600.jpeg 600w, https:\/\/www.pekarnasrnin.cz\/wp-content\/uploads\/2021\/10\/4269_Celozrnna-houska_60g_4m_24h-100x100.jpeg 100w\" sizes=\"auto, (max-width: 756px) 100vw, 756px\" \/><\/a><\/p>\n<h2 style=\"text-align: center;\">Savoury<\/h2>\n<p>[\/vc_column_text]<a href=\"https:\/\/www.pekarnasrnin.cz\/en\/kategorie-produktu\/savoury-en\/\" class=\"wh-alt-button-2 vc_custom_1650898127707 tlacitkonastred scp_theme_button-a6851780ea9d7001763e072660372880\">SHOW PRODUCTS<\/a>[\/vc_column][vc_column width=&#8221;1\/3&#8243; el_id=&#8221;sloupec&#8221;][\/vc_column][\/vc_row]<\/p>\n<\/div>","protected":false},"excerpt":{"rendered":"<p>[vc_row][vc_column width=&#8221;1\/3&#8243; el_id=&#8221;sloupec&#8221;][vc_column_text] Sweet [\/vc_column_text][\/vc_column][vc_column width=&#8221;1\/3&#8243; el_id=&#8221;sloupec&#8221;][vc_column_text] Savoury [\/vc_column_text][\/vc_column][vc_column width=&#8221;1\/3&#8243; el_id=&#8221;sloupec&#8221;][\/vc_column][\/vc_row]<\/p>\n","protected":false},"author":1,"featured_media":0,"parent":0,"menu_order":0,"comment_status":"closed","ping_status":"closed","template":"","meta":{"_monsterinsights_skip_tracking":false,"_monsterinsights_sitenote_active":false,"_monsterinsights_sitenote_note":"","_monsterinsights_sitenote_category":0,"footnotes":""},"class_list":["post-2421","page","type-page","status-publish","hentry","odd"],"yoast_head":"<!-- This site is optimized with the Yoast SEO plugin v17.7.1 - https:\/\/yoast.com\/wordpress\/plugins\/seo\/ -->\n<title>Frozen | Pek\u00e1rna Srn\u00edn<\/title>\n<meta name=\"description\" content=\"We follow the best traditions of true bakery craftsmanship. Every daywe prepare a wide range of bakery and patisserie products for you.\" \/>\n<meta name=\"robots\" content=\"index, follow, max-snippet:-1, max-image-preview:large, max-video-preview:-1\" \/>\n<link rel=\"canonical\" href=\"https:\/\/www.pekarnasrnin.cz\/en\/frozen\/\" \/>\n<meta property=\"og:locale\" content=\"en_US\" \/>\n<meta property=\"og:type\" content=\"article\" \/>\n<meta property=\"og:title\" content=\"Frozen | Pek\u00e1rna Srn\u00edn\" \/>\n<meta property=\"og:description\" content=\"We follow the best traditions of true bakery craftsmanship. Every daywe prepare a wide range of bakery and patisserie products for you.\" \/>\n<meta property=\"og:url\" content=\"https:\/\/www.pekarnasrnin.cz\/en\/frozen\/\" \/>\n<meta property=\"og:site_name\" content=\"Pek\u00e1rna Srn\u00edn\" \/>\n<meta property=\"article:publisher\" content=\"https:\/\/www.facebook.com\/pekarnasrnin\/\" \/>\n<meta property=\"article:modified_time\" content=\"2022-05-11T13:50:26+00:00\" \/>\n<meta property=\"og:image\" content=\"https:\/\/www.pekarnasrnin.cz\/wp-content\/uploads\/2021\/06\/pekarna-srnin-img.jpg\" \/>\n\t<meta property=\"og:image:width\" content=\"1920\" \/>\n\t<meta property=\"og:image:height\" content=\"645\" \/>\n<meta name=\"twitter:card\" content=\"summary_large_image\" \/>\n<meta name=\"twitter:label1\" content=\"Est. reading time\" \/>\n\t<meta name=\"twitter:data1\" content=\"1 minute\" \/>\n<script type=\"application\/ld+json\" class=\"yoast-schema-graph\">{\"@context\":\"https:\/\/schema.org\",\"@graph\":[{\"@type\":\"Organization\",\"@id\":\"https:\/\/www.pekarnasrnin.cz\/#organization\",\"name\":\"Pek\\u00e1rna Srn\\u00edn\",\"url\":\"https:\/\/www.pekarnasrnin.cz\/\",\"sameAs\":[\"https:\/\/www.facebook.com\/pekarnasrnin\/\"],\"logo\":{\"@type\":\"ImageObject\",\"@id\":\"https:\/\/www.pekarnasrnin.cz\/#logo\",\"inLanguage\":\"en-US\",\"url\":\"http:\/\/www.pekarnasrnin.cz\/wp-content\/uploads\/2021\/06\/pekarna-srnin-logo.png\",\"contentUrl\":\"http:\/\/www.pekarnasrnin.cz\/wp-content\/uploads\/2021\/06\/pekarna-srnin-logo.png\",\"width\":172,\"height\":182,\"caption\":\"Pek\\u00e1rna Srn\\u00edn\"},\"image\":{\"@id\":\"https:\/\/www.pekarnasrnin.cz\/#logo\"}},{\"@type\":\"WebSite\",\"@id\":\"https:\/\/www.pekarnasrnin.cz\/#website\",\"url\":\"https:\/\/www.pekarnasrnin.cz\/\",\"name\":\"Pek\\u00e1rna Srn\\u00edn\",\"description\":\"navazujeme na poctiv\\u00e9 peka\\u0159sk\\u00e9 \\u0159emeslo\",\"publisher\":{\"@id\":\"https:\/\/www.pekarnasrnin.cz\/#organization\"},\"potentialAction\":[{\"@type\":\"SearchAction\",\"target\":{\"@type\":\"EntryPoint\",\"urlTemplate\":\"https:\/\/www.pekarnasrnin.cz\/?s={search_term_string}\"},\"query-input\":\"required name=search_term_string\"}],\"inLanguage\":\"en-US\"},{\"@type\":\"ImageObject\",\"@id\":\"https:\/\/www.pekarnasrnin.cz\/en\/frozen\/#primaryimage\",\"inLanguage\":\"en-US\",\"url\":\"https:\/\/www.pekarnasrnin.cz\/wp-content\/uploads\/2021\/06\/pekarna-srnin-img.jpg\",\"contentUrl\":\"https:\/\/www.pekarnasrnin.cz\/wp-content\/uploads\/2021\/06\/pekarna-srnin-img.jpg\",\"width\":1920,\"height\":645},{\"@type\":\"WebPage\",\"@id\":\"https:\/\/www.pekarnasrnin.cz\/en\/frozen\/#webpage\",\"url\":\"https:\/\/www.pekarnasrnin.cz\/en\/frozen\/\",\"name\":\"Frozen | Pek\\u00e1rna Srn\\u00edn\",\"isPartOf\":{\"@id\":\"https:\/\/www.pekarnasrnin.cz\/#website\"},\"primaryImageOfPage\":{\"@id\":\"https:\/\/www.pekarnasrnin.cz\/en\/frozen\/#primaryimage\"},\"datePublished\":\"2021-08-23T12:32:06+00:00\",\"dateModified\":\"2022-05-11T13:50:26+00:00\",\"description\":\"We follow the best traditions of true bakery craftsmanship. Every daywe prepare a wide range of bakery and patisserie products for you.\",\"breadcrumb\":{\"@id\":\"https:\/\/www.pekarnasrnin.cz\/en\/frozen\/#breadcrumb\"},\"inLanguage\":\"en-US\",\"potentialAction\":[{\"@type\":\"ReadAction\",\"target\":[\"https:\/\/www.pekarnasrnin.cz\/en\/frozen\/\"]}]},{\"@type\":\"BreadcrumbList\",\"@id\":\"https:\/\/www.pekarnasrnin.cz\/en\/frozen\/#breadcrumb\",\"itemListElement\":[{\"@type\":\"ListItem\",\"position\":1,\"name\":\"Dom\\u016f\",\"item\":\"https:\/\/www.pekarnasrnin.cz\/en\/\"},{\"@type\":\"ListItem\",\"position\":2,\"name\":\"Frozen\"}]}]}<\/script>\n<!-- \/ Yoast SEO plugin. -->","yoast_head_json":{"title":"Frozen | Pek\u00e1rna Srn\u00edn","description":"We follow the best traditions of true bakery craftsmanship. Every daywe prepare a wide range of bakery and patisserie products for you.","robots":{"index":"index","follow":"follow","max-snippet":"max-snippet:-1","max-image-preview":"max-image-preview:large","max-video-preview":"max-video-preview:-1"},"canonical":"https:\/\/www.pekarnasrnin.cz\/en\/frozen\/","og_locale":"en_US","og_type":"article","og_title":"Frozen | Pek\u00e1rna Srn\u00edn","og_description":"We follow the best traditions of true bakery craftsmanship. Every daywe prepare a wide range of bakery and patisserie products for you.","og_url":"https:\/\/www.pekarnasrnin.cz\/en\/frozen\/","og_site_name":"Pek\u00e1rna Srn\u00edn","article_publisher":"https:\/\/www.facebook.com\/pekarnasrnin\/","article_modified_time":"2022-05-11T13:50:26+00:00","og_image":[{"width":1920,"height":645,"url":"https:\/\/www.pekarnasrnin.cz\/wp-content\/uploads\/2021\/06\/pekarna-srnin-img.jpg","type":"image\/jpeg"}],"twitter_card":"summary_large_image","twitter_misc":{"Est. reading time":"1 minute"},"schema":{"@context":"https:\/\/schema.org","@graph":[{"@type":"Organization","@id":"https:\/\/www.pekarnasrnin.cz\/#organization","name":"Pek\u00e1rna Srn\u00edn","url":"https:\/\/www.pekarnasrnin.cz\/","sameAs":["https:\/\/www.facebook.com\/pekarnasrnin\/"],"logo":{"@type":"ImageObject","@id":"https:\/\/www.pekarnasrnin.cz\/#logo","inLanguage":"en-US","url":"http:\/\/www.pekarnasrnin.cz\/wp-content\/uploads\/2021\/06\/pekarna-srnin-logo.png","contentUrl":"http:\/\/www.pekarnasrnin.cz\/wp-content\/uploads\/2021\/06\/pekarna-srnin-logo.png","width":172,"height":182,"caption":"Pek\u00e1rna Srn\u00edn"},"image":{"@id":"https:\/\/www.pekarnasrnin.cz\/#logo"}},{"@type":"WebSite","@id":"https:\/\/www.pekarnasrnin.cz\/#website","url":"https:\/\/www.pekarnasrnin.cz\/","name":"Pek\u00e1rna Srn\u00edn","description":"navazujeme na poctiv\u00e9 peka\u0159sk\u00e9 \u0159emeslo","publisher":{"@id":"https:\/\/www.pekarnasrnin.cz\/#organization"},"potentialAction":[{"@type":"SearchAction","target":{"@type":"EntryPoint","urlTemplate":"https:\/\/www.pekarnasrnin.cz\/?s={search_term_string}"},"query-input":"required name=search_term_string"}],"inLanguage":"en-US"},{"@type":"ImageObject","@id":"https:\/\/www.pekarnasrnin.cz\/en\/frozen\/#primaryimage","inLanguage":"en-US","url":"https:\/\/www.pekarnasrnin.cz\/wp-content\/uploads\/2021\/06\/pekarna-srnin-img.jpg","contentUrl":"https:\/\/www.pekarnasrnin.cz\/wp-content\/uploads\/2021\/06\/pekarna-srnin-img.jpg","width":1920,"height":645},{"@type":"WebPage","@id":"https:\/\/www.pekarnasrnin.cz\/en\/frozen\/#webpage","url":"https:\/\/www.pekarnasrnin.cz\/en\/frozen\/","name":"Frozen | Pek\u00e1rna Srn\u00edn","isPartOf":{"@id":"https:\/\/www.pekarnasrnin.cz\/#website"},"primaryImageOfPage":{"@id":"https:\/\/www.pekarnasrnin.cz\/en\/frozen\/#primaryimage"},"datePublished":"2021-08-23T12:32:06+00:00","dateModified":"2022-05-11T13:50:26+00:00","description":"We follow the best traditions of true bakery craftsmanship. Every daywe prepare a wide range of bakery and patisserie products for you.","breadcrumb":{"@id":"https:\/\/www.pekarnasrnin.cz\/en\/frozen\/#breadcrumb"},"inLanguage":"en-US","potentialAction":[{"@type":"ReadAction","target":["https:\/\/www.pekarnasrnin.cz\/en\/frozen\/"]}]},{"@type":"BreadcrumbList","@id":"https:\/\/www.pekarnasrnin.cz\/en\/frozen\/#breadcrumb","itemListElement":[{"@type":"ListItem","position":1,"name":"Dom\u016f","item":"https:\/\/www.pekarnasrnin.cz\/en\/"},{"@type":"ListItem","position":2,"name":"Frozen"}]}]}},"_links":{"self":[{"href":"https:\/\/www.pekarnasrnin.cz\/en\/wp-json\/wp\/v2\/pages\/2421","targetHints":{"allow":["GET"]}}],"collection":[{"href":"https:\/\/www.pekarnasrnin.cz\/en\/wp-json\/wp\/v2\/pages"}],"about":[{"href":"https:\/\/www.pekarnasrnin.cz\/en\/wp-json\/wp\/v2\/types\/page"}],"author":[{"embeddable":true,"href":"https:\/\/www.pekarnasrnin.cz\/en\/wp-json\/wp\/v2\/users\/1"}],"replies":[{"embeddable":true,"href":"https:\/\/www.pekarnasrnin.cz\/en\/wp-json\/wp\/v2\/comments?post=2421"}],"version-history":[{"count":2,"href":"https:\/\/www.pekarnasrnin.cz\/en\/wp-json\/wp\/v2\/pages\/2421\/revisions"}],"predecessor-version":[{"id":2434,"href":"https:\/\/www.pekarnasrnin.cz\/en\/wp-json\/wp\/v2\/pages\/2421\/revisions\/2434"}],"wp:attachment":[{"href":"https:\/\/www.pekarnasrnin.cz\/en\/wp-json\/wp\/v2\/media?parent=2421"}],"curies":[{"name":"wp","href":"https:\/\/api.w.org\/{rel}","templated":true}]}}