{"id":2456,"date":"2021-11-04T13:27:30","date_gmt":"2021-11-04T12:27:30","guid":{"rendered":"https:\/\/www.pekarnasrnin.cz\/alergeny-a-slozeni\/"},"modified":"2022-04-26T13:02:27","modified_gmt":"2022-04-26T11:02:27","slug":"allergens-and-ingredients","status":"publish","type":"page","link":"https:\/\/www.pekarnasrnin.cz\/en\/allergens-and-ingredients\/","title":{"rendered":"Allergens and ingredients"},"content":{"rendered":"<div class=\"wpb-content-wrapper\"><p>[vc_row el_id=&#8221;produkty&#8221;][vc_column][vc_column_text css=&#8221;.vc_custom_1650970944438{padding-top: 35px !important;}&#8221;]<a href=\"https:\/\/www.pekarnasrnin.cz\/en\/story\/\"><span style=\"color: #daba84;\">OUR STORY<\/span>\u00a0<\/a> \u00a0 <span style=\"color: #daba84;\">&gt;<\/span>\u00a0 \u00a0<span style=\"color: #6b3c0a;\">ALLERGENS AND INGREDIENTS<\/span>[\/vc_column_text][vc_column_text]<\/p>\n<h2 style=\"text-align: center; font-size: 48px; font-family: 'Microbrew'!important; color: #6b3c0a;\">Allergens and ingredients<\/h2>\n<p>[\/vc_column_text][vc_column_text]<img loading=\"lazy\" decoding=\"async\" class=\"aligncenter size-full wp-image-636\" src=\"http:\/\/www.pekarnasrnin.cz\/wp-content\/uploads\/2021\/06\/oddelovac-nas-pribeh.png\" alt=\"\" width=\"566\" height=\"19\" srcset=\"https:\/\/www.pekarnasrnin.cz\/wp-content\/uploads\/2021\/06\/oddelovac-nas-pribeh.png 566w, https:\/\/www.pekarnasrnin.cz\/wp-content\/uploads\/2021\/06\/oddelovac-nas-pribeh-300x10.png 300w\" sizes=\"auto, (max-width: 566px) 100vw, 566px\" \/>[\/vc_column_text][\/vc_column][\/vc_row][vc_row css=&#8221;.vc_custom_1636029147254{margin-bottom: 25px !important;}&#8221;][vc_column width=&#8221;1\/3&#8243;][vc_separator color=&#8221;custom&#8221; border_width=&#8221;4&#8243; accent_color=&#8221;#6b3c0a&#8221; css=&#8221;.vc_custom_1636028388282{margin-bottom: 0px !important;}&#8221;]\t\t<div class=\"wh-content-box vc_custom_1636028456240  scp_content_box-ce9370e961dd1adcc7db7b2d1b1a03e0\">\r\n\t\t\t\t\t\t\t\t\t\t\t\t[vc_column_text]<\/p>\n<h2>Slo\u017een\u00ed mra\u017een\u00fdch v\u00fdrobk\u016f Pek\u00e1rny Srn\u00edn<\/h2>\n<p>[\/vc_column_text]<a href=\"http:\/\/www.pekarnasrnin.cz\/wp-content\/uploads\/2021\/11\/Celkove-slozeni-vyrobku-mrazene-2021.pdf\" class=\"wh-alt-button-2  scp_theme_button-c9fea8c197f997aea9c8e2308760ee26\" target=\"_blank\">ZOBRAZIT<\/a>\t\t<\/div>\r\n\t\t[\/vc_column][vc_column width=&#8221;1\/3&#8243;][vc_separator color=&#8221;custom&#8221; border_width=&#8221;4&#8243; accent_color=&#8221;#6b3c0a&#8221; css=&#8221;.vc_custom_1636028388282{margin-bottom: 0px !important;}&#8221;]\t\t<div class=\"wh-content-box vc_custom_1636028456240  scp_content_box-ce9370e961dd1adcc7db7b2d1b1a03e0\">\r\n\t\t\t\t\t\t\t\t\t\t\t\t[vc_column_text]<\/p>\n<h2>Slo\u017een\u00ed pe\u010diva pek\u00e1rny Horn\u00ed Plan\u00e1<\/h2>\n<p>[\/vc_column_text]<a href=\"http:\/\/www.pekarnasrnin.cz\/wp-content\/uploads\/2021\/11\/Horni-Plana_slozeni-2021.pdf\" class=\"wh-alt-button-2  scp_theme_button-d3ea9baf8eaeee317bddc754da5d8004\" target=\"_blank\">ZOBRAZIT<\/a>\t\t<\/div>\r\n\t\t[\/vc_column][vc_column width=&#8221;1\/3&#8243;][vc_separator color=&#8221;custom&#8221; border_width=&#8221;4&#8243; accent_color=&#8221;#6b3c0a&#8221; css=&#8221;.vc_custom_1636028388282{margin-bottom: 0px !important;}&#8221;]\t\t<div class=\"wh-content-box vc_custom_1636028456240  scp_content_box-ce9370e961dd1adcc7db7b2d1b1a03e0\">\r\n\t\t\t\t\t\t\t\t\t\t\t\t[vc_column_text]<\/p>\n<h2>Slo\u017een\u00ed nebalen\u00fdch v\u00fdrobk\u016f Cukr\u00e1rny Srn\u00edn<\/h2>\n<p>[\/vc_column_text]<a href=\"http:\/\/www.pekarnasrnin.cz\/wp-content\/uploads\/2021\/11\/Slozeni-nebal.-vyr.-cukrarny-2021.pdf\" class=\"wh-alt-button-2  scp_theme_button-8d52fb3637afb6e70ac616774fc8935b\" target=\"_blank\">ZOBRAZIT<\/a>\t\t<\/div>\r\n\t\t[\/vc_column][\/vc_row][vc_row css=&#8221;.vc_custom_1636029130293{margin-bottom: 50px !important;}&#8221;][vc_column width=&#8221;1\/3&#8243;][vc_separator color=&#8221;custom&#8221; border_width=&#8221;4&#8243; accent_color=&#8221;#6b3c0a&#8221; css=&#8221;.vc_custom_1636028388282{margin-bottom: 0px !important;}&#8221;]\t\t<div class=\"wh-content-box vc_custom_1636028456240  scp_content_box-ce9370e961dd1adcc7db7b2d1b1a03e0\">\r\n\t\t\t\t\t\t\t\t\t\t\t\t[vc_column_text]<\/p>\n<h2>Slo\u017een\u00ed nebalen\u00fdch v\u00fdrobk\u016f Studen\u00e9 kuchyn\u011b Srn\u00edn<\/h2>\n<p>[\/vc_column_text]<a href=\"http:\/\/www.pekarnasrnin.cz\/wp-content\/uploads\/2021\/11\/Slozeni-nebalenych-lahudek-2021.pdf\" class=\"wh-alt-button-2  scp_theme_button-40970c3240e0853776f811486ad5d284\" target=\"_blank\">ZOBRAZIT<\/a>\t\t<\/div>\r\n\t\t[\/vc_column][vc_column width=&#8221;1\/3&#8243;][vc_separator color=&#8221;custom&#8221; border_width=&#8221;4&#8243; accent_color=&#8221;#6b3c0a&#8221; css=&#8221;.vc_custom_1636028388282{margin-bottom: 0px !important;}&#8221;]\t\t<div class=\"wh-content-box vc_custom_1636028456240  scp_content_box-ce9370e961dd1adcc7db7b2d1b1a03e0\">\r\n\t\t\t\t\t\t\t\t\t\t\t\t[vc_column_text]<\/p>\n<h2>Slo\u017een\u00ed nebalen\u00fdch v\u00fdrobk\u016f Pek\u00e1rny Srn\u00edn<\/h2>\n<p>[\/vc_column_text]<a href=\"http:\/\/www.pekarnasrnin.cz\/wp-content\/uploads\/2021\/11\/Slozeni-nebal.-vyr.-pekarny-2021.pdf\" class=\"wh-alt-button-2  scp_theme_button-eb9f50d98ae395b88f00e333f455dadf\" target=\"_blank\">ZOBRAZIT<\/a>\t\t<\/div>\r\n\t\t[\/vc_column][vc_column width=&#8221;1\/3&#8243;][\/vc_column][\/vc_row]<\/p>\n<\/div>","protected":false},"excerpt":{"rendered":"<p>[vc_row el_id=&#8221;produkty&#8221;][vc_column][vc_column_text css=&#8221;.vc_custom_1650970944438{padding-top: 35px !important;}&#8221;]OUR STORY\u00a0 \u00a0 &gt;\u00a0 \u00a0ALLERGENS AND INGREDIENTS[\/vc_column_text][vc_column_text] Allergens and ingredients [\/vc_column_text][vc_column_text][\/vc_column_text][\/vc_column][\/vc_row][vc_row css=&#8221;.vc_custom_1636029147254{margin-bottom: 25px !important;}&#8221;][vc_column width=&#8221;1\/3&#8243;][vc_separator color=&#8221;custom&#8221; border_width=&#8221;4&#8243; accent_color=&#8221;#6b3c0a&#8221; css=&#8221;.vc_custom_1636028388282{margin-bottom: 0px !important;}&#8221;][\/vc_column][vc_column width=&#8221;1\/3&#8243;][vc_separator color=&#8221;custom&#8221; border_width=&#8221;4&#8243; accent_color=&#8221;#6b3c0a&#8221; css=&#8221;.vc_custom_1636028388282{margin-bottom: 0px !important;}&#8221;][\/vc_column][vc_column width=&#8221;1\/3&#8243;][vc_separator color=&#8221;custom&#8221; border_width=&#8221;4&#8243; accent_color=&#8221;#6b3c0a&#8221; css=&#8221;.vc_custom_1636028388282{margin-bottom: 0px !important;}&#8221;][\/vc_column][\/vc_row][vc_row css=&#8221;.vc_custom_1636029130293{margin-bottom: 50px !important;}&#8221;][vc_column width=&#8221;1\/3&#8243;][vc_separator color=&#8221;custom&#8221; border_width=&#8221;4&#8243;&nbsp;<a href=\"https:\/\/www.pekarnasrnin.cz\/en\/allergens-and-ingredients\/\">&hellip;<\/a><\/p>\n","protected":false},"author":1,"featured_media":0,"parent":0,"menu_order":0,"comment_status":"closed","ping_status":"closed","template":"template-fullwidth.php","meta":{"_monsterinsights_skip_tracking":false,"_monsterinsights_sitenote_active":false,"_monsterinsights_sitenote_note":"","_monsterinsights_sitenote_category":0,"footnotes":""},"class_list":["post-2456","page","type-page","status-publish","hentry","odd"],"yoast_head":"<!-- This site is optimized with the Yoast SEO plugin v17.7.1 - https:\/\/yoast.com\/wordpress\/plugins\/seo\/ -->\n<title>Allergens and ingredients | Pek\u00e1rna Srn\u00edn<\/title>\n<meta name=\"robots\" content=\"index, follow, max-snippet:-1, max-image-preview:large, max-video-preview:-1\" \/>\n<link rel=\"canonical\" href=\"https:\/\/www.pekarnasrnin.cz\/en\/allergens-and-ingredients\/\" \/>\n<meta property=\"og:locale\" content=\"en_US\" \/>\n<meta property=\"og:type\" content=\"article\" \/>\n<meta property=\"og:title\" content=\"Allergens and ingredients | Pek\u00e1rna Srn\u00edn\" \/>\n<meta property=\"og:description\" content=\"[vc_row el_id=&#8221;produkty&#8221;][vc_column][vc_column_text css=&#8221;.vc_custom_1650970944438{padding-top: 35px !important;}&#8221;]OUR STORY\u00a0 \u00a0 &gt;\u00a0 \u00a0ALLERGENS AND INGREDIENTS[\/vc_column_text][vc_column_text] Allergens and ingredients [\/vc_column_text][vc_column_text][\/vc_column_text][\/vc_column][\/vc_row][vc_row css=&#8221;.vc_custom_1636029147254{margin-bottom: 25px !important;}&#8221;][vc_column width=&#8221;1\/3&#8243;][vc_separator color=&#8221;custom&#8221; border_width=&#8221;4&#8243; accent_color=&#8221;#6b3c0a&#8221; css=&#8221;.vc_custom_1636028388282{margin-bottom: 0px !important;}&#8221;][\/vc_column][vc_column width=&#8221;1\/3&#8243;][vc_separator color=&#8221;custom&#8221; border_width=&#8221;4&#8243; accent_color=&#8221;#6b3c0a&#8221; css=&#8221;.vc_custom_1636028388282{margin-bottom: 0px !important;}&#8221;][\/vc_column][vc_column width=&#8221;1\/3&#8243;][vc_separator color=&#8221;custom&#8221; border_width=&#8221;4&#8243; accent_color=&#8221;#6b3c0a&#8221; css=&#8221;.vc_custom_1636028388282{margin-bottom: 0px !important;}&#8221;][\/vc_column][\/vc_row][vc_row css=&#8221;.vc_custom_1636029130293{margin-bottom: 50px !important;}&#8221;][vc_column width=&#8221;1\/3&#8243;][vc_separator color=&#8221;custom&#8221; border_width=&#8221;4&#8243;&nbsp;&hellip;\" \/>\n<meta property=\"og:url\" content=\"https:\/\/www.pekarnasrnin.cz\/en\/allergens-and-ingredients\/\" \/>\n<meta property=\"og:site_name\" content=\"Pek\u00e1rna Srn\u00edn\" \/>\n<meta property=\"article:publisher\" content=\"https:\/\/www.facebook.com\/pekarnasrnin\/\" \/>\n<meta property=\"article:modified_time\" content=\"2022-04-26T11:02:27+00:00\" \/>\n<meta property=\"og:image\" content=\"http:\/\/www.pekarnasrnin.cz\/wp-content\/uploads\/2021\/06\/oddelovac-nas-pribeh.png\" \/>\n<meta name=\"twitter:card\" content=\"summary_large_image\" \/>\n<meta name=\"twitter:label1\" content=\"Est. reading time\" \/>\n\t<meta name=\"twitter:data1\" content=\"2 minutes\" \/>\n<script type=\"application\/ld+json\" class=\"yoast-schema-graph\">{\"@context\":\"https:\/\/schema.org\",\"@graph\":[{\"@type\":\"Organization\",\"@id\":\"https:\/\/www.pekarnasrnin.cz\/#organization\",\"name\":\"Pek\\u00e1rna Srn\\u00edn\",\"url\":\"https:\/\/www.pekarnasrnin.cz\/\",\"sameAs\":[\"https:\/\/www.facebook.com\/pekarnasrnin\/\"],\"logo\":{\"@type\":\"ImageObject\",\"@id\":\"https:\/\/www.pekarnasrnin.cz\/#logo\",\"inLanguage\":\"en-US\",\"url\":\"http:\/\/www.pekarnasrnin.cz\/wp-content\/uploads\/2021\/06\/pekarna-srnin-logo.png\",\"contentUrl\":\"http:\/\/www.pekarnasrnin.cz\/wp-content\/uploads\/2021\/06\/pekarna-srnin-logo.png\",\"width\":172,\"height\":182,\"caption\":\"Pek\\u00e1rna Srn\\u00edn\"},\"image\":{\"@id\":\"https:\/\/www.pekarnasrnin.cz\/#logo\"}},{\"@type\":\"WebSite\",\"@id\":\"https:\/\/www.pekarnasrnin.cz\/#website\",\"url\":\"https:\/\/www.pekarnasrnin.cz\/\",\"name\":\"Pek\\u00e1rna Srn\\u00edn\",\"description\":\"navazujeme na poctiv\\u00e9 peka\\u0159sk\\u00e9 \\u0159emeslo\",\"publisher\":{\"@id\":\"https:\/\/www.pekarnasrnin.cz\/#organization\"},\"potentialAction\":[{\"@type\":\"SearchAction\",\"target\":{\"@type\":\"EntryPoint\",\"urlTemplate\":\"https:\/\/www.pekarnasrnin.cz\/?s={search_term_string}\"},\"query-input\":\"required name=search_term_string\"}],\"inLanguage\":\"en-US\"},{\"@type\":\"ImageObject\",\"@id\":\"https:\/\/www.pekarnasrnin.cz\/en\/allergens-and-ingredients\/#primaryimage\",\"inLanguage\":\"en-US\",\"url\":\"http:\/\/www.pekarnasrnin.cz\/wp-content\/uploads\/2021\/06\/oddelovac-nas-pribeh.png\",\"contentUrl\":\"http:\/\/www.pekarnasrnin.cz\/wp-content\/uploads\/2021\/06\/oddelovac-nas-pribeh.png\"},{\"@type\":\"WebPage\",\"@id\":\"https:\/\/www.pekarnasrnin.cz\/en\/allergens-and-ingredients\/#webpage\",\"url\":\"https:\/\/www.pekarnasrnin.cz\/en\/allergens-and-ingredients\/\",\"name\":\"Allergens and ingredients | Pek\\u00e1rna Srn\\u00edn\",\"isPartOf\":{\"@id\":\"https:\/\/www.pekarnasrnin.cz\/#website\"},\"primaryImageOfPage\":{\"@id\":\"https:\/\/www.pekarnasrnin.cz\/en\/allergens-and-ingredients\/#primaryimage\"},\"datePublished\":\"2021-11-04T12:27:30+00:00\",\"dateModified\":\"2022-04-26T11:02:27+00:00\",\"breadcrumb\":{\"@id\":\"https:\/\/www.pekarnasrnin.cz\/en\/allergens-and-ingredients\/#breadcrumb\"},\"inLanguage\":\"en-US\",\"potentialAction\":[{\"@type\":\"ReadAction\",\"target\":[\"https:\/\/www.pekarnasrnin.cz\/en\/allergens-and-ingredients\/\"]}]},{\"@type\":\"BreadcrumbList\",\"@id\":\"https:\/\/www.pekarnasrnin.cz\/en\/allergens-and-ingredients\/#breadcrumb\",\"itemListElement\":[{\"@type\":\"ListItem\",\"position\":1,\"name\":\"Dom\\u016f\",\"item\":\"https:\/\/www.pekarnasrnin.cz\/en\/\"},{\"@type\":\"ListItem\",\"position\":2,\"name\":\"Allergens and ingredients\"}]}]}<\/script>\n<!-- \/ Yoast SEO plugin. -->","yoast_head_json":{"title":"Allergens and ingredients | Pek\u00e1rna Srn\u00edn","robots":{"index":"index","follow":"follow","max-snippet":"max-snippet:-1","max-image-preview":"max-image-preview:large","max-video-preview":"max-video-preview:-1"},"canonical":"https:\/\/www.pekarnasrnin.cz\/en\/allergens-and-ingredients\/","og_locale":"en_US","og_type":"article","og_title":"Allergens and ingredients | Pek\u00e1rna Srn\u00edn","og_description":"[vc_row el_id=&#8221;produkty&#8221;][vc_column][vc_column_text css=&#8221;.vc_custom_1650970944438{padding-top: 35px !important;}&#8221;]OUR STORY\u00a0 \u00a0 &gt;\u00a0 \u00a0ALLERGENS AND INGREDIENTS[\/vc_column_text][vc_column_text] Allergens and ingredients [\/vc_column_text][vc_column_text][\/vc_column_text][\/vc_column][\/vc_row][vc_row css=&#8221;.vc_custom_1636029147254{margin-bottom: 25px !important;}&#8221;][vc_column width=&#8221;1\/3&#8243;][vc_separator color=&#8221;custom&#8221; border_width=&#8221;4&#8243; accent_color=&#8221;#6b3c0a&#8221; css=&#8221;.vc_custom_1636028388282{margin-bottom: 0px !important;}&#8221;][\/vc_column][vc_column width=&#8221;1\/3&#8243;][vc_separator color=&#8221;custom&#8221; border_width=&#8221;4&#8243; accent_color=&#8221;#6b3c0a&#8221; css=&#8221;.vc_custom_1636028388282{margin-bottom: 0px !important;}&#8221;][\/vc_column][vc_column width=&#8221;1\/3&#8243;][vc_separator color=&#8221;custom&#8221; border_width=&#8221;4&#8243; accent_color=&#8221;#6b3c0a&#8221; css=&#8221;.vc_custom_1636028388282{margin-bottom: 0px !important;}&#8221;][\/vc_column][\/vc_row][vc_row css=&#8221;.vc_custom_1636029130293{margin-bottom: 50px !important;}&#8221;][vc_column width=&#8221;1\/3&#8243;][vc_separator color=&#8221;custom&#8221; border_width=&#8221;4&#8243;&nbsp;&hellip;","og_url":"https:\/\/www.pekarnasrnin.cz\/en\/allergens-and-ingredients\/","og_site_name":"Pek\u00e1rna Srn\u00edn","article_publisher":"https:\/\/www.facebook.com\/pekarnasrnin\/","article_modified_time":"2022-04-26T11:02:27+00:00","og_image":[{"url":"http:\/\/www.pekarnasrnin.cz\/wp-content\/uploads\/2021\/06\/oddelovac-nas-pribeh.png"}],"twitter_card":"summary_large_image","twitter_misc":{"Est. reading time":"2 minutes"},"schema":{"@context":"https:\/\/schema.org","@graph":[{"@type":"Organization","@id":"https:\/\/www.pekarnasrnin.cz\/#organization","name":"Pek\u00e1rna Srn\u00edn","url":"https:\/\/www.pekarnasrnin.cz\/","sameAs":["https:\/\/www.facebook.com\/pekarnasrnin\/"],"logo":{"@type":"ImageObject","@id":"https:\/\/www.pekarnasrnin.cz\/#logo","inLanguage":"en-US","url":"http:\/\/www.pekarnasrnin.cz\/wp-content\/uploads\/2021\/06\/pekarna-srnin-logo.png","contentUrl":"http:\/\/www.pekarnasrnin.cz\/wp-content\/uploads\/2021\/06\/pekarna-srnin-logo.png","width":172,"height":182,"caption":"Pek\u00e1rna Srn\u00edn"},"image":{"@id":"https:\/\/www.pekarnasrnin.cz\/#logo"}},{"@type":"WebSite","@id":"https:\/\/www.pekarnasrnin.cz\/#website","url":"https:\/\/www.pekarnasrnin.cz\/","name":"Pek\u00e1rna Srn\u00edn","description":"navazujeme na poctiv\u00e9 peka\u0159sk\u00e9 \u0159emeslo","publisher":{"@id":"https:\/\/www.pekarnasrnin.cz\/#organization"},"potentialAction":[{"@type":"SearchAction","target":{"@type":"EntryPoint","urlTemplate":"https:\/\/www.pekarnasrnin.cz\/?s={search_term_string}"},"query-input":"required name=search_term_string"}],"inLanguage":"en-US"},{"@type":"ImageObject","@id":"https:\/\/www.pekarnasrnin.cz\/en\/allergens-and-ingredients\/#primaryimage","inLanguage":"en-US","url":"http:\/\/www.pekarnasrnin.cz\/wp-content\/uploads\/2021\/06\/oddelovac-nas-pribeh.png","contentUrl":"http:\/\/www.pekarnasrnin.cz\/wp-content\/uploads\/2021\/06\/oddelovac-nas-pribeh.png"},{"@type":"WebPage","@id":"https:\/\/www.pekarnasrnin.cz\/en\/allergens-and-ingredients\/#webpage","url":"https:\/\/www.pekarnasrnin.cz\/en\/allergens-and-ingredients\/","name":"Allergens and ingredients | Pek\u00e1rna Srn\u00edn","isPartOf":{"@id":"https:\/\/www.pekarnasrnin.cz\/#website"},"primaryImageOfPage":{"@id":"https:\/\/www.pekarnasrnin.cz\/en\/allergens-and-ingredients\/#primaryimage"},"datePublished":"2021-11-04T12:27:30+00:00","dateModified":"2022-04-26T11:02:27+00:00","breadcrumb":{"@id":"https:\/\/www.pekarnasrnin.cz\/en\/allergens-and-ingredients\/#breadcrumb"},"inLanguage":"en-US","potentialAction":[{"@type":"ReadAction","target":["https:\/\/www.pekarnasrnin.cz\/en\/allergens-and-ingredients\/"]}]},{"@type":"BreadcrumbList","@id":"https:\/\/www.pekarnasrnin.cz\/en\/allergens-and-ingredients\/#breadcrumb","itemListElement":[{"@type":"ListItem","position":1,"name":"Dom\u016f","item":"https:\/\/www.pekarnasrnin.cz\/en\/"},{"@type":"ListItem","position":2,"name":"Allergens and ingredients"}]}]}},"_links":{"self":[{"href":"https:\/\/www.pekarnasrnin.cz\/en\/wp-json\/wp\/v2\/pages\/2456","targetHints":{"allow":["GET"]}}],"collection":[{"href":"https:\/\/www.pekarnasrnin.cz\/en\/wp-json\/wp\/v2\/pages"}],"about":[{"href":"https:\/\/www.pekarnasrnin.cz\/en\/wp-json\/wp\/v2\/types\/page"}],"author":[{"embeddable":true,"href":"https:\/\/www.pekarnasrnin.cz\/en\/wp-json\/wp\/v2\/users\/1"}],"replies":[{"embeddable":true,"href":"https:\/\/www.pekarnasrnin.cz\/en\/wp-json\/wp\/v2\/comments?post=2456"}],"version-history":[{"count":2,"href":"https:\/\/www.pekarnasrnin.cz\/en\/wp-json\/wp\/v2\/pages\/2456\/revisions"}],"predecessor-version":[{"id":2458,"href":"https:\/\/www.pekarnasrnin.cz\/en\/wp-json\/wp\/v2\/pages\/2456\/revisions\/2458"}],"wp:attachment":[{"href":"https:\/\/www.pekarnasrnin.cz\/en\/wp-json\/wp\/v2\/media?parent=2456"}],"curies":[{"name":"wp","href":"https:\/\/api.w.org\/{rel}","templated":true}]}}